{"id":47306,"date":"2025-05-01T18:49:02","date_gmt":"2025-05-01T18:49:02","guid":{"rendered":"http:\/\/isoujewellery.com\/?post_type=product&#038;p=47306"},"modified":"2025-10-20T10:34:10","modified_gmt":"2025-10-20T07:34:10","slug":"jazzy-moderne-baget-serce-parmak-yuzuk","status":"publish","type":"product","link":"https:\/\/isoujewellery.com\/tr\/product\/jazzy-moderne-baget-serce-parmak-yuzuk\/","title":{"rendered":"Jazzy Moderne Baget Ser\u00e7e Parmak Y\u00fcz\u00fck"},"content":{"rendered":"<p>Modern tasar\u0131m\u0131n cesur bir kutlamas\u0131 olan Jazzy Moderne Baget Ser\u00e7e Parmak Y\u00fcz\u00fc\u011f\u00fc, BOW Koleksiyonu\u2019ndan mimari zarafet ile dikkat \u00e7ekici detaylar\u0131 bir araya getiriyor. 18 ayar alt\u0131ndan \u00fcretilen bu \u00e7arp\u0131c\u0131 tasar\u0131m, g\u00f6z al\u0131c\u0131 bir \u0131\u015f\u0131lt\u0131 sunan baget ve yuvarlak kesim p\u0131rlantalar\u0131n dinamik dizilimiyle \u00f6ne \u00e7\u0131k\u0131yor.<\/p>\n<p>Kal\u0131n y\u00fcz\u00fck band\u0131 ve a\u00e7\u0131k yap\u0131s\u0131, g\u00fc\u00e7 ve stil duygusunu yans\u0131t\u0131rken, ortada yer alan \u00f6zenle yerle\u015ftirilmi\u015f p\u0131rlanta silindirler tasar\u0131ma hareket ve oyun hissi kat\u0131yor. Ser\u00e7e parmak i\u00e7in tasarlanan bu y\u00fcz\u00fck, beklenmedik, cesur ve kesinlikle iddial\u0131 bir par\u00e7a, ki\u015fili\u011fini cesurca yans\u0131tmak isteyenler i\u00e7in m\u00fckemmel bir se\u00e7im.<\/p>\n","protected":false},"excerpt":{"rendered":"<p><strong data-start=\"53\" data-end=\"63\">Metal:<\/strong> 18 Ayar Beyaz ve Sar\u0131 Alt\u0131n (y\u00fcz\u00fck k\u0131sm\u0131 sar\u0131, ta\u015fl\u0131 b\u00f6l\u00fcm beyaz)<br data-start=\"129\" data-end=\"132\" \/><strong data-start=\"132\" data-end=\"143\">Ta\u015flar:<\/strong> P\u0131rlanta<br data-start=\"152\" data-end=\"155\" \/><strong data-start=\"155\" data-end=\"170\" data-is-only-node=\"\">P\u0131rlanta 1:<\/strong> 0.78ct. yuvarlak kesim, G\/VS<br data-start=\"199\" data-end=\"202\" \/><strong data-start=\"202\" data-end=\"217\">P\u0131rlanta 2:<\/strong> 0.85ct. baget kesim, G\/VS<br data-start=\"243\" data-end=\"246\" \/><strong data-start=\"246\" data-end=\"266\">Toplam P\u0131rlanta:<\/strong> 1.63ct.<\/p>\n","protected":false},"featured_media":47308,"comment_status":"open","ping_status":"closed","template":"","meta":{"_acf_changed":false},"product_brand":[234],"product_cat":[245,266],"product_tag":[],"class_list":{"0":"post-47306","1":"product","2":"type-product","3":"status-publish","4":"has-post-thumbnail","6":"product_brand-isou-jewellery","7":"product_cat-yuzuk","8":"product_cat-the-bow-koleksiyonu","11":"first","12":"instock","13":"featured","14":"taxable","15":"shipping-taxable","16":"purchasable","17":"product-type-variable"},"acf":[],"yoast_head":"<!-- This site is optimized with the Yoast SEO plugin v26.8 - https:\/\/yoast.com\/product\/yoast-seo-wordpress\/ -->\n<title>Jazzy Moderne Baget Ser\u00e7e Parmak Y\u00fcz\u00fck - ISOU<\/title>\n<meta name=\"robots\" content=\"index, follow, max-snippet:-1, max-image-preview:large, max-video-preview:-1\" \/>\n<link rel=\"canonical\" href=\"https:\/\/isoujewellery.com\/tr\/product\/jazzy-moderne-baget-serce-parmak-yuzuk\/\" \/>\n<meta property=\"og:locale\" content=\"tr_TR\" \/>\n<meta property=\"og:type\" content=\"article\" \/>\n<meta property=\"og:title\" content=\"Jazzy Moderne Baget Ser\u00e7e Parmak Y\u00fcz\u00fck - ISOU\" \/>\n<meta property=\"og:description\" content=\"Metal: 18 Ayar Beyaz ve Sar\u0131 Alt\u0131n (y\u00fcz\u00fck k\u0131sm\u0131 sar\u0131, ta\u015fl\u0131 b\u00f6l\u00fcm beyaz)Ta\u015flar: P\u0131rlantaP\u0131rlanta 1: 0.78ct. yuvarlak kesim, G\/VSP\u0131rlanta 2: 0.85ct. baget kesim, G\/VSToplam P\u0131rlanta: 1.63ct.\" \/>\n<meta property=\"og:url\" content=\"https:\/\/isoujewellery.com\/tr\/product\/jazzy-moderne-baget-serce-parmak-yuzuk\/\" \/>\n<meta property=\"og:site_name\" content=\"ISOU\" \/>\n<meta property=\"article:publisher\" content=\"https:\/\/www.facebook.com\/isoujewellery\/\" \/>\n<meta property=\"article:modified_time\" content=\"2025-10-20T07:34:10+00:00\" \/>\n<meta property=\"og:image\" content=\"https:\/\/isoujewellery.com\/wp-content\/uploads\/2025\/05\/TBF06_1-scaled.jpg\" \/>\n\t<meta property=\"og:image:width\" content=\"2560\" \/>\n\t<meta property=\"og:image:height\" content=\"2560\" \/>\n\t<meta property=\"og:image:type\" content=\"image\/jpeg\" \/>\n<meta name=\"twitter:card\" content=\"summary_large_image\" \/>\n<meta name=\"twitter:label1\" content=\"Tahmini okuma s\u00fcresi\" \/>\n\t<meta name=\"twitter:data1\" content=\"1 dakika\" \/>\n<script type=\"application\/ld+json\" class=\"yoast-schema-graph\">{\"@context\":\"https:\/\/schema.org\",\"@graph\":[{\"@type\":\"WebPage\",\"@id\":\"https:\/\/isoujewellery.com\/en\/product\/jazzy-moderne-baget-serce-parmak-yuzuk\/\",\"url\":\"https:\/\/isoujewellery.com\/en\/product\/jazzy-moderne-baget-serce-parmak-yuzuk\/\",\"name\":\"Jazzy Moderne Baget Ser\u00e7e Parmak Y\u00fcz\u00fck - ISOU\",\"isPartOf\":{\"@id\":\"https:\/\/isoujewellery.com\/en\/#website\"},\"primaryImageOfPage\":{\"@id\":\"https:\/\/isoujewellery.com\/en\/product\/jazzy-moderne-baget-serce-parmak-yuzuk\/#primaryimage\"},\"image\":{\"@id\":\"https:\/\/isoujewellery.com\/en\/product\/jazzy-moderne-baget-serce-parmak-yuzuk\/#primaryimage\"},\"thumbnailUrl\":\"https:\/\/isoujewellery.com\/wp-content\/uploads\/2025\/05\/TBF06_1-scaled.jpg\",\"datePublished\":\"2025-05-01T18:49:02+00:00\",\"dateModified\":\"2025-10-20T07:34:10+00:00\",\"breadcrumb\":{\"@id\":\"https:\/\/isoujewellery.com\/en\/product\/jazzy-moderne-baget-serce-parmak-yuzuk\/#breadcrumb\"},\"inLanguage\":\"tr\",\"potentialAction\":[{\"@type\":\"ReadAction\",\"target\":[\"https:\/\/isoujewellery.com\/en\/product\/jazzy-moderne-baget-serce-parmak-yuzuk\/\"]}]},{\"@type\":\"ImageObject\",\"inLanguage\":\"tr\",\"@id\":\"https:\/\/isoujewellery.com\/en\/product\/jazzy-moderne-baget-serce-parmak-yuzuk\/#primaryimage\",\"url\":\"https:\/\/isoujewellery.com\/wp-content\/uploads\/2025\/05\/TBF06_1-scaled.jpg\",\"contentUrl\":\"https:\/\/isoujewellery.com\/wp-content\/uploads\/2025\/05\/TBF06_1-scaled.jpg\",\"width\":2560,\"height\":2560},{\"@type\":\"BreadcrumbList\",\"@id\":\"https:\/\/isoujewellery.com\/en\/product\/jazzy-moderne-baget-serce-parmak-yuzuk\/#breadcrumb\",\"itemListElement\":[{\"@type\":\"ListItem\",\"position\":1,\"name\":\"Anasayfa\",\"item\":\"https:\/\/isoujewellery.com\/en\/\"},{\"@type\":\"ListItem\",\"position\":2,\"name\":\"Products\",\"item\":\"https:\/\/isoujewellery.com\/en\/shop\/\"},{\"@type\":\"ListItem\",\"position\":3,\"name\":\"Jazzy Moderne Baget Ser\u00e7e Parmak Y\u00fcz\u00fck\"}]},{\"@type\":\"WebSite\",\"@id\":\"https:\/\/isoujewellery.com\/en\/#website\",\"url\":\"https:\/\/isoujewellery.com\/en\/\",\"name\":\"ISOU\",\"description\":\"ISOU Jewellery | Aysu Korkmazoglu | \u0130stanbul\",\"publisher\":{\"@id\":\"https:\/\/isoujewellery.com\/en\/#organization\"},\"potentialAction\":[{\"@type\":\"SearchAction\",\"target\":{\"@type\":\"EntryPoint\",\"urlTemplate\":\"https:\/\/isoujewellery.com\/en\/?s={search_term_string}\"},\"query-input\":{\"@type\":\"PropertyValueSpecification\",\"valueRequired\":true,\"valueName\":\"search_term_string\"}}],\"inLanguage\":\"tr\"},{\"@type\":\"Organization\",\"@id\":\"https:\/\/isoujewellery.com\/en\/#organization\",\"name\":\"ISOU Jewellery\",\"url\":\"https:\/\/isoujewellery.com\/en\/\",\"logo\":{\"@type\":\"ImageObject\",\"inLanguage\":\"tr\",\"@id\":\"https:\/\/isoujewellery.com\/en\/#\/schema\/logo\/image\/\",\"url\":\"https:\/\/isoujewellery.com\/wp-content\/uploads\/2025\/04\/logo-isou-1.png\",\"contentUrl\":\"https:\/\/isoujewellery.com\/wp-content\/uploads\/2025\/04\/logo-isou-1.png\",\"width\":695,\"height\":184,\"caption\":\"ISOU Jewellery\"},\"image\":{\"@id\":\"https:\/\/isoujewellery.com\/en\/#\/schema\/logo\/image\/\"},\"sameAs\":[\"https:\/\/www.facebook.com\/isoujewellery\/\",\"https:\/\/www.instagram.com\/isoujewellery\/\",\"https:\/\/www.linkedin.com\/company\/isoujewellery\/\"]}]}<\/script>\n<!-- \/ Yoast SEO plugin. -->","yoast_head_json":{"title":"Jazzy Moderne Baget Ser\u00e7e Parmak Y\u00fcz\u00fck - ISOU","robots":{"index":"index","follow":"follow","max-snippet":"max-snippet:-1","max-image-preview":"max-image-preview:large","max-video-preview":"max-video-preview:-1"},"canonical":"https:\/\/isoujewellery.com\/tr\/product\/jazzy-moderne-baget-serce-parmak-yuzuk\/","og_locale":"tr_TR","og_type":"article","og_title":"Jazzy Moderne Baget Ser\u00e7e Parmak Y\u00fcz\u00fck - ISOU","og_description":"Metal: 18 Ayar Beyaz ve Sar\u0131 Alt\u0131n (y\u00fcz\u00fck k\u0131sm\u0131 sar\u0131, ta\u015fl\u0131 b\u00f6l\u00fcm beyaz)Ta\u015flar: P\u0131rlantaP\u0131rlanta 1: 0.78ct. yuvarlak kesim, G\/VSP\u0131rlanta 2: 0.85ct. baget kesim, G\/VSToplam P\u0131rlanta: 1.63ct.","og_url":"https:\/\/isoujewellery.com\/tr\/product\/jazzy-moderne-baget-serce-parmak-yuzuk\/","og_site_name":"ISOU","article_publisher":"https:\/\/www.facebook.com\/isoujewellery\/","article_modified_time":"2025-10-20T07:34:10+00:00","og_image":[{"width":2560,"height":2560,"url":"https:\/\/isoujewellery.com\/wp-content\/uploads\/2025\/05\/TBF06_1-scaled.jpg","type":"image\/jpeg"}],"twitter_card":"summary_large_image","twitter_misc":{"Tahmini okuma s\u00fcresi":"1 dakika"},"schema":{"@context":"https:\/\/schema.org","@graph":[{"@type":"WebPage","@id":"https:\/\/isoujewellery.com\/en\/product\/jazzy-moderne-baget-serce-parmak-yuzuk\/","url":"https:\/\/isoujewellery.com\/en\/product\/jazzy-moderne-baget-serce-parmak-yuzuk\/","name":"Jazzy Moderne Baget Ser\u00e7e Parmak Y\u00fcz\u00fck - ISOU","isPartOf":{"@id":"https:\/\/isoujewellery.com\/en\/#website"},"primaryImageOfPage":{"@id":"https:\/\/isoujewellery.com\/en\/product\/jazzy-moderne-baget-serce-parmak-yuzuk\/#primaryimage"},"image":{"@id":"https:\/\/isoujewellery.com\/en\/product\/jazzy-moderne-baget-serce-parmak-yuzuk\/#primaryimage"},"thumbnailUrl":"https:\/\/isoujewellery.com\/wp-content\/uploads\/2025\/05\/TBF06_1-scaled.jpg","datePublished":"2025-05-01T18:49:02+00:00","dateModified":"2025-10-20T07:34:10+00:00","breadcrumb":{"@id":"https:\/\/isoujewellery.com\/en\/product\/jazzy-moderne-baget-serce-parmak-yuzuk\/#breadcrumb"},"inLanguage":"tr","potentialAction":[{"@type":"ReadAction","target":["https:\/\/isoujewellery.com\/en\/product\/jazzy-moderne-baget-serce-parmak-yuzuk\/"]}]},{"@type":"ImageObject","inLanguage":"tr","@id":"https:\/\/isoujewellery.com\/en\/product\/jazzy-moderne-baget-serce-parmak-yuzuk\/#primaryimage","url":"https:\/\/isoujewellery.com\/wp-content\/uploads\/2025\/05\/TBF06_1-scaled.jpg","contentUrl":"https:\/\/isoujewellery.com\/wp-content\/uploads\/2025\/05\/TBF06_1-scaled.jpg","width":2560,"height":2560},{"@type":"BreadcrumbList","@id":"https:\/\/isoujewellery.com\/en\/product\/jazzy-moderne-baget-serce-parmak-yuzuk\/#breadcrumb","itemListElement":[{"@type":"ListItem","position":1,"name":"Anasayfa","item":"https:\/\/isoujewellery.com\/en\/"},{"@type":"ListItem","position":2,"name":"Products","item":"https:\/\/isoujewellery.com\/en\/shop\/"},{"@type":"ListItem","position":3,"name":"Jazzy Moderne Baget Ser\u00e7e Parmak Y\u00fcz\u00fck"}]},{"@type":"WebSite","@id":"https:\/\/isoujewellery.com\/en\/#website","url":"https:\/\/isoujewellery.com\/en\/","name":"ISOU","description":"ISOU Jewellery | Aysu Korkmazoglu | \u0130stanbul","publisher":{"@id":"https:\/\/isoujewellery.com\/en\/#organization"},"potentialAction":[{"@type":"SearchAction","target":{"@type":"EntryPoint","urlTemplate":"https:\/\/isoujewellery.com\/en\/?s={search_term_string}"},"query-input":{"@type":"PropertyValueSpecification","valueRequired":true,"valueName":"search_term_string"}}],"inLanguage":"tr"},{"@type":"Organization","@id":"https:\/\/isoujewellery.com\/en\/#organization","name":"ISOU Jewellery","url":"https:\/\/isoujewellery.com\/en\/","logo":{"@type":"ImageObject","inLanguage":"tr","@id":"https:\/\/isoujewellery.com\/en\/#\/schema\/logo\/image\/","url":"https:\/\/isoujewellery.com\/wp-content\/uploads\/2025\/04\/logo-isou-1.png","contentUrl":"https:\/\/isoujewellery.com\/wp-content\/uploads\/2025\/04\/logo-isou-1.png","width":695,"height":184,"caption":"ISOU Jewellery"},"image":{"@id":"https:\/\/isoujewellery.com\/en\/#\/schema\/logo\/image\/"},"sameAs":["https:\/\/www.facebook.com\/isoujewellery\/","https:\/\/www.instagram.com\/isoujewellery\/","https:\/\/www.linkedin.com\/company\/isoujewellery\/"]}]}},"jetpack_sharing_enabled":true,"_links":{"self":[{"href":"https:\/\/isoujewellery.com\/tr\/wp-json\/wp\/v2\/product\/47306","targetHints":{"allow":["GET"]}}],"collection":[{"href":"https:\/\/isoujewellery.com\/tr\/wp-json\/wp\/v2\/product"}],"about":[{"href":"https:\/\/isoujewellery.com\/tr\/wp-json\/wp\/v2\/types\/product"}],"replies":[{"embeddable":true,"href":"https:\/\/isoujewellery.com\/tr\/wp-json\/wp\/v2\/comments?post=47306"}],"version-history":[{"count":3,"href":"https:\/\/isoujewellery.com\/tr\/wp-json\/wp\/v2\/product\/47306\/revisions"}],"predecessor-version":[{"id":48095,"href":"https:\/\/isoujewellery.com\/tr\/wp-json\/wp\/v2\/product\/47306\/revisions\/48095"}],"wp:featuredmedia":[{"embeddable":true,"href":"https:\/\/isoujewellery.com\/tr\/wp-json\/wp\/v2\/media\/47308"}],"wp:attachment":[{"href":"https:\/\/isoujewellery.com\/tr\/wp-json\/wp\/v2\/media?parent=47306"}],"wp:term":[{"taxonomy":"product_brand","embeddable":true,"href":"https:\/\/isoujewellery.com\/tr\/wp-json\/wp\/v2\/product_brand?post=47306"},{"taxonomy":"product_cat","embeddable":true,"href":"https:\/\/isoujewellery.com\/tr\/wp-json\/wp\/v2\/product_cat?post=47306"},{"taxonomy":"product_tag","embeddable":true,"href":"https:\/\/isoujewellery.com\/tr\/wp-json\/wp\/v2\/product_tag?post=47306"}],"curies":[{"name":"wp","href":"https:\/\/api.w.org\/{rel}","templated":true}]}}