{"id":47756,"date":"2025-05-13T19:50:32","date_gmt":"2025-05-13T19:50:32","guid":{"rendered":"http:\/\/isoujewellery.com\/?post_type=product&#038;p=47756"},"modified":"2025-09-22T11:29:20","modified_gmt":"2025-09-22T08:29:20","slug":"hypnotic-pirlanta-axis-choker","status":"publish","type":"product","link":"https:\/\/isoujewellery.com\/en\/product\/hypnotic-pirlanta-axis-choker\/","title":{"rendered":"Hypnotic Diamond Axis Choker"},"content":{"rendered":"<p>One of the signature pieces of the Hypnose Collection, the Hypnotic Diamond Axis Choker stands out with its two fixed pear-cut diamonds placed on the axis of the design.<\/p>\n<p>Crafted from 18-karat gold, this modern choker creates elegant balance and a powerful focal point with its diamonds that perfectly reflect light from every angle.<\/p>\n<p>While it presents a strong stance on its own with its minimalist structure, it also harmonizes perfectly with the other pieces of the collection, becoming the axis of a modern and striking style.<\/p>","protected":false},"excerpt":{"rendered":"<p><strong data-start=\"0\" data-end=\"10\" data-is-only-node=\"\">Metal:<\/strong> 18 Carat Rose Gold and White Gold (thickness: 5 mm, back opening: Approximately 4\/5 cm; thanks to this spring allowance, it adapts to different neck sizes)<br data-start=\"165\" data-end=\"168\" \/><strong data-start=\"168\" data-end=\"179\">Stones:<\/strong> Diamond<br data-start=\"188\" data-end=\"191\" \/><strong data-start=\"191\" data-end=\"204\">Diamond:<\/strong> 1.76 carat pear cut, G\/VS<\/p>","protected":false},"featured_media":48321,"comment_status":"open","ping_status":"closed","template":"","meta":{"_acf_changed":false},"product_brand":[234],"product_cat":[246,218],"product_tag":[],"class_list":{"0":"post-47756","1":"product","2":"type-product","3":"status-publish","4":"has-post-thumbnail","6":"product_brand-isou-jewellery","7":"product_cat-kolye","8":"product_cat-hypnose","11":"first","12":"instock","13":"featured","14":"taxable","15":"shipping-taxable","16":"purchasable","17":"product-type-variable"},"acf":[],"yoast_head":"<!-- This site is optimized with the Yoast SEO plugin v26.8 - https:\/\/yoast.com\/product\/yoast-seo-wordpress\/ -->\n<title>Hypnotic P\u0131rlanta Axis Choker - ISOU<\/title>\n<meta name=\"robots\" content=\"index, follow, max-snippet:-1, max-image-preview:large, max-video-preview:-1\" \/>\n<link rel=\"canonical\" href=\"http:\/\/isoujewellery.com\/en\/product\/hypnotic-pirlanta-axis-choker\/\" \/>\n<meta property=\"og:locale\" content=\"en_US\" \/>\n<meta property=\"og:type\" content=\"article\" \/>\n<meta property=\"og:title\" content=\"Hypnotic P\u0131rlanta Axis Choker - ISOU\" \/>\n<meta property=\"og:description\" content=\"Metal: 18 Ayar Rose Alt\u0131n ve Beyaz Alt\u0131n (kal\u0131nl\u0131k: 5 mm, arka a\u00e7\u0131kl\u0131k: Yakla\u015f\u0131k 4\/5 cm aras\u0131d\u0131r; bu yaylanma pay\u0131 sayesinde farkl\u0131 boyun \u00f6l\u00e7\u00fclerine uyum sa\u011flar)Ta\u015flar: P\u0131rlantaP\u0131rlanta: 1.76 karat damla kesim, G\/VS\" \/>\n<meta property=\"og:url\" content=\"http:\/\/isoujewellery.com\/en\/product\/hypnotic-pirlanta-axis-choker\/\" \/>\n<meta property=\"og:site_name\" content=\"ISOU\" \/>\n<meta property=\"article:publisher\" content=\"https:\/\/www.facebook.com\/isoujewellery\/\" \/>\n<meta property=\"article:modified_time\" content=\"2025-09-22T08:29:20+00:00\" \/>\n<meta property=\"og:image\" content=\"http:\/\/isoujewellery.com\/wp-content\/uploads\/2025\/05\/HYPNOTIC-PIRLANTA-AXIS-CHOKER--scaled.jpg\" \/>\n\t<meta property=\"og:image:width\" content=\"2560\" \/>\n\t<meta property=\"og:image:height\" content=\"2560\" \/>\n\t<meta property=\"og:image:type\" content=\"image\/jpeg\" \/>\n<meta name=\"twitter:card\" content=\"summary_large_image\" \/>\n<meta name=\"twitter:label1\" content=\"Est. reading time\" \/>\n\t<meta name=\"twitter:data1\" content=\"1 minute\" \/>\n<script type=\"application\/ld+json\" class=\"yoast-schema-graph\">{\"@context\":\"https:\/\/schema.org\",\"@graph\":[{\"@type\":\"WebPage\",\"@id\":\"http:\/\/isoujewellery.com\/en\/product\/hypnotic-pirlanta-axis-choker\/\",\"url\":\"http:\/\/isoujewellery.com\/en\/product\/hypnotic-pirlanta-axis-choker\/\",\"name\":\"Hypnotic P\u0131rlanta Axis Choker - ISOU\",\"isPartOf\":{\"@id\":\"https:\/\/isoujewellery.com\/en\/#website\"},\"primaryImageOfPage\":{\"@id\":\"http:\/\/isoujewellery.com\/en\/product\/hypnotic-pirlanta-axis-choker\/#primaryimage\"},\"image\":{\"@id\":\"http:\/\/isoujewellery.com\/en\/product\/hypnotic-pirlanta-axis-choker\/#primaryimage\"},\"thumbnailUrl\":\"https:\/\/isoujewellery.com\/wp-content\/uploads\/2025\/05\/HYPNOTIC-PIRLANTA-AXIS-CHOKER--scaled.jpg\",\"datePublished\":\"2025-05-13T19:50:32+00:00\",\"dateModified\":\"2025-09-22T08:29:20+00:00\",\"breadcrumb\":{\"@id\":\"http:\/\/isoujewellery.com\/en\/product\/hypnotic-pirlanta-axis-choker\/#breadcrumb\"},\"inLanguage\":\"en-US\",\"potentialAction\":[{\"@type\":\"ReadAction\",\"target\":[\"http:\/\/isoujewellery.com\/en\/product\/hypnotic-pirlanta-axis-choker\/\"]}]},{\"@type\":\"ImageObject\",\"inLanguage\":\"en-US\",\"@id\":\"http:\/\/isoujewellery.com\/en\/product\/hypnotic-pirlanta-axis-choker\/#primaryimage\",\"url\":\"https:\/\/isoujewellery.com\/wp-content\/uploads\/2025\/05\/HYPNOTIC-PIRLANTA-AXIS-CHOKER--scaled.jpg\",\"contentUrl\":\"https:\/\/isoujewellery.com\/wp-content\/uploads\/2025\/05\/HYPNOTIC-PIRLANTA-AXIS-CHOKER--scaled.jpg\",\"width\":2560,\"height\":2560},{\"@type\":\"BreadcrumbList\",\"@id\":\"http:\/\/isoujewellery.com\/en\/product\/hypnotic-pirlanta-axis-choker\/#breadcrumb\",\"itemListElement\":[{\"@type\":\"ListItem\",\"position\":1,\"name\":\"Anasayfa\",\"item\":\"https:\/\/isoujewellery.com\/en\/\"},{\"@type\":\"ListItem\",\"position\":2,\"name\":\"Products\",\"item\":\"https:\/\/isoujewellery.com\/en\/shop\/\"},{\"@type\":\"ListItem\",\"position\":3,\"name\":\"Hypnotic P\u0131rlanta Axis Choker\"}]},{\"@type\":\"WebSite\",\"@id\":\"https:\/\/isoujewellery.com\/en\/#website\",\"url\":\"https:\/\/isoujewellery.com\/en\/\",\"name\":\"ISOU\",\"description\":\"ISOU Jewellery | Aysu Korkmazoglu | \u0130stanbul\",\"publisher\":{\"@id\":\"https:\/\/isoujewellery.com\/en\/#organization\"},\"potentialAction\":[{\"@type\":\"SearchAction\",\"target\":{\"@type\":\"EntryPoint\",\"urlTemplate\":\"https:\/\/isoujewellery.com\/en\/?s={search_term_string}\"},\"query-input\":{\"@type\":\"PropertyValueSpecification\",\"valueRequired\":true,\"valueName\":\"search_term_string\"}}],\"inLanguage\":\"en-US\"},{\"@type\":\"Organization\",\"@id\":\"https:\/\/isoujewellery.com\/en\/#organization\",\"name\":\"ISOU Jewellery\",\"url\":\"https:\/\/isoujewellery.com\/en\/\",\"logo\":{\"@type\":\"ImageObject\",\"inLanguage\":\"en-US\",\"@id\":\"https:\/\/isoujewellery.com\/en\/#\/schema\/logo\/image\/\",\"url\":\"https:\/\/isoujewellery.com\/wp-content\/uploads\/2025\/04\/logo-isou-1.png\",\"contentUrl\":\"https:\/\/isoujewellery.com\/wp-content\/uploads\/2025\/04\/logo-isou-1.png\",\"width\":695,\"height\":184,\"caption\":\"ISOU Jewellery\"},\"image\":{\"@id\":\"https:\/\/isoujewellery.com\/en\/#\/schema\/logo\/image\/\"},\"sameAs\":[\"https:\/\/www.facebook.com\/isoujewellery\/\",\"https:\/\/www.instagram.com\/isoujewellery\/\",\"https:\/\/www.linkedin.com\/company\/isoujewellery\/\"]}]}<\/script>\n<!-- \/ Yoast SEO plugin. -->","yoast_head_json":{"title":"Hypnotic P\u0131rlanta Axis Choker - ISOU","robots":{"index":"index","follow":"follow","max-snippet":"max-snippet:-1","max-image-preview":"max-image-preview:large","max-video-preview":"max-video-preview:-1"},"canonical":"http:\/\/isoujewellery.com\/en\/product\/hypnotic-pirlanta-axis-choker\/","og_locale":"en_US","og_type":"article","og_title":"Hypnotic P\u0131rlanta Axis Choker - ISOU","og_description":"Metal: 18 Ayar Rose Alt\u0131n ve Beyaz Alt\u0131n (kal\u0131nl\u0131k: 5 mm, arka a\u00e7\u0131kl\u0131k: Yakla\u015f\u0131k 4\/5 cm aras\u0131d\u0131r; bu yaylanma pay\u0131 sayesinde farkl\u0131 boyun \u00f6l\u00e7\u00fclerine uyum sa\u011flar)Ta\u015flar: P\u0131rlantaP\u0131rlanta: 1.76 karat damla kesim, G\/VS","og_url":"http:\/\/isoujewellery.com\/en\/product\/hypnotic-pirlanta-axis-choker\/","og_site_name":"ISOU","article_publisher":"https:\/\/www.facebook.com\/isoujewellery\/","article_modified_time":"2025-09-22T08:29:20+00:00","og_image":[{"width":2560,"height":2560,"url":"http:\/\/isoujewellery.com\/wp-content\/uploads\/2025\/05\/HYPNOTIC-PIRLANTA-AXIS-CHOKER--scaled.jpg","type":"image\/jpeg"}],"twitter_card":"summary_large_image","twitter_misc":{"Est. reading time":"1 minute"},"schema":{"@context":"https:\/\/schema.org","@graph":[{"@type":"WebPage","@id":"http:\/\/isoujewellery.com\/en\/product\/hypnotic-pirlanta-axis-choker\/","url":"http:\/\/isoujewellery.com\/en\/product\/hypnotic-pirlanta-axis-choker\/","name":"Hypnotic P\u0131rlanta Axis Choker - ISOU","isPartOf":{"@id":"https:\/\/isoujewellery.com\/en\/#website"},"primaryImageOfPage":{"@id":"http:\/\/isoujewellery.com\/en\/product\/hypnotic-pirlanta-axis-choker\/#primaryimage"},"image":{"@id":"http:\/\/isoujewellery.com\/en\/product\/hypnotic-pirlanta-axis-choker\/#primaryimage"},"thumbnailUrl":"https:\/\/isoujewellery.com\/wp-content\/uploads\/2025\/05\/HYPNOTIC-PIRLANTA-AXIS-CHOKER--scaled.jpg","datePublished":"2025-05-13T19:50:32+00:00","dateModified":"2025-09-22T08:29:20+00:00","breadcrumb":{"@id":"http:\/\/isoujewellery.com\/en\/product\/hypnotic-pirlanta-axis-choker\/#breadcrumb"},"inLanguage":"en-US","potentialAction":[{"@type":"ReadAction","target":["http:\/\/isoujewellery.com\/en\/product\/hypnotic-pirlanta-axis-choker\/"]}]},{"@type":"ImageObject","inLanguage":"en-US","@id":"http:\/\/isoujewellery.com\/en\/product\/hypnotic-pirlanta-axis-choker\/#primaryimage","url":"https:\/\/isoujewellery.com\/wp-content\/uploads\/2025\/05\/HYPNOTIC-PIRLANTA-AXIS-CHOKER--scaled.jpg","contentUrl":"https:\/\/isoujewellery.com\/wp-content\/uploads\/2025\/05\/HYPNOTIC-PIRLANTA-AXIS-CHOKER--scaled.jpg","width":2560,"height":2560},{"@type":"BreadcrumbList","@id":"http:\/\/isoujewellery.com\/en\/product\/hypnotic-pirlanta-axis-choker\/#breadcrumb","itemListElement":[{"@type":"ListItem","position":1,"name":"Anasayfa","item":"https:\/\/isoujewellery.com\/en\/"},{"@type":"ListItem","position":2,"name":"Products","item":"https:\/\/isoujewellery.com\/en\/shop\/"},{"@type":"ListItem","position":3,"name":"Hypnotic P\u0131rlanta Axis Choker"}]},{"@type":"WebSite","@id":"https:\/\/isoujewellery.com\/en\/#website","url":"https:\/\/isoujewellery.com\/en\/","name":"ISOU","description":"ISOU Jewellery | Aysu Korkmazoglu | Istanbul","publisher":{"@id":"https:\/\/isoujewellery.com\/en\/#organization"},"potentialAction":[{"@type":"SearchAction","target":{"@type":"EntryPoint","urlTemplate":"https:\/\/isoujewellery.com\/en\/?s={search_term_string}"},"query-input":{"@type":"PropertyValueSpecification","valueRequired":true,"valueName":"search_term_string"}}],"inLanguage":"en-US"},{"@type":"Organization","@id":"https:\/\/isoujewellery.com\/en\/#organization","name":"ISOU Jewelry","url":"https:\/\/isoujewellery.com\/en\/","logo":{"@type":"ImageObject","inLanguage":"en-US","@id":"https:\/\/isoujewellery.com\/en\/#\/schema\/logo\/image\/","url":"https:\/\/isoujewellery.com\/wp-content\/uploads\/2025\/04\/logo-isou-1.png","contentUrl":"https:\/\/isoujewellery.com\/wp-content\/uploads\/2025\/04\/logo-isou-1.png","width":695,"height":184,"caption":"ISOU Jewellery"},"image":{"@id":"https:\/\/isoujewellery.com\/en\/#\/schema\/logo\/image\/"},"sameAs":["https:\/\/www.facebook.com\/isoujewellery\/","https:\/\/www.instagram.com\/isoujewellery\/","https:\/\/www.linkedin.com\/company\/isoujewellery\/"]}]}},"jetpack_sharing_enabled":true,"_links":{"self":[{"href":"https:\/\/isoujewellery.com\/en\/wp-json\/wp\/v2\/product\/47756","targetHints":{"allow":["GET"]}}],"collection":[{"href":"https:\/\/isoujewellery.com\/en\/wp-json\/wp\/v2\/product"}],"about":[{"href":"https:\/\/isoujewellery.com\/en\/wp-json\/wp\/v2\/types\/product"}],"replies":[{"embeddable":true,"href":"https:\/\/isoujewellery.com\/en\/wp-json\/wp\/v2\/comments?post=47756"}],"version-history":[{"count":5,"href":"https:\/\/isoujewellery.com\/en\/wp-json\/wp\/v2\/product\/47756\/revisions"}],"predecessor-version":[{"id":48246,"href":"https:\/\/isoujewellery.com\/en\/wp-json\/wp\/v2\/product\/47756\/revisions\/48246"}],"wp:featuredmedia":[{"embeddable":true,"href":"https:\/\/isoujewellery.com\/en\/wp-json\/wp\/v2\/media\/48321"}],"wp:attachment":[{"href":"https:\/\/isoujewellery.com\/en\/wp-json\/wp\/v2\/media?parent=47756"}],"wp:term":[{"taxonomy":"product_brand","embeddable":true,"href":"https:\/\/isoujewellery.com\/en\/wp-json\/wp\/v2\/product_brand?post=47756"},{"taxonomy":"product_cat","embeddable":true,"href":"https:\/\/isoujewellery.com\/en\/wp-json\/wp\/v2\/product_cat?post=47756"},{"taxonomy":"product_tag","embeddable":true,"href":"https:\/\/isoujewellery.com\/en\/wp-json\/wp\/v2\/product_tag?post=47756"}],"curies":[{"name":"wp","href":"https:\/\/api.w.org\/{rel}","templated":true}]}}