{"id":47735,"date":"2025-05-13T19:35:30","date_gmt":"2025-05-13T19:35:30","guid":{"rendered":"http:\/\/isoujewellery.com\/?post_type=product&#038;p=47735"},"modified":"2025-09-22T11:38:55","modified_gmt":"2025-09-22T08:38:55","slug":"hypnotic-twilight-dazzle-kupe","status":"publish","type":"product","link":"https:\/\/isoujewellery.com\/en\/product\/hypnotic-twilight-dazzle-kupe\/","title":{"rendered":"Hypnotic Twilight Dazzle Earring"},"content":{"rendered":"<p>A playful, fun, and modern design that captures attention with its sparkle. Reflecting the magic of Twilight, these earrings add vibrancy to every move with their sparkling details. They add an energetic touch to your daytime style and a sophisticated shine to your evening looks. With their bold yet balanced design, they&#039;re the essential accessory for any style game.<\/p>","protected":false},"excerpt":{"rendered":"<p><strong data-start=\"0\" data-end=\"10\" data-is-only-node=\"\">Metal:<\/strong> 18 Carat Rose Gold (length: 2.5 cm, width: 3 cm)<br data-start=\"58\" data-end=\"61\" \/><strong data-start=\"61\" data-end=\"72\">Stones:<\/strong> Diamond<br data-start=\"81\" data-end=\"84\" \/><strong data-start=\"84\" data-end=\"97\">Diamond:<\/strong> 3.54 carat round cut, G\/VS<\/p>","protected":false},"featured_media":47737,"comment_status":"open","ping_status":"closed","template":"","meta":{"_acf_changed":false},"product_brand":[234],"product_cat":[70,218],"product_tag":[],"class_list":{"0":"post-47735","1":"product","2":"type-product","3":"status-publish","4":"has-post-thumbnail","6":"product_brand-isou-jewellery","7":"product_cat-kupe","8":"product_cat-hypnose","11":"first","12":"instock","13":"taxable","14":"shipping-taxable","15":"purchasable","16":"product-type-variable"},"acf":[],"yoast_head":"<!-- This site is optimized with the Yoast SEO plugin v26.8 - https:\/\/yoast.com\/product\/yoast-seo-wordpress\/ -->\n<title>Hypnotic Twilight Dazzle K\u00fcpe - ISOU<\/title>\n<meta name=\"robots\" content=\"index, follow, max-snippet:-1, max-image-preview:large, max-video-preview:-1\" \/>\n<link rel=\"canonical\" href=\"http:\/\/isoujewellery.com\/en\/product\/hypnotic-twilight-dazzle-kupe\/\" \/>\n<meta property=\"og:locale\" content=\"en_US\" \/>\n<meta property=\"og:type\" content=\"article\" \/>\n<meta property=\"og:title\" content=\"Hypnotic Twilight Dazzle K\u00fcpe - ISOU\" \/>\n<meta property=\"og:description\" content=\"Metal: 18 Ayar Pembe Alt\u0131n (uzunluk: 2.5 cm, en: 3 cm)Ta\u015flar: P\u0131rlantaP\u0131rlanta: 3.54 karat yuvarlak kesim, G\/VS\" \/>\n<meta property=\"og:url\" content=\"http:\/\/isoujewellery.com\/en\/product\/hypnotic-twilight-dazzle-kupe\/\" \/>\n<meta property=\"og:site_name\" content=\"ISOU\" \/>\n<meta property=\"article:publisher\" content=\"https:\/\/www.facebook.com\/isoujewellery\/\" \/>\n<meta property=\"article:modified_time\" content=\"2025-09-22T08:38:55+00:00\" \/>\n<meta property=\"og:image\" content=\"http:\/\/isoujewellery.com\/wp-content\/uploads\/2025\/05\/THC02_1-scaled.jpg\" \/>\n\t<meta property=\"og:image:width\" content=\"2560\" \/>\n\t<meta property=\"og:image:height\" content=\"2560\" \/>\n\t<meta property=\"og:image:type\" content=\"image\/jpeg\" \/>\n<meta name=\"twitter:card\" content=\"summary_large_image\" \/>\n<meta name=\"twitter:label1\" content=\"Est. reading time\" \/>\n\t<meta name=\"twitter:data1\" content=\"1 minute\" \/>\n<script type=\"application\/ld+json\" class=\"yoast-schema-graph\">{\"@context\":\"https:\/\/schema.org\",\"@graph\":[{\"@type\":\"WebPage\",\"@id\":\"http:\/\/isoujewellery.com\/en\/product\/hypnotic-twilight-dazzle-kupe\/\",\"url\":\"http:\/\/isoujewellery.com\/en\/product\/hypnotic-twilight-dazzle-kupe\/\",\"name\":\"Hypnotic Twilight Dazzle K\u00fcpe - ISOU\",\"isPartOf\":{\"@id\":\"https:\/\/isoujewellery.com\/en\/#website\"},\"primaryImageOfPage\":{\"@id\":\"http:\/\/isoujewellery.com\/en\/product\/hypnotic-twilight-dazzle-kupe\/#primaryimage\"},\"image\":{\"@id\":\"http:\/\/isoujewellery.com\/en\/product\/hypnotic-twilight-dazzle-kupe\/#primaryimage\"},\"thumbnailUrl\":\"https:\/\/isoujewellery.com\/wp-content\/uploads\/2025\/05\/THC02_1-scaled.jpg\",\"datePublished\":\"2025-05-13T19:35:30+00:00\",\"dateModified\":\"2025-09-22T08:38:55+00:00\",\"breadcrumb\":{\"@id\":\"http:\/\/isoujewellery.com\/en\/product\/hypnotic-twilight-dazzle-kupe\/#breadcrumb\"},\"inLanguage\":\"en-US\",\"potentialAction\":[{\"@type\":\"ReadAction\",\"target\":[\"http:\/\/isoujewellery.com\/en\/product\/hypnotic-twilight-dazzle-kupe\/\"]}]},{\"@type\":\"ImageObject\",\"inLanguage\":\"en-US\",\"@id\":\"http:\/\/isoujewellery.com\/en\/product\/hypnotic-twilight-dazzle-kupe\/#primaryimage\",\"url\":\"https:\/\/isoujewellery.com\/wp-content\/uploads\/2025\/05\/THC02_1-scaled.jpg\",\"contentUrl\":\"https:\/\/isoujewellery.com\/wp-content\/uploads\/2025\/05\/THC02_1-scaled.jpg\",\"width\":2560,\"height\":2560},{\"@type\":\"BreadcrumbList\",\"@id\":\"http:\/\/isoujewellery.com\/en\/product\/hypnotic-twilight-dazzle-kupe\/#breadcrumb\",\"itemListElement\":[{\"@type\":\"ListItem\",\"position\":1,\"name\":\"Anasayfa\",\"item\":\"https:\/\/isoujewellery.com\/en\/\"},{\"@type\":\"ListItem\",\"position\":2,\"name\":\"Products\",\"item\":\"https:\/\/isoujewellery.com\/en\/shop\/\"},{\"@type\":\"ListItem\",\"position\":3,\"name\":\"Hypnotic Twilight Dazzle K\u00fcpe\"}]},{\"@type\":\"WebSite\",\"@id\":\"https:\/\/isoujewellery.com\/en\/#website\",\"url\":\"https:\/\/isoujewellery.com\/en\/\",\"name\":\"ISOU\",\"description\":\"ISOU Jewellery | Aysu Korkmazoglu | \u0130stanbul\",\"publisher\":{\"@id\":\"https:\/\/isoujewellery.com\/en\/#organization\"},\"potentialAction\":[{\"@type\":\"SearchAction\",\"target\":{\"@type\":\"EntryPoint\",\"urlTemplate\":\"https:\/\/isoujewellery.com\/en\/?s={search_term_string}\"},\"query-input\":{\"@type\":\"PropertyValueSpecification\",\"valueRequired\":true,\"valueName\":\"search_term_string\"}}],\"inLanguage\":\"en-US\"},{\"@type\":\"Organization\",\"@id\":\"https:\/\/isoujewellery.com\/en\/#organization\",\"name\":\"ISOU Jewellery\",\"url\":\"https:\/\/isoujewellery.com\/en\/\",\"logo\":{\"@type\":\"ImageObject\",\"inLanguage\":\"en-US\",\"@id\":\"https:\/\/isoujewellery.com\/en\/#\/schema\/logo\/image\/\",\"url\":\"https:\/\/isoujewellery.com\/wp-content\/uploads\/2025\/04\/logo-isou-1.png\",\"contentUrl\":\"https:\/\/isoujewellery.com\/wp-content\/uploads\/2025\/04\/logo-isou-1.png\",\"width\":695,\"height\":184,\"caption\":\"ISOU Jewellery\"},\"image\":{\"@id\":\"https:\/\/isoujewellery.com\/en\/#\/schema\/logo\/image\/\"},\"sameAs\":[\"https:\/\/www.facebook.com\/isoujewellery\/\",\"https:\/\/www.instagram.com\/isoujewellery\/\",\"https:\/\/www.linkedin.com\/company\/isoujewellery\/\"]}]}<\/script>\n<!-- \/ Yoast SEO plugin. -->","yoast_head_json":{"title":"Hypnotic Twilight Dazzle K\u00fcpe - ISOU","robots":{"index":"index","follow":"follow","max-snippet":"max-snippet:-1","max-image-preview":"max-image-preview:large","max-video-preview":"max-video-preview:-1"},"canonical":"http:\/\/isoujewellery.com\/en\/product\/hypnotic-twilight-dazzle-kupe\/","og_locale":"en_US","og_type":"article","og_title":"Hypnotic Twilight Dazzle K\u00fcpe - ISOU","og_description":"Metal: 18 Ayar Pembe Alt\u0131n (uzunluk: 2.5 cm, en: 3 cm)Ta\u015flar: P\u0131rlantaP\u0131rlanta: 3.54 karat yuvarlak kesim, G\/VS","og_url":"http:\/\/isoujewellery.com\/en\/product\/hypnotic-twilight-dazzle-kupe\/","og_site_name":"ISOU","article_publisher":"https:\/\/www.facebook.com\/isoujewellery\/","article_modified_time":"2025-09-22T08:38:55+00:00","og_image":[{"width":2560,"height":2560,"url":"http:\/\/isoujewellery.com\/wp-content\/uploads\/2025\/05\/THC02_1-scaled.jpg","type":"image\/jpeg"}],"twitter_card":"summary_large_image","twitter_misc":{"Est. reading time":"1 minute"},"schema":{"@context":"https:\/\/schema.org","@graph":[{"@type":"WebPage","@id":"http:\/\/isoujewellery.com\/en\/product\/hypnotic-twilight-dazzle-kupe\/","url":"http:\/\/isoujewellery.com\/en\/product\/hypnotic-twilight-dazzle-kupe\/","name":"Hypnotic Twilight Dazzle K\u00fcpe - ISOU","isPartOf":{"@id":"https:\/\/isoujewellery.com\/en\/#website"},"primaryImageOfPage":{"@id":"http:\/\/isoujewellery.com\/en\/product\/hypnotic-twilight-dazzle-kupe\/#primaryimage"},"image":{"@id":"http:\/\/isoujewellery.com\/en\/product\/hypnotic-twilight-dazzle-kupe\/#primaryimage"},"thumbnailUrl":"https:\/\/isoujewellery.com\/wp-content\/uploads\/2025\/05\/THC02_1-scaled.jpg","datePublished":"2025-05-13T19:35:30+00:00","dateModified":"2025-09-22T08:38:55+00:00","breadcrumb":{"@id":"http:\/\/isoujewellery.com\/en\/product\/hypnotic-twilight-dazzle-kupe\/#breadcrumb"},"inLanguage":"en-US","potentialAction":[{"@type":"ReadAction","target":["http:\/\/isoujewellery.com\/en\/product\/hypnotic-twilight-dazzle-kupe\/"]}]},{"@type":"ImageObject","inLanguage":"en-US","@id":"http:\/\/isoujewellery.com\/en\/product\/hypnotic-twilight-dazzle-kupe\/#primaryimage","url":"https:\/\/isoujewellery.com\/wp-content\/uploads\/2025\/05\/THC02_1-scaled.jpg","contentUrl":"https:\/\/isoujewellery.com\/wp-content\/uploads\/2025\/05\/THC02_1-scaled.jpg","width":2560,"height":2560},{"@type":"BreadcrumbList","@id":"http:\/\/isoujewellery.com\/en\/product\/hypnotic-twilight-dazzle-kupe\/#breadcrumb","itemListElement":[{"@type":"ListItem","position":1,"name":"Anasayfa","item":"https:\/\/isoujewellery.com\/en\/"},{"@type":"ListItem","position":2,"name":"Products","item":"https:\/\/isoujewellery.com\/en\/shop\/"},{"@type":"ListItem","position":3,"name":"Hypnotic Twilight Dazzle K\u00fcpe"}]},{"@type":"WebSite","@id":"https:\/\/isoujewellery.com\/en\/#website","url":"https:\/\/isoujewellery.com\/en\/","name":"ISOU","description":"ISOU Jewellery | Aysu Korkmazoglu | Istanbul","publisher":{"@id":"https:\/\/isoujewellery.com\/en\/#organization"},"potentialAction":[{"@type":"SearchAction","target":{"@type":"EntryPoint","urlTemplate":"https:\/\/isoujewellery.com\/en\/?s={search_term_string}"},"query-input":{"@type":"PropertyValueSpecification","valueRequired":true,"valueName":"search_term_string"}}],"inLanguage":"en-US"},{"@type":"Organization","@id":"https:\/\/isoujewellery.com\/en\/#organization","name":"ISOU Jewelry","url":"https:\/\/isoujewellery.com\/en\/","logo":{"@type":"ImageObject","inLanguage":"en-US","@id":"https:\/\/isoujewellery.com\/en\/#\/schema\/logo\/image\/","url":"https:\/\/isoujewellery.com\/wp-content\/uploads\/2025\/04\/logo-isou-1.png","contentUrl":"https:\/\/isoujewellery.com\/wp-content\/uploads\/2025\/04\/logo-isou-1.png","width":695,"height":184,"caption":"ISOU Jewellery"},"image":{"@id":"https:\/\/isoujewellery.com\/en\/#\/schema\/logo\/image\/"},"sameAs":["https:\/\/www.facebook.com\/isoujewellery\/","https:\/\/www.instagram.com\/isoujewellery\/","https:\/\/www.linkedin.com\/company\/isoujewellery\/"]}]}},"jetpack_sharing_enabled":true,"_links":{"self":[{"href":"https:\/\/isoujewellery.com\/en\/wp-json\/wp\/v2\/product\/47735","targetHints":{"allow":["GET"]}}],"collection":[{"href":"https:\/\/isoujewellery.com\/en\/wp-json\/wp\/v2\/product"}],"about":[{"href":"https:\/\/isoujewellery.com\/en\/wp-json\/wp\/v2\/types\/product"}],"replies":[{"embeddable":true,"href":"https:\/\/isoujewellery.com\/en\/wp-json\/wp\/v2\/comments?post=47735"}],"version-history":[{"count":4,"href":"https:\/\/isoujewellery.com\/en\/wp-json\/wp\/v2\/product\/47735\/revisions"}],"predecessor-version":[{"id":48241,"href":"https:\/\/isoujewellery.com\/en\/wp-json\/wp\/v2\/product\/47735\/revisions\/48241"}],"wp:featuredmedia":[{"embeddable":true,"href":"https:\/\/isoujewellery.com\/en\/wp-json\/wp\/v2\/media\/47737"}],"wp:attachment":[{"href":"https:\/\/isoujewellery.com\/en\/wp-json\/wp\/v2\/media?parent=47735"}],"wp:term":[{"taxonomy":"product_brand","embeddable":true,"href":"https:\/\/isoujewellery.com\/en\/wp-json\/wp\/v2\/product_brand?post=47735"},{"taxonomy":"product_cat","embeddable":true,"href":"https:\/\/isoujewellery.com\/en\/wp-json\/wp\/v2\/product_cat?post=47735"},{"taxonomy":"product_tag","embeddable":true,"href":"https:\/\/isoujewellery.com\/en\/wp-json\/wp\/v2\/product_tag?post=47735"}],"curies":[{"name":"wp","href":"https:\/\/api.w.org\/{rel}","templated":true}]}}