{"id":47698,"date":"2025-05-13T19:03:48","date_gmt":"2025-05-13T19:03:48","guid":{"rendered":"http:\/\/isoujewellery.com\/?post_type=product&#038;p=47698"},"modified":"2025-09-22T11:50:50","modified_gmt":"2025-09-22T08:50:50","slug":"hypnotic-kucuk-damla-pirlantali-starling-ear-cuff","status":"publish","type":"product","link":"https:\/\/isoujewellery.com\/en\/product\/hypnotic-kucuk-damla-pirlantali-starling-ear-cuff\/","title":{"rendered":"Hypnotic Small Drop Diamond Starling Ear Cuff"},"content":{"rendered":"<p><span style=\"font-weight: 400;\">Designed with a semi-open hoop system that attaches to your ear without piercing, this ear cuff fits either ear. It offers a piercing effect and a modern look, while also pairing effortlessly with your other earrings for a stylish stacking experience.<\/span><\/p>","protected":false},"excerpt":{"rendered":"<p><strong data-start=\"0\" data-end=\"10\" data-is-only-node=\"\">Metal:<\/strong> 18 Carat White Gold (length: 1 cm, width: 0.50 cm)<br data-start=\"59\" data-end=\"62\" \/><strong data-start=\"62\" data-end=\"73\">Stones:<\/strong> Diamond<br data-start=\"82\" data-end=\"85\" \/><strong data-start=\"85\" data-end=\"100\">Diamond 1:<\/strong> 0.06 carat round cut, G\/VS<br data-start=\"132\" data-end=\"135\" \/><strong data-start=\"135\" data-end=\"150\">Diamond 2:<\/strong> 0.13 carat teardrop cut, G\/VS<br data-start=\"179\" data-end=\"182\" \/><strong data-start=\"182\" data-end=\"202\">Total Diamonds:<\/strong> 0.19 carats<\/p>","protected":false},"featured_media":47700,"comment_status":"open","ping_status":"closed","template":"","meta":{"_acf_changed":false},"product_brand":[234],"product_cat":[70,218],"product_tag":[],"class_list":{"0":"post-47698","1":"product","2":"type-product","3":"status-publish","4":"has-post-thumbnail","6":"product_brand-isou-jewellery","7":"product_cat-kupe","8":"product_cat-hypnose","11":"first","12":"instock","13":"featured","14":"taxable","15":"shipping-taxable","16":"purchasable","17":"product-type-variable"},"acf":[],"yoast_head":"<!-- This site is optimized with the Yoast SEO plugin v26.8 - https:\/\/yoast.com\/product\/yoast-seo-wordpress\/ -->\n<title>Hypnotic K\u00fc\u00e7\u00fck Damla P\u0131rlantal\u0131 Starling Ear Cuff - ISOU<\/title>\n<meta name=\"robots\" content=\"index, follow, max-snippet:-1, max-image-preview:large, max-video-preview:-1\" \/>\n<link rel=\"canonical\" href=\"http:\/\/isoujewellery.com\/en\/product\/hypnotic-kucuk-damla-pirlantali-starling-ear-cuff\/\" \/>\n<meta property=\"og:locale\" content=\"en_US\" \/>\n<meta property=\"og:type\" content=\"article\" \/>\n<meta property=\"og:title\" content=\"Hypnotic K\u00fc\u00e7\u00fck Damla P\u0131rlantal\u0131 Starling Ear Cuff - ISOU\" \/>\n<meta property=\"og:description\" content=\"Metal: 18 Ayar Beyaz Alt\u0131n (uzunluk: 1 cm, en: 0.50 cm)Ta\u015flar: P\u0131rlantaP\u0131rlanta 1: 0.06 karat yuvarlak kesim, G\/VSP\u0131rlanta 2: 0.13 karat damla kesim, G\/VSToplam P\u0131rlanta: 0.19 karat\" \/>\n<meta property=\"og:url\" content=\"http:\/\/isoujewellery.com\/en\/product\/hypnotic-kucuk-damla-pirlantali-starling-ear-cuff\/\" \/>\n<meta property=\"og:site_name\" content=\"ISOU\" \/>\n<meta property=\"article:publisher\" content=\"https:\/\/www.facebook.com\/isoujewellery\/\" \/>\n<meta property=\"article:modified_time\" content=\"2025-09-22T08:50:50+00:00\" \/>\n<meta property=\"og:image\" content=\"http:\/\/isoujewellery.com\/wp-content\/uploads\/2025\/05\/THC04_1.jpg\" \/>\n\t<meta property=\"og:image:width\" content=\"2110\" \/>\n\t<meta property=\"og:image:height\" content=\"2110\" \/>\n\t<meta property=\"og:image:type\" content=\"image\/jpeg\" \/>\n<meta name=\"twitter:card\" content=\"summary_large_image\" \/>\n<meta name=\"twitter:label1\" content=\"Est. reading time\" \/>\n\t<meta name=\"twitter:data1\" content=\"1 minute\" \/>\n<script type=\"application\/ld+json\" class=\"yoast-schema-graph\">{\"@context\":\"https:\/\/schema.org\",\"@graph\":[{\"@type\":\"WebPage\",\"@id\":\"http:\/\/isoujewellery.com\/en\/product\/hypnotic-kucuk-damla-pirlantali-starling-ear-cuff\/\",\"url\":\"http:\/\/isoujewellery.com\/en\/product\/hypnotic-kucuk-damla-pirlantali-starling-ear-cuff\/\",\"name\":\"Hypnotic K\u00fc\u00e7\u00fck Damla P\u0131rlantal\u0131 Starling Ear Cuff - ISOU\",\"isPartOf\":{\"@id\":\"https:\/\/isoujewellery.com\/en\/#website\"},\"primaryImageOfPage\":{\"@id\":\"http:\/\/isoujewellery.com\/en\/product\/hypnotic-kucuk-damla-pirlantali-starling-ear-cuff\/#primaryimage\"},\"image\":{\"@id\":\"http:\/\/isoujewellery.com\/en\/product\/hypnotic-kucuk-damla-pirlantali-starling-ear-cuff\/#primaryimage\"},\"thumbnailUrl\":\"https:\/\/isoujewellery.com\/wp-content\/uploads\/2025\/05\/THC04_1.jpg\",\"datePublished\":\"2025-05-13T19:03:48+00:00\",\"dateModified\":\"2025-09-22T08:50:50+00:00\",\"breadcrumb\":{\"@id\":\"http:\/\/isoujewellery.com\/en\/product\/hypnotic-kucuk-damla-pirlantali-starling-ear-cuff\/#breadcrumb\"},\"inLanguage\":\"en-US\",\"potentialAction\":[{\"@type\":\"ReadAction\",\"target\":[\"http:\/\/isoujewellery.com\/en\/product\/hypnotic-kucuk-damla-pirlantali-starling-ear-cuff\/\"]}]},{\"@type\":\"ImageObject\",\"inLanguage\":\"en-US\",\"@id\":\"http:\/\/isoujewellery.com\/en\/product\/hypnotic-kucuk-damla-pirlantali-starling-ear-cuff\/#primaryimage\",\"url\":\"https:\/\/isoujewellery.com\/wp-content\/uploads\/2025\/05\/THC04_1.jpg\",\"contentUrl\":\"https:\/\/isoujewellery.com\/wp-content\/uploads\/2025\/05\/THC04_1.jpg\",\"width\":2110,\"height\":2110},{\"@type\":\"BreadcrumbList\",\"@id\":\"http:\/\/isoujewellery.com\/en\/product\/hypnotic-kucuk-damla-pirlantali-starling-ear-cuff\/#breadcrumb\",\"itemListElement\":[{\"@type\":\"ListItem\",\"position\":1,\"name\":\"Anasayfa\",\"item\":\"https:\/\/isoujewellery.com\/en\/\"},{\"@type\":\"ListItem\",\"position\":2,\"name\":\"Products\",\"item\":\"https:\/\/isoujewellery.com\/en\/shop\/\"},{\"@type\":\"ListItem\",\"position\":3,\"name\":\"Hypnotic K\u00fc\u00e7\u00fck Damla P\u0131rlantal\u0131 Starling Ear Cuff\"}]},{\"@type\":\"WebSite\",\"@id\":\"https:\/\/isoujewellery.com\/en\/#website\",\"url\":\"https:\/\/isoujewellery.com\/en\/\",\"name\":\"ISOU\",\"description\":\"ISOU Jewellery | Aysu Korkmazoglu | \u0130stanbul\",\"publisher\":{\"@id\":\"https:\/\/isoujewellery.com\/en\/#organization\"},\"potentialAction\":[{\"@type\":\"SearchAction\",\"target\":{\"@type\":\"EntryPoint\",\"urlTemplate\":\"https:\/\/isoujewellery.com\/en\/?s={search_term_string}\"},\"query-input\":{\"@type\":\"PropertyValueSpecification\",\"valueRequired\":true,\"valueName\":\"search_term_string\"}}],\"inLanguage\":\"en-US\"},{\"@type\":\"Organization\",\"@id\":\"https:\/\/isoujewellery.com\/en\/#organization\",\"name\":\"ISOU Jewellery\",\"url\":\"https:\/\/isoujewellery.com\/en\/\",\"logo\":{\"@type\":\"ImageObject\",\"inLanguage\":\"en-US\",\"@id\":\"https:\/\/isoujewellery.com\/en\/#\/schema\/logo\/image\/\",\"url\":\"https:\/\/isoujewellery.com\/wp-content\/uploads\/2025\/04\/logo-isou-1.png\",\"contentUrl\":\"https:\/\/isoujewellery.com\/wp-content\/uploads\/2025\/04\/logo-isou-1.png\",\"width\":695,\"height\":184,\"caption\":\"ISOU Jewellery\"},\"image\":{\"@id\":\"https:\/\/isoujewellery.com\/en\/#\/schema\/logo\/image\/\"},\"sameAs\":[\"https:\/\/www.facebook.com\/isoujewellery\/\",\"https:\/\/www.instagram.com\/isoujewellery\/\",\"https:\/\/www.linkedin.com\/company\/isoujewellery\/\"]}]}<\/script>\n<!-- \/ Yoast SEO plugin. -->","yoast_head_json":{"title":"Hypnotic K\u00fc\u00e7\u00fck Damla P\u0131rlantal\u0131 Starling Ear Cuff - ISOU","robots":{"index":"index","follow":"follow","max-snippet":"max-snippet:-1","max-image-preview":"max-image-preview:large","max-video-preview":"max-video-preview:-1"},"canonical":"http:\/\/isoujewellery.com\/en\/product\/hypnotic-kucuk-damla-pirlantali-starling-ear-cuff\/","og_locale":"en_US","og_type":"article","og_title":"Hypnotic K\u00fc\u00e7\u00fck Damla P\u0131rlantal\u0131 Starling Ear Cuff - ISOU","og_description":"Metal: 18 Ayar Beyaz Alt\u0131n (uzunluk: 1 cm, en: 0.50 cm)Ta\u015flar: P\u0131rlantaP\u0131rlanta 1: 0.06 karat yuvarlak kesim, G\/VSP\u0131rlanta 2: 0.13 karat damla kesim, G\/VSToplam P\u0131rlanta: 0.19 karat","og_url":"http:\/\/isoujewellery.com\/en\/product\/hypnotic-kucuk-damla-pirlantali-starling-ear-cuff\/","og_site_name":"ISOU","article_publisher":"https:\/\/www.facebook.com\/isoujewellery\/","article_modified_time":"2025-09-22T08:50:50+00:00","og_image":[{"width":2110,"height":2110,"url":"http:\/\/isoujewellery.com\/wp-content\/uploads\/2025\/05\/THC04_1.jpg","type":"image\/jpeg"}],"twitter_card":"summary_large_image","twitter_misc":{"Est. reading time":"1 minute"},"schema":{"@context":"https:\/\/schema.org","@graph":[{"@type":"WebPage","@id":"http:\/\/isoujewellery.com\/en\/product\/hypnotic-kucuk-damla-pirlantali-starling-ear-cuff\/","url":"http:\/\/isoujewellery.com\/en\/product\/hypnotic-kucuk-damla-pirlantali-starling-ear-cuff\/","name":"Hypnotic K\u00fc\u00e7\u00fck Damla P\u0131rlantal\u0131 Starling Ear Cuff - ISOU","isPartOf":{"@id":"https:\/\/isoujewellery.com\/en\/#website"},"primaryImageOfPage":{"@id":"http:\/\/isoujewellery.com\/en\/product\/hypnotic-kucuk-damla-pirlantali-starling-ear-cuff\/#primaryimage"},"image":{"@id":"http:\/\/isoujewellery.com\/en\/product\/hypnotic-kucuk-damla-pirlantali-starling-ear-cuff\/#primaryimage"},"thumbnailUrl":"https:\/\/isoujewellery.com\/wp-content\/uploads\/2025\/05\/THC04_1.jpg","datePublished":"2025-05-13T19:03:48+00:00","dateModified":"2025-09-22T08:50:50+00:00","breadcrumb":{"@id":"http:\/\/isoujewellery.com\/en\/product\/hypnotic-kucuk-damla-pirlantali-starling-ear-cuff\/#breadcrumb"},"inLanguage":"en-US","potentialAction":[{"@type":"ReadAction","target":["http:\/\/isoujewellery.com\/en\/product\/hypnotic-kucuk-damla-pirlantali-starling-ear-cuff\/"]}]},{"@type":"ImageObject","inLanguage":"en-US","@id":"http:\/\/isoujewellery.com\/en\/product\/hypnotic-kucuk-damla-pirlantali-starling-ear-cuff\/#primaryimage","url":"https:\/\/isoujewellery.com\/wp-content\/uploads\/2025\/05\/THC04_1.jpg","contentUrl":"https:\/\/isoujewellery.com\/wp-content\/uploads\/2025\/05\/THC04_1.jpg","width":2110,"height":2110},{"@type":"BreadcrumbList","@id":"http:\/\/isoujewellery.com\/en\/product\/hypnotic-kucuk-damla-pirlantali-starling-ear-cuff\/#breadcrumb","itemListElement":[{"@type":"ListItem","position":1,"name":"Anasayfa","item":"https:\/\/isoujewellery.com\/en\/"},{"@type":"ListItem","position":2,"name":"Products","item":"https:\/\/isoujewellery.com\/en\/shop\/"},{"@type":"ListItem","position":3,"name":"Hypnotic K\u00fc\u00e7\u00fck Damla P\u0131rlantal\u0131 Starling Ear Cuff"}]},{"@type":"WebSite","@id":"https:\/\/isoujewellery.com\/en\/#website","url":"https:\/\/isoujewellery.com\/en\/","name":"ISOU","description":"ISOU Jewellery | Aysu Korkmazoglu | Istanbul","publisher":{"@id":"https:\/\/isoujewellery.com\/en\/#organization"},"potentialAction":[{"@type":"SearchAction","target":{"@type":"EntryPoint","urlTemplate":"https:\/\/isoujewellery.com\/en\/?s={search_term_string}"},"query-input":{"@type":"PropertyValueSpecification","valueRequired":true,"valueName":"search_term_string"}}],"inLanguage":"en-US"},{"@type":"Organization","@id":"https:\/\/isoujewellery.com\/en\/#organization","name":"ISOU Jewelry","url":"https:\/\/isoujewellery.com\/en\/","logo":{"@type":"ImageObject","inLanguage":"en-US","@id":"https:\/\/isoujewellery.com\/en\/#\/schema\/logo\/image\/","url":"https:\/\/isoujewellery.com\/wp-content\/uploads\/2025\/04\/logo-isou-1.png","contentUrl":"https:\/\/isoujewellery.com\/wp-content\/uploads\/2025\/04\/logo-isou-1.png","width":695,"height":184,"caption":"ISOU Jewellery"},"image":{"@id":"https:\/\/isoujewellery.com\/en\/#\/schema\/logo\/image\/"},"sameAs":["https:\/\/www.facebook.com\/isoujewellery\/","https:\/\/www.instagram.com\/isoujewellery\/","https:\/\/www.linkedin.com\/company\/isoujewellery\/"]}]}},"jetpack_sharing_enabled":true,"_links":{"self":[{"href":"https:\/\/isoujewellery.com\/en\/wp-json\/wp\/v2\/product\/47698","targetHints":{"allow":["GET"]}}],"collection":[{"href":"https:\/\/isoujewellery.com\/en\/wp-json\/wp\/v2\/product"}],"about":[{"href":"https:\/\/isoujewellery.com\/en\/wp-json\/wp\/v2\/types\/product"}],"replies":[{"embeddable":true,"href":"https:\/\/isoujewellery.com\/en\/wp-json\/wp\/v2\/comments?post=47698"}],"version-history":[{"count":1,"href":"https:\/\/isoujewellery.com\/en\/wp-json\/wp\/v2\/product\/47698\/revisions"}],"predecessor-version":[{"id":47703,"href":"https:\/\/isoujewellery.com\/en\/wp-json\/wp\/v2\/product\/47698\/revisions\/47703"}],"wp:featuredmedia":[{"embeddable":true,"href":"https:\/\/isoujewellery.com\/en\/wp-json\/wp\/v2\/media\/47700"}],"wp:attachment":[{"href":"https:\/\/isoujewellery.com\/en\/wp-json\/wp\/v2\/media?parent=47698"}],"wp:term":[{"taxonomy":"product_brand","embeddable":true,"href":"https:\/\/isoujewellery.com\/en\/wp-json\/wp\/v2\/product_brand?post=47698"},{"taxonomy":"product_cat","embeddable":true,"href":"https:\/\/isoujewellery.com\/en\/wp-json\/wp\/v2\/product_cat?post=47698"},{"taxonomy":"product_tag","embeddable":true,"href":"https:\/\/isoujewellery.com\/en\/wp-json\/wp\/v2\/product_tag?post=47698"}],"curies":[{"name":"wp","href":"https:\/\/api.w.org\/{rel}","templated":true}]}}