{"id":47572,"date":"2025-05-11T20:59:23","date_gmt":"2025-05-11T20:59:23","guid":{"rendered":"http:\/\/isoujewellery.com\/?post_type=product&#038;p=47572"},"modified":"2025-09-22T09:26:34","modified_gmt":"2025-09-22T06:26:34","slug":"sari-ve-mor-ipli-ametist-kolye","status":"publish","type":"product","link":"https:\/\/isoujewellery.com\/en\/product\/sari-ve-mor-ipli-ametist-kolye\/","title":{"rendered":"Yellow and Purple String Amethyst Necklace"},"content":{"rendered":"","protected":false},"excerpt":{"rendered":"<p><strong data-start=\"0\" data-end=\"10\" data-is-only-node=\"\">Metal:<\/strong> 18 Carat White Gold<br data-start=\"30\" data-end=\"33\" \/><strong data-start=\"33\" data-end=\"44\">Stones:<\/strong> Diamond, Amethyst, Green Onyx<br data-start=\"72\" data-end=\"75\" \/><strong data-start=\"75\" data-end=\"85\">Diamond:<\/strong> 0.90 carat round cut, G\/VS<br data-start=\"117\" data-end=\"120\" \/><strong data-start=\"120\" data-end=\"132\">Amethyst:<\/strong> 10.5 carats<br data-start=\"143\" data-end=\"146\" \/><strong data-start=\"146\" data-end=\"162\">Green Onyx:<\/strong> 7.35 carats<\/p>\n<div draggable=\"false\" data-pm-slice=\"1 1 []\" data-en-clipboard=\"true\">Since the necklace cords are meticulously handcrafted, the tying methods, color tones and textures may vary slightly from one to the next.<\/div>\n<p>&nbsp;<\/p>","protected":false},"featured_media":47574,"comment_status":"open","ping_status":"closed","template":"","meta":{"_acf_changed":false},"product_brand":[234],"product_cat":[246,58],"product_tag":[],"class_list":{"0":"post-47572","1":"product","2":"type-product","3":"status-publish","4":"has-post-thumbnail","6":"product_brand-isou-jewellery","7":"product_cat-kolye","8":"product_cat-fun-luxury-koleksiyonu","11":"first","12":"instock","13":"taxable","14":"shipping-taxable","15":"purchasable","16":"product-type-variable"},"acf":[],"yoast_head":"<!-- This site is optimized with the Yoast SEO plugin v26.8 - https:\/\/yoast.com\/product\/yoast-seo-wordpress\/ -->\n<title>Sar\u0131 ve Mor \u0130pli Ametist Kolye - ISOU<\/title>\n<meta name=\"robots\" content=\"index, follow, max-snippet:-1, max-image-preview:large, max-video-preview:-1\" \/>\n<link rel=\"canonical\" href=\"https:\/\/isoujewellery.com\/en\/product\/sari-ve-mor-ipli-ametist-kolye\/\" \/>\n<meta property=\"og:locale\" content=\"en_US\" \/>\n<meta property=\"og:type\" content=\"article\" \/>\n<meta property=\"og:title\" content=\"Sar\u0131 ve Mor \u0130pli Ametist Kolye - ISOU\" \/>\n<meta property=\"og:description\" content=\"Metal: 18 Ayar Beyaz Alt\u0131nTa\u015flar: Elmas, Ametist, Ye\u015fil OniksElmas: 0.90 karat yuvarlak kesim, G\/VSAmetist: 10.5 karatYe\u015fil Oniks: 7.35 karat Kolyelerin kordonlar\u0131 titizlikle el i\u015f\u00e7ili\u011fiyle \u00fcretildi\u011finden dolay\u0131 her birinde ba\u011flama \u015fekilleri , renk tonlar\u0131 ve dokular\u0131 \u00e7ok k\u00fc\u00e7\u00fck de\u011fi\u015fkenlik g\u00f6sterebilir. &nbsp;\" \/>\n<meta property=\"og:url\" content=\"https:\/\/isoujewellery.com\/en\/product\/sari-ve-mor-ipli-ametist-kolye\/\" \/>\n<meta property=\"og:site_name\" content=\"ISOU\" \/>\n<meta property=\"article:publisher\" content=\"https:\/\/www.facebook.com\/isoujewellery\/\" \/>\n<meta property=\"article:modified_time\" content=\"2025-09-22T06:26:34+00:00\" \/>\n<meta property=\"og:image\" content=\"https:\/\/isoujewellery.com\/wp-content\/uploads\/2025\/05\/DSC_3632-copy.jpg\" \/>\n\t<meta property=\"og:image:width\" content=\"1100\" \/>\n\t<meta property=\"og:image:height\" content=\"1100\" \/>\n\t<meta property=\"og:image:type\" content=\"image\/jpeg\" \/>\n<meta name=\"twitter:card\" content=\"summary_large_image\" \/>\n<meta name=\"twitter:label1\" content=\"Est. reading time\" \/>\n\t<meta name=\"twitter:data1\" content=\"1 minute\" \/>\n<script type=\"application\/ld+json\" class=\"yoast-schema-graph\">{\"@context\":\"https:\/\/schema.org\",\"@graph\":[{\"@type\":\"WebPage\",\"@id\":\"https:\/\/isoujewellery.com\/en\/product\/sari-ve-mor-ipli-ametist-kolye\/\",\"url\":\"https:\/\/isoujewellery.com\/en\/product\/sari-ve-mor-ipli-ametist-kolye\/\",\"name\":\"Sar\u0131 ve Mor \u0130pli Ametist Kolye - ISOU\",\"isPartOf\":{\"@id\":\"https:\/\/isoujewellery.com\/en\/#website\"},\"primaryImageOfPage\":{\"@id\":\"https:\/\/isoujewellery.com\/en\/product\/sari-ve-mor-ipli-ametist-kolye\/#primaryimage\"},\"image\":{\"@id\":\"https:\/\/isoujewellery.com\/en\/product\/sari-ve-mor-ipli-ametist-kolye\/#primaryimage\"},\"thumbnailUrl\":\"https:\/\/isoujewellery.com\/wp-content\/uploads\/2025\/05\/DSC_3632-copy.jpg\",\"datePublished\":\"2025-05-11T20:59:23+00:00\",\"dateModified\":\"2025-09-22T06:26:34+00:00\",\"breadcrumb\":{\"@id\":\"https:\/\/isoujewellery.com\/en\/product\/sari-ve-mor-ipli-ametist-kolye\/#breadcrumb\"},\"inLanguage\":\"en-US\",\"potentialAction\":[{\"@type\":\"ReadAction\",\"target\":[\"https:\/\/isoujewellery.com\/en\/product\/sari-ve-mor-ipli-ametist-kolye\/\"]}]},{\"@type\":\"ImageObject\",\"inLanguage\":\"en-US\",\"@id\":\"https:\/\/isoujewellery.com\/en\/product\/sari-ve-mor-ipli-ametist-kolye\/#primaryimage\",\"url\":\"https:\/\/isoujewellery.com\/wp-content\/uploads\/2025\/05\/DSC_3632-copy.jpg\",\"contentUrl\":\"https:\/\/isoujewellery.com\/wp-content\/uploads\/2025\/05\/DSC_3632-copy.jpg\",\"width\":1100,\"height\":1100},{\"@type\":\"BreadcrumbList\",\"@id\":\"https:\/\/isoujewellery.com\/en\/product\/sari-ve-mor-ipli-ametist-kolye\/#breadcrumb\",\"itemListElement\":[{\"@type\":\"ListItem\",\"position\":1,\"name\":\"Anasayfa\",\"item\":\"https:\/\/isoujewellery.com\/en\/\"},{\"@type\":\"ListItem\",\"position\":2,\"name\":\"Products\",\"item\":\"https:\/\/isoujewellery.com\/en\/shop\/\"},{\"@type\":\"ListItem\",\"position\":3,\"name\":\"Sar\u0131 ve Mor \u0130pli Ametist Kolye\"}]},{\"@type\":\"WebSite\",\"@id\":\"https:\/\/isoujewellery.com\/en\/#website\",\"url\":\"https:\/\/isoujewellery.com\/en\/\",\"name\":\"ISOU\",\"description\":\"ISOU Jewellery | Aysu Korkmazoglu | \u0130stanbul\",\"publisher\":{\"@id\":\"https:\/\/isoujewellery.com\/en\/#organization\"},\"potentialAction\":[{\"@type\":\"SearchAction\",\"target\":{\"@type\":\"EntryPoint\",\"urlTemplate\":\"https:\/\/isoujewellery.com\/en\/?s={search_term_string}\"},\"query-input\":{\"@type\":\"PropertyValueSpecification\",\"valueRequired\":true,\"valueName\":\"search_term_string\"}}],\"inLanguage\":\"en-US\"},{\"@type\":\"Organization\",\"@id\":\"https:\/\/isoujewellery.com\/en\/#organization\",\"name\":\"ISOU Jewellery\",\"url\":\"https:\/\/isoujewellery.com\/en\/\",\"logo\":{\"@type\":\"ImageObject\",\"inLanguage\":\"en-US\",\"@id\":\"https:\/\/isoujewellery.com\/en\/#\/schema\/logo\/image\/\",\"url\":\"https:\/\/isoujewellery.com\/wp-content\/uploads\/2025\/04\/logo-isou-1.png\",\"contentUrl\":\"https:\/\/isoujewellery.com\/wp-content\/uploads\/2025\/04\/logo-isou-1.png\",\"width\":695,\"height\":184,\"caption\":\"ISOU Jewellery\"},\"image\":{\"@id\":\"https:\/\/isoujewellery.com\/en\/#\/schema\/logo\/image\/\"},\"sameAs\":[\"https:\/\/www.facebook.com\/isoujewellery\/\",\"https:\/\/www.instagram.com\/isoujewellery\/\",\"https:\/\/www.linkedin.com\/company\/isoujewellery\/\"]}]}<\/script>\n<!-- \/ Yoast SEO plugin. -->","yoast_head_json":{"title":"Sar\u0131 ve Mor \u0130pli Ametist Kolye - ISOU","robots":{"index":"index","follow":"follow","max-snippet":"max-snippet:-1","max-image-preview":"max-image-preview:large","max-video-preview":"max-video-preview:-1"},"canonical":"https:\/\/isoujewellery.com\/en\/product\/sari-ve-mor-ipli-ametist-kolye\/","og_locale":"en_US","og_type":"article","og_title":"Sar\u0131 ve Mor \u0130pli Ametist Kolye - ISOU","og_description":"Metal: 18 Ayar Beyaz Alt\u0131nTa\u015flar: Elmas, Ametist, Ye\u015fil OniksElmas: 0.90 karat yuvarlak kesim, G\/VSAmetist: 10.5 karatYe\u015fil Oniks: 7.35 karat Kolyelerin kordonlar\u0131 titizlikle el i\u015f\u00e7ili\u011fiyle \u00fcretildi\u011finden dolay\u0131 her birinde ba\u011flama \u015fekilleri , renk tonlar\u0131 ve dokular\u0131 \u00e7ok k\u00fc\u00e7\u00fck de\u011fi\u015fkenlik g\u00f6sterebilir. &nbsp;","og_url":"https:\/\/isoujewellery.com\/en\/product\/sari-ve-mor-ipli-ametist-kolye\/","og_site_name":"ISOU","article_publisher":"https:\/\/www.facebook.com\/isoujewellery\/","article_modified_time":"2025-09-22T06:26:34+00:00","og_image":[{"width":1100,"height":1100,"url":"https:\/\/isoujewellery.com\/wp-content\/uploads\/2025\/05\/DSC_3632-copy.jpg","type":"image\/jpeg"}],"twitter_card":"summary_large_image","twitter_misc":{"Est. reading time":"1 minute"},"schema":{"@context":"https:\/\/schema.org","@graph":[{"@type":"WebPage","@id":"https:\/\/isoujewellery.com\/en\/product\/sari-ve-mor-ipli-ametist-kolye\/","url":"https:\/\/isoujewellery.com\/en\/product\/sari-ve-mor-ipli-ametist-kolye\/","name":"Sar\u0131 ve Mor \u0130pli Ametist Kolye - ISOU","isPartOf":{"@id":"https:\/\/isoujewellery.com\/en\/#website"},"primaryImageOfPage":{"@id":"https:\/\/isoujewellery.com\/en\/product\/sari-ve-mor-ipli-ametist-kolye\/#primaryimage"},"image":{"@id":"https:\/\/isoujewellery.com\/en\/product\/sari-ve-mor-ipli-ametist-kolye\/#primaryimage"},"thumbnailUrl":"https:\/\/isoujewellery.com\/wp-content\/uploads\/2025\/05\/DSC_3632-copy.jpg","datePublished":"2025-05-11T20:59:23+00:00","dateModified":"2025-09-22T06:26:34+00:00","breadcrumb":{"@id":"https:\/\/isoujewellery.com\/en\/product\/sari-ve-mor-ipli-ametist-kolye\/#breadcrumb"},"inLanguage":"en-US","potentialAction":[{"@type":"ReadAction","target":["https:\/\/isoujewellery.com\/en\/product\/sari-ve-mor-ipli-ametist-kolye\/"]}]},{"@type":"ImageObject","inLanguage":"en-US","@id":"https:\/\/isoujewellery.com\/en\/product\/sari-ve-mor-ipli-ametist-kolye\/#primaryimage","url":"https:\/\/isoujewellery.com\/wp-content\/uploads\/2025\/05\/DSC_3632-copy.jpg","contentUrl":"https:\/\/isoujewellery.com\/wp-content\/uploads\/2025\/05\/DSC_3632-copy.jpg","width":1100,"height":1100},{"@type":"BreadcrumbList","@id":"https:\/\/isoujewellery.com\/en\/product\/sari-ve-mor-ipli-ametist-kolye\/#breadcrumb","itemListElement":[{"@type":"ListItem","position":1,"name":"Anasayfa","item":"https:\/\/isoujewellery.com\/en\/"},{"@type":"ListItem","position":2,"name":"Products","item":"https:\/\/isoujewellery.com\/en\/shop\/"},{"@type":"ListItem","position":3,"name":"Sar\u0131 ve Mor \u0130pli Ametist Kolye"}]},{"@type":"WebSite","@id":"https:\/\/isoujewellery.com\/en\/#website","url":"https:\/\/isoujewellery.com\/en\/","name":"ISOU","description":"ISOU Jewellery | Aysu Korkmazoglu | Istanbul","publisher":{"@id":"https:\/\/isoujewellery.com\/en\/#organization"},"potentialAction":[{"@type":"SearchAction","target":{"@type":"EntryPoint","urlTemplate":"https:\/\/isoujewellery.com\/en\/?s={search_term_string}"},"query-input":{"@type":"PropertyValueSpecification","valueRequired":true,"valueName":"search_term_string"}}],"inLanguage":"en-US"},{"@type":"Organization","@id":"https:\/\/isoujewellery.com\/en\/#organization","name":"ISOU Jewelry","url":"https:\/\/isoujewellery.com\/en\/","logo":{"@type":"ImageObject","inLanguage":"en-US","@id":"https:\/\/isoujewellery.com\/en\/#\/schema\/logo\/image\/","url":"https:\/\/isoujewellery.com\/wp-content\/uploads\/2025\/04\/logo-isou-1.png","contentUrl":"https:\/\/isoujewellery.com\/wp-content\/uploads\/2025\/04\/logo-isou-1.png","width":695,"height":184,"caption":"ISOU Jewellery"},"image":{"@id":"https:\/\/isoujewellery.com\/en\/#\/schema\/logo\/image\/"},"sameAs":["https:\/\/www.facebook.com\/isoujewellery\/","https:\/\/www.instagram.com\/isoujewellery\/","https:\/\/www.linkedin.com\/company\/isoujewellery\/"]}]}},"jetpack_sharing_enabled":true,"_links":{"self":[{"href":"https:\/\/isoujewellery.com\/en\/wp-json\/wp\/v2\/product\/47572","targetHints":{"allow":["GET"]}}],"collection":[{"href":"https:\/\/isoujewellery.com\/en\/wp-json\/wp\/v2\/product"}],"about":[{"href":"https:\/\/isoujewellery.com\/en\/wp-json\/wp\/v2\/types\/product"}],"replies":[{"embeddable":true,"href":"https:\/\/isoujewellery.com\/en\/wp-json\/wp\/v2\/comments?post=47572"}],"version-history":[{"count":1,"href":"https:\/\/isoujewellery.com\/en\/wp-json\/wp\/v2\/product\/47572\/revisions"}],"predecessor-version":[{"id":47576,"href":"https:\/\/isoujewellery.com\/en\/wp-json\/wp\/v2\/product\/47572\/revisions\/47576"}],"wp:featuredmedia":[{"embeddable":true,"href":"https:\/\/isoujewellery.com\/en\/wp-json\/wp\/v2\/media\/47574"}],"wp:attachment":[{"href":"https:\/\/isoujewellery.com\/en\/wp-json\/wp\/v2\/media?parent=47572"}],"wp:term":[{"taxonomy":"product_brand","embeddable":true,"href":"https:\/\/isoujewellery.com\/en\/wp-json\/wp\/v2\/product_brand?post=47572"},{"taxonomy":"product_cat","embeddable":true,"href":"https:\/\/isoujewellery.com\/en\/wp-json\/wp\/v2\/product_cat?post=47572"},{"taxonomy":"product_tag","embeddable":true,"href":"https:\/\/isoujewellery.com\/en\/wp-json\/wp\/v2\/product_tag?post=47572"}],"curies":[{"name":"wp","href":"https:\/\/api.w.org\/{rel}","templated":true}]}}