{"id":47543,"date":"2025-05-11T20:31:46","date_gmt":"2025-05-11T20:31:46","guid":{"rendered":"http:\/\/isoujewellery.com\/?post_type=product&#038;p=47543"},"modified":"2025-09-22T10:27:22","modified_gmt":"2025-09-22T07:27:22","slug":"rhythm-ring","status":"publish","type":"product","link":"https:\/\/isoujewellery.com\/en\/product\/rhythm-ring\/","title":{"rendered":"Rhythm Ring"},"content":{"rendered":"","protected":false},"excerpt":{"rendered":"<p><strong data-start=\"0\" data-end=\"10\" data-is-only-node=\"\">Metal:<\/strong> 18 Carat White &amp; Rose Gold<br data-start=\"38\" data-end=\"41\" \/><strong data-start=\"41\" data-end=\"52\">Stones:<\/strong> Diamond<br data-start=\"61\" data-end=\"64\" \/><strong data-start=\"64\" data-end=\"79\">Diamond 1:<\/strong> 0.30 carat. baguette cut, G\/VS<br data-start=\"112\" data-end=\"115\" \/><strong data-start=\"115\" data-end=\"130\">Diamond 2:<\/strong> 0.58 carat. round cut, G\/VS<br data-start=\"163\" data-end=\"166\" \/><strong data-start=\"166\" data-end=\"195\">Total Diamond Weight:<\/strong> 0.88 carats.<\/p>\n<div draggable=\"false\" data-pm-slice=\"1 1 []\" data-en-clipboard=\"true\">It is specially produced upon order according to personal finger measurements.<\/div>","protected":false},"featured_media":47545,"comment_status":"open","ping_status":"closed","template":"","meta":{"_acf_changed":false},"product_brand":[234],"product_cat":[245,58],"product_tag":[],"class_list":{"0":"post-47543","1":"product","2":"type-product","3":"status-publish","4":"has-post-thumbnail","6":"product_brand-isou-jewellery","7":"product_cat-yuzuk","8":"product_cat-fun-luxury-koleksiyonu","11":"first","12":"instock","13":"taxable","14":"shipping-taxable","15":"purchasable","16":"product-type-variable"},"acf":[],"yoast_head":"<!-- This site is optimized with the Yoast SEO plugin v26.8 - https:\/\/yoast.com\/product\/yoast-seo-wordpress\/ -->\n<title>Rhythm Ring - ISOU<\/title>\n<meta name=\"robots\" content=\"index, follow, max-snippet:-1, max-image-preview:large, max-video-preview:-1\" \/>\n<link rel=\"canonical\" href=\"http:\/\/isoujewellery.com\/en\/product\/rhythm-ring\/\" \/>\n<meta property=\"og:locale\" content=\"en_US\" \/>\n<meta property=\"og:type\" content=\"article\" \/>\n<meta property=\"og:title\" content=\"Rhythm Ring - ISOU\" \/>\n<meta property=\"og:description\" content=\"Metal: 18 Ayar Beyaz &amp; Pembe Alt\u0131nTa\u015flar: P\u0131rlantaP\u0131rlanta 1: 0.30 karat. baguette kesim, G\/VSP\u0131rlanta 2: 0.58 karat. yuvarlak kesim, G\/VSToplam P\u0131rlanta A\u011f\u0131rl\u0131\u011f\u0131: 0.88 karat. Ki\u015fisel parmak \u00f6l\u00e7\u00fclerine g\u00f6re sipari\u015f \u00fczerine \u00f6zel olarak \u00fcretilir.\" \/>\n<meta property=\"og:url\" content=\"http:\/\/isoujewellery.com\/en\/product\/rhythm-ring\/\" \/>\n<meta property=\"og:site_name\" content=\"ISOU\" \/>\n<meta property=\"article:publisher\" content=\"https:\/\/www.facebook.com\/isoujewellery\/\" \/>\n<meta property=\"article:modified_time\" content=\"2025-09-22T07:27:22+00:00\" \/>\n<meta property=\"og:image\" content=\"http:\/\/isoujewellery.com\/wp-content\/uploads\/2025\/05\/FL02R_1-scaled.jpg\" \/>\n\t<meta property=\"og:image:width\" content=\"2560\" \/>\n\t<meta property=\"og:image:height\" content=\"2560\" \/>\n\t<meta property=\"og:image:type\" content=\"image\/jpeg\" \/>\n<meta name=\"twitter:card\" content=\"summary_large_image\" \/>\n<meta name=\"twitter:label1\" content=\"Est. reading time\" \/>\n\t<meta name=\"twitter:data1\" content=\"1 minute\" \/>\n<script type=\"application\/ld+json\" class=\"yoast-schema-graph\">{\"@context\":\"https:\/\/schema.org\",\"@graph\":[{\"@type\":\"WebPage\",\"@id\":\"http:\/\/isoujewellery.com\/en\/product\/rhythm-ring\/\",\"url\":\"http:\/\/isoujewellery.com\/en\/product\/rhythm-ring\/\",\"name\":\"Rhythm Ring - ISOU\",\"isPartOf\":{\"@id\":\"https:\/\/isoujewellery.com\/en\/#website\"},\"primaryImageOfPage\":{\"@id\":\"http:\/\/isoujewellery.com\/en\/product\/rhythm-ring\/#primaryimage\"},\"image\":{\"@id\":\"http:\/\/isoujewellery.com\/en\/product\/rhythm-ring\/#primaryimage\"},\"thumbnailUrl\":\"https:\/\/isoujewellery.com\/wp-content\/uploads\/2025\/05\/FL02R_1-scaled.jpg\",\"datePublished\":\"2025-05-11T20:31:46+00:00\",\"dateModified\":\"2025-09-22T07:27:22+00:00\",\"breadcrumb\":{\"@id\":\"http:\/\/isoujewellery.com\/en\/product\/rhythm-ring\/#breadcrumb\"},\"inLanguage\":\"en-US\",\"potentialAction\":[{\"@type\":\"ReadAction\",\"target\":[\"http:\/\/isoujewellery.com\/en\/product\/rhythm-ring\/\"]}]},{\"@type\":\"ImageObject\",\"inLanguage\":\"en-US\",\"@id\":\"http:\/\/isoujewellery.com\/en\/product\/rhythm-ring\/#primaryimage\",\"url\":\"https:\/\/isoujewellery.com\/wp-content\/uploads\/2025\/05\/FL02R_1-scaled.jpg\",\"contentUrl\":\"https:\/\/isoujewellery.com\/wp-content\/uploads\/2025\/05\/FL02R_1-scaled.jpg\",\"width\":2560,\"height\":2560},{\"@type\":\"BreadcrumbList\",\"@id\":\"http:\/\/isoujewellery.com\/en\/product\/rhythm-ring\/#breadcrumb\",\"itemListElement\":[{\"@type\":\"ListItem\",\"position\":1,\"name\":\"Anasayfa\",\"item\":\"https:\/\/isoujewellery.com\/en\/\"},{\"@type\":\"ListItem\",\"position\":2,\"name\":\"Products\",\"item\":\"https:\/\/isoujewellery.com\/en\/shop\/\"},{\"@type\":\"ListItem\",\"position\":3,\"name\":\"Rhythm Ring\"}]},{\"@type\":\"WebSite\",\"@id\":\"https:\/\/isoujewellery.com\/en\/#website\",\"url\":\"https:\/\/isoujewellery.com\/en\/\",\"name\":\"ISOU\",\"description\":\"ISOU Jewellery | Aysu Korkmazoglu | \u0130stanbul\",\"publisher\":{\"@id\":\"https:\/\/isoujewellery.com\/en\/#organization\"},\"potentialAction\":[{\"@type\":\"SearchAction\",\"target\":{\"@type\":\"EntryPoint\",\"urlTemplate\":\"https:\/\/isoujewellery.com\/en\/?s={search_term_string}\"},\"query-input\":{\"@type\":\"PropertyValueSpecification\",\"valueRequired\":true,\"valueName\":\"search_term_string\"}}],\"inLanguage\":\"en-US\"},{\"@type\":\"Organization\",\"@id\":\"https:\/\/isoujewellery.com\/en\/#organization\",\"name\":\"ISOU Jewellery\",\"url\":\"https:\/\/isoujewellery.com\/en\/\",\"logo\":{\"@type\":\"ImageObject\",\"inLanguage\":\"en-US\",\"@id\":\"https:\/\/isoujewellery.com\/en\/#\/schema\/logo\/image\/\",\"url\":\"https:\/\/isoujewellery.com\/wp-content\/uploads\/2025\/04\/logo-isou-1.png\",\"contentUrl\":\"https:\/\/isoujewellery.com\/wp-content\/uploads\/2025\/04\/logo-isou-1.png\",\"width\":695,\"height\":184,\"caption\":\"ISOU Jewellery\"},\"image\":{\"@id\":\"https:\/\/isoujewellery.com\/en\/#\/schema\/logo\/image\/\"},\"sameAs\":[\"https:\/\/www.facebook.com\/isoujewellery\/\",\"https:\/\/www.instagram.com\/isoujewellery\/\",\"https:\/\/www.linkedin.com\/company\/isoujewellery\/\"]}]}<\/script>\n<!-- \/ Yoast SEO plugin. -->","yoast_head_json":{"title":"Rhythm Ring - ISOU","robots":{"index":"index","follow":"follow","max-snippet":"max-snippet:-1","max-image-preview":"max-image-preview:large","max-video-preview":"max-video-preview:-1"},"canonical":"http:\/\/isoujewellery.com\/en\/product\/rhythm-ring\/","og_locale":"en_US","og_type":"article","og_title":"Rhythm Ring - ISOU","og_description":"Metal: 18 Ayar Beyaz &amp; Pembe Alt\u0131nTa\u015flar: P\u0131rlantaP\u0131rlanta 1: 0.30 karat. baguette kesim, G\/VSP\u0131rlanta 2: 0.58 karat. yuvarlak kesim, G\/VSToplam P\u0131rlanta A\u011f\u0131rl\u0131\u011f\u0131: 0.88 karat. Ki\u015fisel parmak \u00f6l\u00e7\u00fclerine g\u00f6re sipari\u015f \u00fczerine \u00f6zel olarak \u00fcretilir.","og_url":"http:\/\/isoujewellery.com\/en\/product\/rhythm-ring\/","og_site_name":"ISOU","article_publisher":"https:\/\/www.facebook.com\/isoujewellery\/","article_modified_time":"2025-09-22T07:27:22+00:00","og_image":[{"width":2560,"height":2560,"url":"http:\/\/isoujewellery.com\/wp-content\/uploads\/2025\/05\/FL02R_1-scaled.jpg","type":"image\/jpeg"}],"twitter_card":"summary_large_image","twitter_misc":{"Est. reading time":"1 minute"},"schema":{"@context":"https:\/\/schema.org","@graph":[{"@type":"WebPage","@id":"http:\/\/isoujewellery.com\/en\/product\/rhythm-ring\/","url":"http:\/\/isoujewellery.com\/en\/product\/rhythm-ring\/","name":"Rhythm Ring - ISOU","isPartOf":{"@id":"https:\/\/isoujewellery.com\/en\/#website"},"primaryImageOfPage":{"@id":"http:\/\/isoujewellery.com\/en\/product\/rhythm-ring\/#primaryimage"},"image":{"@id":"http:\/\/isoujewellery.com\/en\/product\/rhythm-ring\/#primaryimage"},"thumbnailUrl":"https:\/\/isoujewellery.com\/wp-content\/uploads\/2025\/05\/FL02R_1-scaled.jpg","datePublished":"2025-05-11T20:31:46+00:00","dateModified":"2025-09-22T07:27:22+00:00","breadcrumb":{"@id":"http:\/\/isoujewellery.com\/en\/product\/rhythm-ring\/#breadcrumb"},"inLanguage":"en-US","potentialAction":[{"@type":"ReadAction","target":["http:\/\/isoujewellery.com\/en\/product\/rhythm-ring\/"]}]},{"@type":"ImageObject","inLanguage":"en-US","@id":"http:\/\/isoujewellery.com\/en\/product\/rhythm-ring\/#primaryimage","url":"https:\/\/isoujewellery.com\/wp-content\/uploads\/2025\/05\/FL02R_1-scaled.jpg","contentUrl":"https:\/\/isoujewellery.com\/wp-content\/uploads\/2025\/05\/FL02R_1-scaled.jpg","width":2560,"height":2560},{"@type":"BreadcrumbList","@id":"http:\/\/isoujewellery.com\/en\/product\/rhythm-ring\/#breadcrumb","itemListElement":[{"@type":"ListItem","position":1,"name":"Anasayfa","item":"https:\/\/isoujewellery.com\/en\/"},{"@type":"ListItem","position":2,"name":"Products","item":"https:\/\/isoujewellery.com\/en\/shop\/"},{"@type":"ListItem","position":3,"name":"Rhythm Ring"}]},{"@type":"WebSite","@id":"https:\/\/isoujewellery.com\/en\/#website","url":"https:\/\/isoujewellery.com\/en\/","name":"ISOU","description":"ISOU Jewellery | Aysu Korkmazoglu | Istanbul","publisher":{"@id":"https:\/\/isoujewellery.com\/en\/#organization"},"potentialAction":[{"@type":"SearchAction","target":{"@type":"EntryPoint","urlTemplate":"https:\/\/isoujewellery.com\/en\/?s={search_term_string}"},"query-input":{"@type":"PropertyValueSpecification","valueRequired":true,"valueName":"search_term_string"}}],"inLanguage":"en-US"},{"@type":"Organization","@id":"https:\/\/isoujewellery.com\/en\/#organization","name":"ISOU Jewelry","url":"https:\/\/isoujewellery.com\/en\/","logo":{"@type":"ImageObject","inLanguage":"en-US","@id":"https:\/\/isoujewellery.com\/en\/#\/schema\/logo\/image\/","url":"https:\/\/isoujewellery.com\/wp-content\/uploads\/2025\/04\/logo-isou-1.png","contentUrl":"https:\/\/isoujewellery.com\/wp-content\/uploads\/2025\/04\/logo-isou-1.png","width":695,"height":184,"caption":"ISOU Jewellery"},"image":{"@id":"https:\/\/isoujewellery.com\/en\/#\/schema\/logo\/image\/"},"sameAs":["https:\/\/www.facebook.com\/isoujewellery\/","https:\/\/www.instagram.com\/isoujewellery\/","https:\/\/www.linkedin.com\/company\/isoujewellery\/"]}]}},"jetpack_sharing_enabled":true,"_links":{"self":[{"href":"https:\/\/isoujewellery.com\/en\/wp-json\/wp\/v2\/product\/47543","targetHints":{"allow":["GET"]}}],"collection":[{"href":"https:\/\/isoujewellery.com\/en\/wp-json\/wp\/v2\/product"}],"about":[{"href":"https:\/\/isoujewellery.com\/en\/wp-json\/wp\/v2\/types\/product"}],"replies":[{"embeddable":true,"href":"https:\/\/isoujewellery.com\/en\/wp-json\/wp\/v2\/comments?post=47543"}],"version-history":[{"count":2,"href":"https:\/\/isoujewellery.com\/en\/wp-json\/wp\/v2\/product\/47543\/revisions"}],"predecessor-version":[{"id":47952,"href":"https:\/\/isoujewellery.com\/en\/wp-json\/wp\/v2\/product\/47543\/revisions\/47952"}],"wp:featuredmedia":[{"embeddable":true,"href":"https:\/\/isoujewellery.com\/en\/wp-json\/wp\/v2\/media\/47545"}],"wp:attachment":[{"href":"https:\/\/isoujewellery.com\/en\/wp-json\/wp\/v2\/media?parent=47543"}],"wp:term":[{"taxonomy":"product_brand","embeddable":true,"href":"https:\/\/isoujewellery.com\/en\/wp-json\/wp\/v2\/product_brand?post=47543"},{"taxonomy":"product_cat","embeddable":true,"href":"https:\/\/isoujewellery.com\/en\/wp-json\/wp\/v2\/product_cat?post=47543"},{"taxonomy":"product_tag","embeddable":true,"href":"https:\/\/isoujewellery.com\/en\/wp-json\/wp\/v2\/product_tag?post=47543"}],"curies":[{"name":"wp","href":"https:\/\/api.w.org\/{rel}","templated":true}]}}