{"id":47318,"date":"2025-05-01T18:54:32","date_gmt":"2025-05-01T18:54:32","guid":{"rendered":"http:\/\/isoujewellery.com\/?post_type=product&#038;p=47318"},"modified":"2025-10-23T10:57:18","modified_gmt":"2025-10-23T07:57:18","slug":"the-bow-baget-pirlanta-yuzuk","status":"publish","type":"product","link":"https:\/\/isoujewellery.com\/en\/product\/the-bow-baget-pirlanta-yuzuk\/","title":{"rendered":"The Bow Baguette Diamond Ring"},"content":{"rendered":"<p>A bold reinterpretation of a timeless motif, the Bow Baguette Diamond Ring is a statement design that captures attention with its sculptural form and eye-catching details. Drawing inspiration from the elegance of the classic bow, this distinctive piece achieves modern elegance with an architectural silhouette and meticulously set round and baguette-cut diamonds.<\/p>\n<p>Crafted from 18-karat gold, this ring perfectly balances softness and strength, blending feminine elegance with a contemporary touch. The elegant bow detail is complemented by a pear-cut diamond that adds movement and allure, while the sharply defined band creates a sense of modern power.<\/p>","protected":false},"excerpt":{"rendered":"<p><strong data-start=\"53\" data-end=\"63\">Metal:<\/strong> 18K White and Yellow Gold (ring yellow, bow white)<br data-start=\"118\" data-end=\"121\" \/><strong data-start=\"121\" data-end=\"132\">Stones:<\/strong> Diamond<br data-start=\"141\" data-end=\"144\" \/><strong data-start=\"144\" data-end=\"159\" data-is-only-node=\"\">Diamond 1:<\/strong> 0.94ct. round cut, G\/VS<br data-start=\"188\" data-end=\"191\" \/><strong data-start=\"191\" data-end=\"206\">Diamond 2:<\/strong> 0.45ct. baguette cut, G\/VS<br data-start=\"232\" data-end=\"235\" \/><strong data-start=\"235\" data-end=\"250\">Diamond 3:<\/strong> 0.20ct. teardrop cut, G\/VS<br data-start=\"276\" data-end=\"279\" \/><strong data-start=\"279\" data-end=\"299\">Total Diamonds:<\/strong> 1.59ct.<\/p>","protected":false},"featured_media":47320,"comment_status":"open","ping_status":"closed","template":"","meta":{"_acf_changed":false},"product_brand":[234],"product_cat":[245,266],"product_tag":[],"class_list":{"0":"post-47318","1":"product","2":"type-product","3":"status-publish","4":"has-post-thumbnail","6":"product_brand-isou-jewellery","7":"product_cat-yuzuk","8":"product_cat-the-bow-koleksiyonu","11":"first","12":"instock","13":"featured","14":"taxable","15":"shipping-taxable","16":"purchasable","17":"product-type-variable"},"acf":[],"yoast_head":"<!-- This site is optimized with the Yoast SEO plugin v26.8 - https:\/\/yoast.com\/product\/yoast-seo-wordpress\/ -->\n<title>The Bow Baget P\u0131rlanta Y\u00fcz\u00fck - ISOU<\/title>\n<meta name=\"robots\" content=\"index, follow, max-snippet:-1, max-image-preview:large, max-video-preview:-1\" \/>\n<link rel=\"canonical\" href=\"http:\/\/isoujewellery.com\/en\/product\/the-bow-baget-pirlanta-yuzuk\/\" \/>\n<meta property=\"og:locale\" content=\"en_US\" \/>\n<meta property=\"og:type\" content=\"article\" \/>\n<meta property=\"og:title\" content=\"The Bow Baget P\u0131rlanta Y\u00fcz\u00fck - ISOU\" \/>\n<meta property=\"og:description\" content=\"Metal: 18 Ayar Beyaz ve Sar\u0131 Alt\u0131n (y\u00fcz\u00fck sar\u0131, fiyonk beyaz)Ta\u015flar: P\u0131rlantaP\u0131rlanta 1: 0.94ct. yuvarlak kesim, G\/VSP\u0131rlanta 2: 0.45ct. baget kesim, G\/VSP\u0131rlanta 3: 0.20ct. damla kesim, G\/VSToplam P\u0131rlanta: 1.59ct.\" \/>\n<meta property=\"og:url\" content=\"http:\/\/isoujewellery.com\/en\/product\/the-bow-baget-pirlanta-yuzuk\/\" \/>\n<meta property=\"og:site_name\" content=\"ISOU\" \/>\n<meta property=\"article:publisher\" content=\"https:\/\/www.facebook.com\/isoujewellery\/\" \/>\n<meta property=\"article:modified_time\" content=\"2025-10-23T07:57:18+00:00\" \/>\n<meta property=\"og:image\" content=\"http:\/\/isoujewellery.com\/wp-content\/uploads\/2025\/05\/TBF08_1-scaled.jpg\" \/>\n\t<meta property=\"og:image:width\" content=\"2048\" \/>\n\t<meta property=\"og:image:height\" content=\"2560\" \/>\n\t<meta property=\"og:image:type\" content=\"image\/jpeg\" \/>\n<meta name=\"twitter:card\" content=\"summary_large_image\" \/>\n<meta name=\"twitter:label1\" content=\"Est. reading time\" \/>\n\t<meta name=\"twitter:data1\" content=\"1 minute\" \/>\n<script type=\"application\/ld+json\" class=\"yoast-schema-graph\">{\"@context\":\"https:\/\/schema.org\",\"@graph\":[{\"@type\":\"WebPage\",\"@id\":\"http:\/\/isoujewellery.com\/en\/product\/the-bow-baget-pirlanta-yuzuk\/\",\"url\":\"http:\/\/isoujewellery.com\/en\/product\/the-bow-baget-pirlanta-yuzuk\/\",\"name\":\"The Bow Baget P\u0131rlanta Y\u00fcz\u00fck - ISOU\",\"isPartOf\":{\"@id\":\"https:\/\/isoujewellery.com\/en\/#website\"},\"primaryImageOfPage\":{\"@id\":\"http:\/\/isoujewellery.com\/en\/product\/the-bow-baget-pirlanta-yuzuk\/#primaryimage\"},\"image\":{\"@id\":\"http:\/\/isoujewellery.com\/en\/product\/the-bow-baget-pirlanta-yuzuk\/#primaryimage\"},\"thumbnailUrl\":\"https:\/\/isoujewellery.com\/wp-content\/uploads\/2025\/05\/TBF08_1-scaled.jpg\",\"datePublished\":\"2025-05-01T18:54:32+00:00\",\"dateModified\":\"2025-10-23T07:57:18+00:00\",\"breadcrumb\":{\"@id\":\"http:\/\/isoujewellery.com\/en\/product\/the-bow-baget-pirlanta-yuzuk\/#breadcrumb\"},\"inLanguage\":\"en-US\",\"potentialAction\":[{\"@type\":\"ReadAction\",\"target\":[\"http:\/\/isoujewellery.com\/en\/product\/the-bow-baget-pirlanta-yuzuk\/\"]}]},{\"@type\":\"ImageObject\",\"inLanguage\":\"en-US\",\"@id\":\"http:\/\/isoujewellery.com\/en\/product\/the-bow-baget-pirlanta-yuzuk\/#primaryimage\",\"url\":\"https:\/\/isoujewellery.com\/wp-content\/uploads\/2025\/05\/TBF08_1-scaled.jpg\",\"contentUrl\":\"https:\/\/isoujewellery.com\/wp-content\/uploads\/2025\/05\/TBF08_1-scaled.jpg\",\"width\":2048,\"height\":2560},{\"@type\":\"BreadcrumbList\",\"@id\":\"http:\/\/isoujewellery.com\/en\/product\/the-bow-baget-pirlanta-yuzuk\/#breadcrumb\",\"itemListElement\":[{\"@type\":\"ListItem\",\"position\":1,\"name\":\"Anasayfa\",\"item\":\"https:\/\/isoujewellery.com\/en\/\"},{\"@type\":\"ListItem\",\"position\":2,\"name\":\"Products\",\"item\":\"https:\/\/isoujewellery.com\/en\/shop\/\"},{\"@type\":\"ListItem\",\"position\":3,\"name\":\"The Bow Baget P\u0131rlanta Y\u00fcz\u00fck\"}]},{\"@type\":\"WebSite\",\"@id\":\"https:\/\/isoujewellery.com\/en\/#website\",\"url\":\"https:\/\/isoujewellery.com\/en\/\",\"name\":\"ISOU\",\"description\":\"ISOU Jewellery | Aysu Korkmazoglu | \u0130stanbul\",\"publisher\":{\"@id\":\"https:\/\/isoujewellery.com\/en\/#organization\"},\"potentialAction\":[{\"@type\":\"SearchAction\",\"target\":{\"@type\":\"EntryPoint\",\"urlTemplate\":\"https:\/\/isoujewellery.com\/en\/?s={search_term_string}\"},\"query-input\":{\"@type\":\"PropertyValueSpecification\",\"valueRequired\":true,\"valueName\":\"search_term_string\"}}],\"inLanguage\":\"en-US\"},{\"@type\":\"Organization\",\"@id\":\"https:\/\/isoujewellery.com\/en\/#organization\",\"name\":\"ISOU Jewellery\",\"url\":\"https:\/\/isoujewellery.com\/en\/\",\"logo\":{\"@type\":\"ImageObject\",\"inLanguage\":\"en-US\",\"@id\":\"https:\/\/isoujewellery.com\/en\/#\/schema\/logo\/image\/\",\"url\":\"https:\/\/isoujewellery.com\/wp-content\/uploads\/2025\/04\/logo-isou-1.png\",\"contentUrl\":\"https:\/\/isoujewellery.com\/wp-content\/uploads\/2025\/04\/logo-isou-1.png\",\"width\":695,\"height\":184,\"caption\":\"ISOU Jewellery\"},\"image\":{\"@id\":\"https:\/\/isoujewellery.com\/en\/#\/schema\/logo\/image\/\"},\"sameAs\":[\"https:\/\/www.facebook.com\/isoujewellery\/\",\"https:\/\/www.instagram.com\/isoujewellery\/\",\"https:\/\/www.linkedin.com\/company\/isoujewellery\/\"]}]}<\/script>\n<!-- \/ Yoast SEO plugin. -->","yoast_head_json":{"title":"The Bow Baget P\u0131rlanta Y\u00fcz\u00fck - ISOU","robots":{"index":"index","follow":"follow","max-snippet":"max-snippet:-1","max-image-preview":"max-image-preview:large","max-video-preview":"max-video-preview:-1"},"canonical":"http:\/\/isoujewellery.com\/en\/product\/the-bow-baget-pirlanta-yuzuk\/","og_locale":"en_US","og_type":"article","og_title":"The Bow Baget P\u0131rlanta Y\u00fcz\u00fck - ISOU","og_description":"Metal: 18 Ayar Beyaz ve Sar\u0131 Alt\u0131n (y\u00fcz\u00fck sar\u0131, fiyonk beyaz)Ta\u015flar: P\u0131rlantaP\u0131rlanta 1: 0.94ct. yuvarlak kesim, G\/VSP\u0131rlanta 2: 0.45ct. baget kesim, G\/VSP\u0131rlanta 3: 0.20ct. damla kesim, G\/VSToplam P\u0131rlanta: 1.59ct.","og_url":"http:\/\/isoujewellery.com\/en\/product\/the-bow-baget-pirlanta-yuzuk\/","og_site_name":"ISOU","article_publisher":"https:\/\/www.facebook.com\/isoujewellery\/","article_modified_time":"2025-10-23T07:57:18+00:00","og_image":[{"width":2048,"height":2560,"url":"http:\/\/isoujewellery.com\/wp-content\/uploads\/2025\/05\/TBF08_1-scaled.jpg","type":"image\/jpeg"}],"twitter_card":"summary_large_image","twitter_misc":{"Est. reading time":"1 minute"},"schema":{"@context":"https:\/\/schema.org","@graph":[{"@type":"WebPage","@id":"http:\/\/isoujewellery.com\/en\/product\/the-bow-baget-pirlanta-yuzuk\/","url":"http:\/\/isoujewellery.com\/en\/product\/the-bow-baget-pirlanta-yuzuk\/","name":"The Bow Baget P\u0131rlanta Y\u00fcz\u00fck - ISOU","isPartOf":{"@id":"https:\/\/isoujewellery.com\/en\/#website"},"primaryImageOfPage":{"@id":"http:\/\/isoujewellery.com\/en\/product\/the-bow-baget-pirlanta-yuzuk\/#primaryimage"},"image":{"@id":"http:\/\/isoujewellery.com\/en\/product\/the-bow-baget-pirlanta-yuzuk\/#primaryimage"},"thumbnailUrl":"https:\/\/isoujewellery.com\/wp-content\/uploads\/2025\/05\/TBF08_1-scaled.jpg","datePublished":"2025-05-01T18:54:32+00:00","dateModified":"2025-10-23T07:57:18+00:00","breadcrumb":{"@id":"http:\/\/isoujewellery.com\/en\/product\/the-bow-baget-pirlanta-yuzuk\/#breadcrumb"},"inLanguage":"en-US","potentialAction":[{"@type":"ReadAction","target":["http:\/\/isoujewellery.com\/en\/product\/the-bow-baget-pirlanta-yuzuk\/"]}]},{"@type":"ImageObject","inLanguage":"en-US","@id":"http:\/\/isoujewellery.com\/en\/product\/the-bow-baget-pirlanta-yuzuk\/#primaryimage","url":"https:\/\/isoujewellery.com\/wp-content\/uploads\/2025\/05\/TBF08_1-scaled.jpg","contentUrl":"https:\/\/isoujewellery.com\/wp-content\/uploads\/2025\/05\/TBF08_1-scaled.jpg","width":2048,"height":2560},{"@type":"BreadcrumbList","@id":"http:\/\/isoujewellery.com\/en\/product\/the-bow-baget-pirlanta-yuzuk\/#breadcrumb","itemListElement":[{"@type":"ListItem","position":1,"name":"Anasayfa","item":"https:\/\/isoujewellery.com\/en\/"},{"@type":"ListItem","position":2,"name":"Products","item":"https:\/\/isoujewellery.com\/en\/shop\/"},{"@type":"ListItem","position":3,"name":"The Bow Baget P\u0131rlanta Y\u00fcz\u00fck"}]},{"@type":"WebSite","@id":"https:\/\/isoujewellery.com\/en\/#website","url":"https:\/\/isoujewellery.com\/en\/","name":"ISOU","description":"ISOU Jewellery | Aysu Korkmazoglu | Istanbul","publisher":{"@id":"https:\/\/isoujewellery.com\/en\/#organization"},"potentialAction":[{"@type":"SearchAction","target":{"@type":"EntryPoint","urlTemplate":"https:\/\/isoujewellery.com\/en\/?s={search_term_string}"},"query-input":{"@type":"PropertyValueSpecification","valueRequired":true,"valueName":"search_term_string"}}],"inLanguage":"en-US"},{"@type":"Organization","@id":"https:\/\/isoujewellery.com\/en\/#organization","name":"ISOU Jewelry","url":"https:\/\/isoujewellery.com\/en\/","logo":{"@type":"ImageObject","inLanguage":"en-US","@id":"https:\/\/isoujewellery.com\/en\/#\/schema\/logo\/image\/","url":"https:\/\/isoujewellery.com\/wp-content\/uploads\/2025\/04\/logo-isou-1.png","contentUrl":"https:\/\/isoujewellery.com\/wp-content\/uploads\/2025\/04\/logo-isou-1.png","width":695,"height":184,"caption":"ISOU Jewellery"},"image":{"@id":"https:\/\/isoujewellery.com\/en\/#\/schema\/logo\/image\/"},"sameAs":["https:\/\/www.facebook.com\/isoujewellery\/","https:\/\/www.instagram.com\/isoujewellery\/","https:\/\/www.linkedin.com\/company\/isoujewellery\/"]}]}},"jetpack_sharing_enabled":true,"_links":{"self":[{"href":"https:\/\/isoujewellery.com\/en\/wp-json\/wp\/v2\/product\/47318","targetHints":{"allow":["GET"]}}],"collection":[{"href":"https:\/\/isoujewellery.com\/en\/wp-json\/wp\/v2\/product"}],"about":[{"href":"https:\/\/isoujewellery.com\/en\/wp-json\/wp\/v2\/types\/product"}],"replies":[{"embeddable":true,"href":"https:\/\/isoujewellery.com\/en\/wp-json\/wp\/v2\/comments?post=47318"}],"version-history":[{"count":2,"href":"https:\/\/isoujewellery.com\/en\/wp-json\/wp\/v2\/product\/47318\/revisions"}],"predecessor-version":[{"id":48097,"href":"https:\/\/isoujewellery.com\/en\/wp-json\/wp\/v2\/product\/47318\/revisions\/48097"}],"wp:featuredmedia":[{"embeddable":true,"href":"https:\/\/isoujewellery.com\/en\/wp-json\/wp\/v2\/media\/47320"}],"wp:attachment":[{"href":"https:\/\/isoujewellery.com\/en\/wp-json\/wp\/v2\/media?parent=47318"}],"wp:term":[{"taxonomy":"product_brand","embeddable":true,"href":"https:\/\/isoujewellery.com\/en\/wp-json\/wp\/v2\/product_brand?post=47318"},{"taxonomy":"product_cat","embeddable":true,"href":"https:\/\/isoujewellery.com\/en\/wp-json\/wp\/v2\/product_cat?post=47318"},{"taxonomy":"product_tag","embeddable":true,"href":"https:\/\/isoujewellery.com\/en\/wp-json\/wp\/v2\/product_tag?post=47318"}],"curies":[{"name":"wp","href":"https:\/\/api.w.org\/{rel}","templated":true}]}}