{"id":47249,"date":"2025-05-01T11:54:24","date_gmt":"2025-05-01T11:54:24","guid":{"rendered":"http:\/\/isoujewellery.com\/?post_type=product&#038;p=47249"},"modified":"2025-10-20T17:18:28","modified_gmt":"2025-10-20T14:18:28","slug":"love-my-baget-pirlanta-yuzuk","status":"publish","type":"product","link":"https:\/\/isoujewellery.com\/en\/product\/love-my-baget-pirlanta-yuzuk\/","title":{"rendered":"Love My Baguette Diamond Ring"},"content":{"rendered":"","protected":false},"excerpt":{"rendered":"<p><strong data-start=\"0\" data-end=\"10\" data-is-only-node=\"\">Metal:<\/strong> 18 Carat White and Rose Gold<br data-start=\"38\" data-end=\"41\" \/><strong data-start=\"41\" data-end=\"52\">Stones:<\/strong> Diamond<br data-start=\"61\" data-end=\"64\" \/><strong data-start=\"64\" data-end=\"79\">Diamond 1:<\/strong> 0.07ct round cut (VS)<br data-start=\"106\" data-end=\"109\" \/><strong data-start=\"109\" data-end=\"124\">Diamond 2:<\/strong> 0.87ct baguette cut (VS)<br data-start=\"148\" data-end=\"151\" \/><strong data-start=\"151\" data-end=\"166\">Diamond 3:<\/strong> 0.08ct princess cut<br data-start=\"187\" data-end=\"190\" \/><strong data-start=\"190\" data-end=\"210\">Total Diamonds:<\/strong> 1.02ct<br \/>\n<strong data-start=\"0\" data-end=\"12\" data-is-only-node=\"\">Length:<\/strong> 3 cm<\/p>","protected":false},"featured_media":47251,"comment_status":"open","ping_status":"closed","template":"","meta":{"_acf_changed":false},"product_brand":[234],"product_cat":[245,216],"product_tag":[],"class_list":{"0":"post-47249","1":"product","2":"type-product","3":"status-publish","4":"has-post-thumbnail","6":"product_brand-isou-jewellery","7":"product_cat-yuzuk","8":"product_cat-love-my-ring-koleksiyonu","11":"first","12":"instock","13":"featured","14":"taxable","15":"shipping-taxable","16":"purchasable","17":"product-type-variable"},"acf":[],"yoast_head":"<!-- This site is optimized with the Yoast SEO plugin v26.8 - https:\/\/yoast.com\/product\/yoast-seo-wordpress\/ -->\n<title>Love My Baget P\u0131rlanta Y\u00fcz\u00fck - ISOU<\/title>\n<meta name=\"robots\" content=\"index, follow, max-snippet:-1, max-image-preview:large, max-video-preview:-1\" \/>\n<link rel=\"canonical\" href=\"http:\/\/isoujewellery.com\/en\/product\/love-my-baget-pirlanta-yuzuk\/\" \/>\n<meta property=\"og:locale\" content=\"en_US\" \/>\n<meta property=\"og:type\" content=\"article\" \/>\n<meta property=\"og:title\" content=\"Love My Baget P\u0131rlanta Y\u00fcz\u00fck - ISOU\" \/>\n<meta property=\"og:description\" content=\"Metal: 18 Ayar Beyaz ve Rose Alt\u0131nTa\u015flar: P\u0131rlantaP\u0131rlanta 1: 0.07ct yuvarlak kesim (VS)P\u0131rlanta 2: 0.87ct baget kesim (VS)P\u0131rlanta 3: 0.08ct prenses kesimToplam P\u0131rlanta: 1.02ct Uzunluk: 3 cm\" \/>\n<meta property=\"og:url\" content=\"http:\/\/isoujewellery.com\/en\/product\/love-my-baget-pirlanta-yuzuk\/\" \/>\n<meta property=\"og:site_name\" content=\"ISOU\" \/>\n<meta property=\"article:publisher\" content=\"https:\/\/www.facebook.com\/isoujewellery\/\" \/>\n<meta property=\"article:modified_time\" content=\"2025-10-20T14:18:28+00:00\" \/>\n<meta property=\"og:image\" content=\"http:\/\/isoujewellery.com\/wp-content\/uploads\/2025\/05\/LMR16_1-scaled.jpg\" \/>\n\t<meta property=\"og:image:width\" content=\"2560\" \/>\n\t<meta property=\"og:image:height\" content=\"2560\" \/>\n\t<meta property=\"og:image:type\" content=\"image\/jpeg\" \/>\n<meta name=\"twitter:card\" content=\"summary_large_image\" \/>\n<script type=\"application\/ld+json\" class=\"yoast-schema-graph\">{\"@context\":\"https:\/\/schema.org\",\"@graph\":[{\"@type\":\"WebPage\",\"@id\":\"http:\/\/isoujewellery.com\/en\/product\/love-my-baget-pirlanta-yuzuk\/\",\"url\":\"http:\/\/isoujewellery.com\/en\/product\/love-my-baget-pirlanta-yuzuk\/\",\"name\":\"Love My Baget P\u0131rlanta Y\u00fcz\u00fck - ISOU\",\"isPartOf\":{\"@id\":\"https:\/\/isoujewellery.com\/en\/#website\"},\"primaryImageOfPage\":{\"@id\":\"http:\/\/isoujewellery.com\/en\/product\/love-my-baget-pirlanta-yuzuk\/#primaryimage\"},\"image\":{\"@id\":\"http:\/\/isoujewellery.com\/en\/product\/love-my-baget-pirlanta-yuzuk\/#primaryimage\"},\"thumbnailUrl\":\"https:\/\/isoujewellery.com\/wp-content\/uploads\/2025\/05\/LMR16_1-scaled.jpg\",\"datePublished\":\"2025-05-01T11:54:24+00:00\",\"dateModified\":\"2025-10-20T14:18:28+00:00\",\"breadcrumb\":{\"@id\":\"http:\/\/isoujewellery.com\/en\/product\/love-my-baget-pirlanta-yuzuk\/#breadcrumb\"},\"inLanguage\":\"en-US\",\"potentialAction\":[{\"@type\":\"ReadAction\",\"target\":[\"http:\/\/isoujewellery.com\/en\/product\/love-my-baget-pirlanta-yuzuk\/\"]}]},{\"@type\":\"ImageObject\",\"inLanguage\":\"en-US\",\"@id\":\"http:\/\/isoujewellery.com\/en\/product\/love-my-baget-pirlanta-yuzuk\/#primaryimage\",\"url\":\"https:\/\/isoujewellery.com\/wp-content\/uploads\/2025\/05\/LMR16_1-scaled.jpg\",\"contentUrl\":\"https:\/\/isoujewellery.com\/wp-content\/uploads\/2025\/05\/LMR16_1-scaled.jpg\",\"width\":2560,\"height\":2560},{\"@type\":\"BreadcrumbList\",\"@id\":\"http:\/\/isoujewellery.com\/en\/product\/love-my-baget-pirlanta-yuzuk\/#breadcrumb\",\"itemListElement\":[{\"@type\":\"ListItem\",\"position\":1,\"name\":\"Anasayfa\",\"item\":\"https:\/\/isoujewellery.com\/en\/\"},{\"@type\":\"ListItem\",\"position\":2,\"name\":\"Products\",\"item\":\"http:\/\/isoujewellery.com\/en\/shop\/\"},{\"@type\":\"ListItem\",\"position\":3,\"name\":\"Love My Baget P\u0131rlanta Y\u00fcz\u00fck\"}]},{\"@type\":\"WebSite\",\"@id\":\"https:\/\/isoujewellery.com\/en\/#website\",\"url\":\"https:\/\/isoujewellery.com\/en\/\",\"name\":\"ISOU\",\"description\":\"ISOU Jewellery | Aysu Korkmazoglu | \u0130stanbul\",\"publisher\":{\"@id\":\"https:\/\/isoujewellery.com\/en\/#organization\"},\"potentialAction\":[{\"@type\":\"SearchAction\",\"target\":{\"@type\":\"EntryPoint\",\"urlTemplate\":\"https:\/\/isoujewellery.com\/en\/?s={search_term_string}\"},\"query-input\":{\"@type\":\"PropertyValueSpecification\",\"valueRequired\":true,\"valueName\":\"search_term_string\"}}],\"inLanguage\":\"en-US\"},{\"@type\":\"Organization\",\"@id\":\"https:\/\/isoujewellery.com\/en\/#organization\",\"name\":\"ISOU Jewellery\",\"url\":\"https:\/\/isoujewellery.com\/en\/\",\"logo\":{\"@type\":\"ImageObject\",\"inLanguage\":\"en-US\",\"@id\":\"https:\/\/isoujewellery.com\/en\/#\/schema\/logo\/image\/\",\"url\":\"https:\/\/isoujewellery.com\/wp-content\/uploads\/2025\/04\/logo-isou-1.png\",\"contentUrl\":\"https:\/\/isoujewellery.com\/wp-content\/uploads\/2025\/04\/logo-isou-1.png\",\"width\":695,\"height\":184,\"caption\":\"ISOU Jewellery\"},\"image\":{\"@id\":\"https:\/\/isoujewellery.com\/en\/#\/schema\/logo\/image\/\"},\"sameAs\":[\"https:\/\/www.facebook.com\/isoujewellery\/\",\"https:\/\/www.instagram.com\/isoujewellery\/\",\"https:\/\/www.linkedin.com\/company\/isoujewellery\/\"]}]}<\/script>\n<!-- \/ Yoast SEO plugin. -->","yoast_head_json":{"title":"Love My Baget P\u0131rlanta Y\u00fcz\u00fck - ISOU","robots":{"index":"index","follow":"follow","max-snippet":"max-snippet:-1","max-image-preview":"max-image-preview:large","max-video-preview":"max-video-preview:-1"},"canonical":"http:\/\/isoujewellery.com\/en\/product\/love-my-baget-pirlanta-yuzuk\/","og_locale":"en_US","og_type":"article","og_title":"Love My Baget P\u0131rlanta Y\u00fcz\u00fck - ISOU","og_description":"Metal: 18 Ayar Beyaz ve Rose Alt\u0131nTa\u015flar: P\u0131rlantaP\u0131rlanta 1: 0.07ct yuvarlak kesim (VS)P\u0131rlanta 2: 0.87ct baget kesim (VS)P\u0131rlanta 3: 0.08ct prenses kesimToplam P\u0131rlanta: 1.02ct Uzunluk: 3 cm","og_url":"http:\/\/isoujewellery.com\/en\/product\/love-my-baget-pirlanta-yuzuk\/","og_site_name":"ISOU","article_publisher":"https:\/\/www.facebook.com\/isoujewellery\/","article_modified_time":"2025-10-20T14:18:28+00:00","og_image":[{"width":2560,"height":2560,"url":"http:\/\/isoujewellery.com\/wp-content\/uploads\/2025\/05\/LMR16_1-scaled.jpg","type":"image\/jpeg"}],"twitter_card":"summary_large_image","schema":{"@context":"https:\/\/schema.org","@graph":[{"@type":"WebPage","@id":"http:\/\/isoujewellery.com\/en\/product\/love-my-baget-pirlanta-yuzuk\/","url":"http:\/\/isoujewellery.com\/en\/product\/love-my-baget-pirlanta-yuzuk\/","name":"Love My Baget P\u0131rlanta Y\u00fcz\u00fck - ISOU","isPartOf":{"@id":"https:\/\/isoujewellery.com\/en\/#website"},"primaryImageOfPage":{"@id":"http:\/\/isoujewellery.com\/en\/product\/love-my-baget-pirlanta-yuzuk\/#primaryimage"},"image":{"@id":"http:\/\/isoujewellery.com\/en\/product\/love-my-baget-pirlanta-yuzuk\/#primaryimage"},"thumbnailUrl":"https:\/\/isoujewellery.com\/wp-content\/uploads\/2025\/05\/LMR16_1-scaled.jpg","datePublished":"2025-05-01T11:54:24+00:00","dateModified":"2025-10-20T14:18:28+00:00","breadcrumb":{"@id":"http:\/\/isoujewellery.com\/en\/product\/love-my-baget-pirlanta-yuzuk\/#breadcrumb"},"inLanguage":"en-US","potentialAction":[{"@type":"ReadAction","target":["http:\/\/isoujewellery.com\/en\/product\/love-my-baget-pirlanta-yuzuk\/"]}]},{"@type":"ImageObject","inLanguage":"en-US","@id":"http:\/\/isoujewellery.com\/en\/product\/love-my-baget-pirlanta-yuzuk\/#primaryimage","url":"https:\/\/isoujewellery.com\/wp-content\/uploads\/2025\/05\/LMR16_1-scaled.jpg","contentUrl":"https:\/\/isoujewellery.com\/wp-content\/uploads\/2025\/05\/LMR16_1-scaled.jpg","width":2560,"height":2560},{"@type":"BreadcrumbList","@id":"http:\/\/isoujewellery.com\/en\/product\/love-my-baget-pirlanta-yuzuk\/#breadcrumb","itemListElement":[{"@type":"ListItem","position":1,"name":"Anasayfa","item":"https:\/\/isoujewellery.com\/en\/"},{"@type":"ListItem","position":2,"name":"Products","item":"http:\/\/isoujewellery.com\/en\/shop\/"},{"@type":"ListItem","position":3,"name":"Love My Baget P\u0131rlanta Y\u00fcz\u00fck"}]},{"@type":"WebSite","@id":"https:\/\/isoujewellery.com\/en\/#website","url":"https:\/\/isoujewellery.com\/en\/","name":"ISOU","description":"ISOU Jewellery | Aysu Korkmazoglu | Istanbul","publisher":{"@id":"https:\/\/isoujewellery.com\/en\/#organization"},"potentialAction":[{"@type":"SearchAction","target":{"@type":"EntryPoint","urlTemplate":"https:\/\/isoujewellery.com\/en\/?s={search_term_string}"},"query-input":{"@type":"PropertyValueSpecification","valueRequired":true,"valueName":"search_term_string"}}],"inLanguage":"en-US"},{"@type":"Organization","@id":"https:\/\/isoujewellery.com\/en\/#organization","name":"ISOU Jewelry","url":"https:\/\/isoujewellery.com\/en\/","logo":{"@type":"ImageObject","inLanguage":"en-US","@id":"https:\/\/isoujewellery.com\/en\/#\/schema\/logo\/image\/","url":"https:\/\/isoujewellery.com\/wp-content\/uploads\/2025\/04\/logo-isou-1.png","contentUrl":"https:\/\/isoujewellery.com\/wp-content\/uploads\/2025\/04\/logo-isou-1.png","width":695,"height":184,"caption":"ISOU Jewellery"},"image":{"@id":"https:\/\/isoujewellery.com\/en\/#\/schema\/logo\/image\/"},"sameAs":["https:\/\/www.facebook.com\/isoujewellery\/","https:\/\/www.instagram.com\/isoujewellery\/","https:\/\/www.linkedin.com\/company\/isoujewellery\/"]}]}},"jetpack_sharing_enabled":true,"_links":{"self":[{"href":"https:\/\/isoujewellery.com\/en\/wp-json\/wp\/v2\/product\/47249","targetHints":{"allow":["GET"]}}],"collection":[{"href":"https:\/\/isoujewellery.com\/en\/wp-json\/wp\/v2\/product"}],"about":[{"href":"https:\/\/isoujewellery.com\/en\/wp-json\/wp\/v2\/types\/product"}],"replies":[{"embeddable":true,"href":"https:\/\/isoujewellery.com\/en\/wp-json\/wp\/v2\/comments?post=47249"}],"version-history":[{"count":1,"href":"https:\/\/isoujewellery.com\/en\/wp-json\/wp\/v2\/product\/47249\/revisions"}],"predecessor-version":[{"id":47254,"href":"https:\/\/isoujewellery.com\/en\/wp-json\/wp\/v2\/product\/47249\/revisions\/47254"}],"wp:featuredmedia":[{"embeddable":true,"href":"https:\/\/isoujewellery.com\/en\/wp-json\/wp\/v2\/media\/47251"}],"wp:attachment":[{"href":"https:\/\/isoujewellery.com\/en\/wp-json\/wp\/v2\/media?parent=47249"}],"wp:term":[{"taxonomy":"product_brand","embeddable":true,"href":"https:\/\/isoujewellery.com\/en\/wp-json\/wp\/v2\/product_brand?post=47249"},{"taxonomy":"product_cat","embeddable":true,"href":"https:\/\/isoujewellery.com\/en\/wp-json\/wp\/v2\/product_cat?post=47249"},{"taxonomy":"product_tag","embeddable":true,"href":"https:\/\/isoujewellery.com\/en\/wp-json\/wp\/v2\/product_tag?post=47249"}],"curies":[{"name":"wp","href":"https:\/\/api.w.org\/{rel}","templated":true}]}}