{"id":47075,"date":"2025-04-30T15:05:49","date_gmt":"2025-04-30T15:05:49","guid":{"rendered":"http:\/\/isoujewellery.com\/?post_type=product&#038;p=47075"},"modified":"2025-10-20T11:30:23","modified_gmt":"2025-10-20T08:30:23","slug":"diamonds-galore-kalsedon-yuzuk","status":"publish","type":"product","link":"https:\/\/isoujewellery.com\/en\/product\/diamonds-galore-kalsedon-yuzuk\/","title":{"rendered":"Diamonds Galore Chalcedony Ring"},"content":{"rendered":"","protected":false},"excerpt":{"rendered":"<p><strong data-start=\"0\" data-end=\"10\" data-is-only-node=\"\">Metal:<\/strong> 18 Carat White Gold<br data-start=\"30\" data-end=\"33\" \/><strong data-start=\"33\" data-end=\"44\">Stones:<\/strong> Diamond, Citrine, Topaz, Chalcedony<br data-start=\"79\" data-end=\"82\" \/><strong data-start=\"82\" data-end=\"97\">Diamond 1:<\/strong> 0.41 carat, round cut, VS<br data-start=\"128\" data-end=\"131\" \/><strong data-start=\"131\" data-end=\"146\">Diamond 2:<\/strong> 0.08 carat, baguette cut, VS<br data-start=\"174\" data-end=\"177\" \/><strong data-start=\"177\" data-end=\"206\">Total Diamond Weight:<\/strong> 0.49 carats<br data-start=\"217\" data-end=\"220\" \/><strong data-start=\"220\" data-end=\"232\">Citrine:<\/strong> 0.34 carats<br data-start=\"243\" data-end=\"246\" \/><strong data-start=\"246\" data-end=\"256\">Topaz:<\/strong> 0.33 carats<br data-start=\"267\" data-end=\"270\" \/><strong data-start=\"270\" data-end=\"283\">Chalcedony:<\/strong> 11.09 carats<\/p>","protected":false},"featured_media":47077,"comment_status":"open","ping_status":"closed","template":"","meta":{"_acf_changed":false},"product_brand":[234],"product_cat":[245,227],"product_tag":[],"class_list":{"0":"post-47075","1":"product","2":"type-product","3":"status-publish","4":"has-post-thumbnail","6":"product_brand-isou-jewellery","7":"product_cat-yuzuk","8":"product_cat-diamonds-galore-koleksiyonu","11":"first","12":"instock","13":"taxable","14":"shipping-taxable","15":"purchasable","16":"product-type-variable"},"acf":[],"yoast_head":"<!-- This site is optimized with the Yoast SEO plugin v26.8 - https:\/\/yoast.com\/product\/yoast-seo-wordpress\/ -->\n<title>Diamonds Galore Kalsedon Y\u00fcz\u00fck - ISOU<\/title>\n<meta name=\"robots\" content=\"index, follow, max-snippet:-1, max-image-preview:large, max-video-preview:-1\" \/>\n<link rel=\"canonical\" href=\"http:\/\/isoujewellery.com\/en\/product\/diamonds-galore-kalsedon-yuzuk\/\" \/>\n<meta property=\"og:locale\" content=\"en_US\" \/>\n<meta property=\"og:type\" content=\"article\" \/>\n<meta property=\"og:title\" content=\"Diamonds Galore Kalsedon Y\u00fcz\u00fck - ISOU\" \/>\n<meta property=\"og:description\" content=\"Metal: 18 Ayar Beyaz Alt\u0131nTa\u015flar: P\u0131rlanta, Sitirin, Topaz, KalcedonP\u0131rlanta 1: 0.41 karat, yuvarlak kesim, VSP\u0131rlanta 2: 0.08 karat, baget kesim, VSToplam P\u0131rlanta A\u011f\u0131rl\u0131\u011f\u0131: 0.49 karatSitirin: 0.34 karatTopaz: 0.33 karatKalsedon: 11.09 karat\" \/>\n<meta property=\"og:url\" content=\"http:\/\/isoujewellery.com\/en\/product\/diamonds-galore-kalsedon-yuzuk\/\" \/>\n<meta property=\"og:site_name\" content=\"ISOU\" \/>\n<meta property=\"article:publisher\" content=\"https:\/\/www.facebook.com\/isoujewellery\/\" \/>\n<meta property=\"article:modified_time\" content=\"2025-10-20T08:30:23+00:00\" \/>\n<meta property=\"og:image\" content=\"http:\/\/isoujewellery.com\/wp-content\/uploads\/2025\/04\/DG21R_1-scaled.jpg\" \/>\n\t<meta property=\"og:image:width\" content=\"2560\" \/>\n\t<meta property=\"og:image:height\" content=\"2560\" \/>\n\t<meta property=\"og:image:type\" content=\"image\/jpeg\" \/>\n<meta name=\"twitter:card\" content=\"summary_large_image\" \/>\n<script type=\"application\/ld+json\" class=\"yoast-schema-graph\">{\"@context\":\"https:\/\/schema.org\",\"@graph\":[{\"@type\":\"WebPage\",\"@id\":\"http:\/\/isoujewellery.com\/en\/product\/diamonds-galore-kalsedon-yuzuk\/\",\"url\":\"http:\/\/isoujewellery.com\/en\/product\/diamonds-galore-kalsedon-yuzuk\/\",\"name\":\"Diamonds Galore Kalsedon Y\u00fcz\u00fck - ISOU\",\"isPartOf\":{\"@id\":\"https:\/\/isoujewellery.com\/en\/#website\"},\"primaryImageOfPage\":{\"@id\":\"http:\/\/isoujewellery.com\/en\/product\/diamonds-galore-kalsedon-yuzuk\/#primaryimage\"},\"image\":{\"@id\":\"http:\/\/isoujewellery.com\/en\/product\/diamonds-galore-kalsedon-yuzuk\/#primaryimage\"},\"thumbnailUrl\":\"https:\/\/isoujewellery.com\/wp-content\/uploads\/2025\/04\/DG21R_1-scaled.jpg\",\"datePublished\":\"2025-04-30T15:05:49+00:00\",\"dateModified\":\"2025-10-20T08:30:23+00:00\",\"breadcrumb\":{\"@id\":\"http:\/\/isoujewellery.com\/en\/product\/diamonds-galore-kalsedon-yuzuk\/#breadcrumb\"},\"inLanguage\":\"en-US\",\"potentialAction\":[{\"@type\":\"ReadAction\",\"target\":[\"http:\/\/isoujewellery.com\/en\/product\/diamonds-galore-kalsedon-yuzuk\/\"]}]},{\"@type\":\"ImageObject\",\"inLanguage\":\"en-US\",\"@id\":\"http:\/\/isoujewellery.com\/en\/product\/diamonds-galore-kalsedon-yuzuk\/#primaryimage\",\"url\":\"https:\/\/isoujewellery.com\/wp-content\/uploads\/2025\/04\/DG21R_1-scaled.jpg\",\"contentUrl\":\"https:\/\/isoujewellery.com\/wp-content\/uploads\/2025\/04\/DG21R_1-scaled.jpg\",\"width\":2560,\"height\":2560},{\"@type\":\"BreadcrumbList\",\"@id\":\"http:\/\/isoujewellery.com\/en\/product\/diamonds-galore-kalsedon-yuzuk\/#breadcrumb\",\"itemListElement\":[{\"@type\":\"ListItem\",\"position\":1,\"name\":\"Anasayfa\",\"item\":\"https:\/\/isoujewellery.com\/en\/\"},{\"@type\":\"ListItem\",\"position\":2,\"name\":\"Products\",\"item\":\"https:\/\/isoujewellery.com\/en\/shop\/\"},{\"@type\":\"ListItem\",\"position\":3,\"name\":\"Diamonds Galore Kalsedon Y\u00fcz\u00fck\"}]},{\"@type\":\"WebSite\",\"@id\":\"https:\/\/isoujewellery.com\/en\/#website\",\"url\":\"https:\/\/isoujewellery.com\/en\/\",\"name\":\"ISOU\",\"description\":\"ISOU Jewellery | Aysu Korkmazoglu | \u0130stanbul\",\"publisher\":{\"@id\":\"https:\/\/isoujewellery.com\/en\/#organization\"},\"potentialAction\":[{\"@type\":\"SearchAction\",\"target\":{\"@type\":\"EntryPoint\",\"urlTemplate\":\"https:\/\/isoujewellery.com\/en\/?s={search_term_string}\"},\"query-input\":{\"@type\":\"PropertyValueSpecification\",\"valueRequired\":true,\"valueName\":\"search_term_string\"}}],\"inLanguage\":\"en-US\"},{\"@type\":\"Organization\",\"@id\":\"https:\/\/isoujewellery.com\/en\/#organization\",\"name\":\"ISOU Jewellery\",\"url\":\"https:\/\/isoujewellery.com\/en\/\",\"logo\":{\"@type\":\"ImageObject\",\"inLanguage\":\"en-US\",\"@id\":\"https:\/\/isoujewellery.com\/en\/#\/schema\/logo\/image\/\",\"url\":\"https:\/\/isoujewellery.com\/wp-content\/uploads\/2025\/04\/logo-isou-1.png\",\"contentUrl\":\"https:\/\/isoujewellery.com\/wp-content\/uploads\/2025\/04\/logo-isou-1.png\",\"width\":695,\"height\":184,\"caption\":\"ISOU Jewellery\"},\"image\":{\"@id\":\"https:\/\/isoujewellery.com\/en\/#\/schema\/logo\/image\/\"},\"sameAs\":[\"https:\/\/www.facebook.com\/isoujewellery\/\",\"https:\/\/www.instagram.com\/isoujewellery\/\",\"https:\/\/www.linkedin.com\/company\/isoujewellery\/\"]}]}<\/script>\n<!-- \/ Yoast SEO plugin. -->","yoast_head_json":{"title":"Diamonds Galore Kalsedon Y\u00fcz\u00fck - ISOU","robots":{"index":"index","follow":"follow","max-snippet":"max-snippet:-1","max-image-preview":"max-image-preview:large","max-video-preview":"max-video-preview:-1"},"canonical":"http:\/\/isoujewellery.com\/en\/product\/diamonds-galore-kalsedon-yuzuk\/","og_locale":"en_US","og_type":"article","og_title":"Diamonds Galore Kalsedon Y\u00fcz\u00fck - ISOU","og_description":"Metal: 18 Ayar Beyaz Alt\u0131nTa\u015flar: P\u0131rlanta, Sitirin, Topaz, KalcedonP\u0131rlanta 1: 0.41 karat, yuvarlak kesim, VSP\u0131rlanta 2: 0.08 karat, baget kesim, VSToplam P\u0131rlanta A\u011f\u0131rl\u0131\u011f\u0131: 0.49 karatSitirin: 0.34 karatTopaz: 0.33 karatKalsedon: 11.09 karat","og_url":"http:\/\/isoujewellery.com\/en\/product\/diamonds-galore-kalsedon-yuzuk\/","og_site_name":"ISOU","article_publisher":"https:\/\/www.facebook.com\/isoujewellery\/","article_modified_time":"2025-10-20T08:30:23+00:00","og_image":[{"width":2560,"height":2560,"url":"http:\/\/isoujewellery.com\/wp-content\/uploads\/2025\/04\/DG21R_1-scaled.jpg","type":"image\/jpeg"}],"twitter_card":"summary_large_image","schema":{"@context":"https:\/\/schema.org","@graph":[{"@type":"WebPage","@id":"http:\/\/isoujewellery.com\/en\/product\/diamonds-galore-kalsedon-yuzuk\/","url":"http:\/\/isoujewellery.com\/en\/product\/diamonds-galore-kalsedon-yuzuk\/","name":"Diamonds Galore Kalsedon Y\u00fcz\u00fck - ISOU","isPartOf":{"@id":"https:\/\/isoujewellery.com\/en\/#website"},"primaryImageOfPage":{"@id":"http:\/\/isoujewellery.com\/en\/product\/diamonds-galore-kalsedon-yuzuk\/#primaryimage"},"image":{"@id":"http:\/\/isoujewellery.com\/en\/product\/diamonds-galore-kalsedon-yuzuk\/#primaryimage"},"thumbnailUrl":"https:\/\/isoujewellery.com\/wp-content\/uploads\/2025\/04\/DG21R_1-scaled.jpg","datePublished":"2025-04-30T15:05:49+00:00","dateModified":"2025-10-20T08:30:23+00:00","breadcrumb":{"@id":"http:\/\/isoujewellery.com\/en\/product\/diamonds-galore-kalsedon-yuzuk\/#breadcrumb"},"inLanguage":"en-US","potentialAction":[{"@type":"ReadAction","target":["http:\/\/isoujewellery.com\/en\/product\/diamonds-galore-kalsedon-yuzuk\/"]}]},{"@type":"ImageObject","inLanguage":"en-US","@id":"http:\/\/isoujewellery.com\/en\/product\/diamonds-galore-kalsedon-yuzuk\/#primaryimage","url":"https:\/\/isoujewellery.com\/wp-content\/uploads\/2025\/04\/DG21R_1-scaled.jpg","contentUrl":"https:\/\/isoujewellery.com\/wp-content\/uploads\/2025\/04\/DG21R_1-scaled.jpg","width":2560,"height":2560},{"@type":"BreadcrumbList","@id":"http:\/\/isoujewellery.com\/en\/product\/diamonds-galore-kalsedon-yuzuk\/#breadcrumb","itemListElement":[{"@type":"ListItem","position":1,"name":"Anasayfa","item":"https:\/\/isoujewellery.com\/en\/"},{"@type":"ListItem","position":2,"name":"Products","item":"https:\/\/isoujewellery.com\/en\/shop\/"},{"@type":"ListItem","position":3,"name":"Diamonds Galore Kalsedon Y\u00fcz\u00fck"}]},{"@type":"WebSite","@id":"https:\/\/isoujewellery.com\/en\/#website","url":"https:\/\/isoujewellery.com\/en\/","name":"ISOU","description":"ISOU Jewellery | Aysu Korkmazoglu | Istanbul","publisher":{"@id":"https:\/\/isoujewellery.com\/en\/#organization"},"potentialAction":[{"@type":"SearchAction","target":{"@type":"EntryPoint","urlTemplate":"https:\/\/isoujewellery.com\/en\/?s={search_term_string}"},"query-input":{"@type":"PropertyValueSpecification","valueRequired":true,"valueName":"search_term_string"}}],"inLanguage":"en-US"},{"@type":"Organization","@id":"https:\/\/isoujewellery.com\/en\/#organization","name":"ISOU Jewelry","url":"https:\/\/isoujewellery.com\/en\/","logo":{"@type":"ImageObject","inLanguage":"en-US","@id":"https:\/\/isoujewellery.com\/en\/#\/schema\/logo\/image\/","url":"https:\/\/isoujewellery.com\/wp-content\/uploads\/2025\/04\/logo-isou-1.png","contentUrl":"https:\/\/isoujewellery.com\/wp-content\/uploads\/2025\/04\/logo-isou-1.png","width":695,"height":184,"caption":"ISOU Jewellery"},"image":{"@id":"https:\/\/isoujewellery.com\/en\/#\/schema\/logo\/image\/"},"sameAs":["https:\/\/www.facebook.com\/isoujewellery\/","https:\/\/www.instagram.com\/isoujewellery\/","https:\/\/www.linkedin.com\/company\/isoujewellery\/"]}]}},"jetpack_sharing_enabled":true,"_links":{"self":[{"href":"https:\/\/isoujewellery.com\/en\/wp-json\/wp\/v2\/product\/47075","targetHints":{"allow":["GET"]}}],"collection":[{"href":"https:\/\/isoujewellery.com\/en\/wp-json\/wp\/v2\/product"}],"about":[{"href":"https:\/\/isoujewellery.com\/en\/wp-json\/wp\/v2\/types\/product"}],"replies":[{"embeddable":true,"href":"https:\/\/isoujewellery.com\/en\/wp-json\/wp\/v2\/comments?post=47075"}],"version-history":[{"count":2,"href":"https:\/\/isoujewellery.com\/en\/wp-json\/wp\/v2\/product\/47075\/revisions"}],"predecessor-version":[{"id":48139,"href":"https:\/\/isoujewellery.com\/en\/wp-json\/wp\/v2\/product\/47075\/revisions\/48139"}],"wp:featuredmedia":[{"embeddable":true,"href":"https:\/\/isoujewellery.com\/en\/wp-json\/wp\/v2\/media\/47077"}],"wp:attachment":[{"href":"https:\/\/isoujewellery.com\/en\/wp-json\/wp\/v2\/media?parent=47075"}],"wp:term":[{"taxonomy":"product_brand","embeddable":true,"href":"https:\/\/isoujewellery.com\/en\/wp-json\/wp\/v2\/product_brand?post=47075"},{"taxonomy":"product_cat","embeddable":true,"href":"https:\/\/isoujewellery.com\/en\/wp-json\/wp\/v2\/product_cat?post=47075"},{"taxonomy":"product_tag","embeddable":true,"href":"https:\/\/isoujewellery.com\/en\/wp-json\/wp\/v2\/product_tag?post=47075"}],"curies":[{"name":"wp","href":"https:\/\/api.w.org\/{rel}","templated":true}]}}