{"id":46966,"date":"2025-04-29T14:30:52","date_gmt":"2025-04-29T14:30:52","guid":{"rendered":"http:\/\/isoujewellery.com\/?post_type=product&#038;p=46966"},"modified":"2025-09-22T11:01:30","modified_gmt":"2025-09-22T08:01:30","slug":"cift-yilan-figurlu-halka-kupeler","status":"publish","type":"product","link":"https:\/\/isoujewellery.com\/en\/product\/cift-yilan-figurlu-halka-kupeler\/","title":{"rendered":"Double Snake Figured Hoop Earrings"},"content":{"rendered":"","protected":false},"excerpt":{"rendered":"<p><strong data-start=\"0\" data-end=\"15\" data-is-only-node=\"\">Collection:<\/strong> Fun Luxury<br data-start=\"26\" data-end=\"29\" \/><strong data-start=\"29\" data-end=\"39\">Metal:<\/strong> 14 Carat Rose Gold<br data-start=\"58\" data-end=\"61\" \/><strong data-start=\"61\" data-end=\"72\">Stones:<\/strong> Diamond<br data-start=\"81\" data-end=\"84\" \/><strong data-start=\"84\" data-end=\"97\">Diamond:<\/strong> 0.83 carat, round cut, H\/SI<br \/>\n<strong>Diameter:<\/strong> 6cm<\/p>","protected":false},"featured_media":46969,"comment_status":"open","ping_status":"closed","template":"","meta":{"_acf_changed":false},"product_brand":[234],"product_cat":[70,58],"product_tag":[],"class_list":{"0":"post-46966","1":"product","2":"type-product","3":"status-publish","4":"has-post-thumbnail","6":"product_brand-isou-jewellery","7":"product_cat-kupe","8":"product_cat-fun-luxury-koleksiyonu","11":"first","12":"instock","13":"taxable","14":"shipping-taxable","15":"purchasable","16":"product-type-variable"},"acf":[],"yoast_head":"<!-- This site is optimized with the Yoast SEO plugin v26.8 - https:\/\/yoast.com\/product\/yoast-seo-wordpress\/ -->\n<title>\u00c7ift Y\u0131lan Fig\u00fcrl\u00fc Halka K\u00fcpeler - ISOU<\/title>\n<meta name=\"robots\" content=\"index, follow, max-snippet:-1, max-image-preview:large, max-video-preview:-1\" \/>\n<link rel=\"canonical\" href=\"http:\/\/isoujewellery.com\/en\/product\/cift-yilan-figurlu-halka-kupeler\/\" \/>\n<meta property=\"og:locale\" content=\"en_US\" \/>\n<meta property=\"og:type\" content=\"article\" \/>\n<meta property=\"og:title\" content=\"\u00c7ift Y\u0131lan Fig\u00fcrl\u00fc Halka K\u00fcpeler - ISOU\" \/>\n<meta property=\"og:description\" content=\"Koleksiyon: Fun LuxuryMetal: 14 Ayar Rose Alt\u0131nTa\u015flar: P\u0131rlantaP\u0131rlanta: 0.83 karat, yuvarlak kesim, H\/SI \u00c7ap\u0131: 6cm\" \/>\n<meta property=\"og:url\" content=\"http:\/\/isoujewellery.com\/en\/product\/cift-yilan-figurlu-halka-kupeler\/\" \/>\n<meta property=\"og:site_name\" content=\"ISOU\" \/>\n<meta property=\"article:publisher\" content=\"https:\/\/www.facebook.com\/isoujewellery\/\" \/>\n<meta property=\"article:modified_time\" content=\"2025-09-22T08:01:30+00:00\" \/>\n<meta property=\"og:image\" content=\"http:\/\/isoujewellery.com\/wp-content\/uploads\/2025\/04\/FL01E_1-scaled.jpg\" \/>\n\t<meta property=\"og:image:width\" content=\"2560\" \/>\n\t<meta property=\"og:image:height\" content=\"2560\" \/>\n\t<meta property=\"og:image:type\" content=\"image\/jpeg\" \/>\n<meta name=\"twitter:card\" content=\"summary_large_image\" \/>\n<meta name=\"twitter:label1\" content=\"Est. reading time\" \/>\n\t<meta name=\"twitter:data1\" content=\"1 minute\" \/>\n<script type=\"application\/ld+json\" class=\"yoast-schema-graph\">{\"@context\":\"https:\/\/schema.org\",\"@graph\":[{\"@type\":\"WebPage\",\"@id\":\"http:\/\/isoujewellery.com\/en\/product\/cift-yilan-figurlu-halka-kupeler\/\",\"url\":\"http:\/\/isoujewellery.com\/en\/product\/cift-yilan-figurlu-halka-kupeler\/\",\"name\":\"\u00c7ift Y\u0131lan Fig\u00fcrl\u00fc Halka K\u00fcpeler - ISOU\",\"isPartOf\":{\"@id\":\"https:\/\/isoujewellery.com\/en\/#website\"},\"primaryImageOfPage\":{\"@id\":\"http:\/\/isoujewellery.com\/en\/product\/cift-yilan-figurlu-halka-kupeler\/#primaryimage\"},\"image\":{\"@id\":\"http:\/\/isoujewellery.com\/en\/product\/cift-yilan-figurlu-halka-kupeler\/#primaryimage\"},\"thumbnailUrl\":\"https:\/\/isoujewellery.com\/wp-content\/uploads\/2025\/04\/FL01E_1-scaled.jpg\",\"datePublished\":\"2025-04-29T14:30:52+00:00\",\"dateModified\":\"2025-09-22T08:01:30+00:00\",\"breadcrumb\":{\"@id\":\"http:\/\/isoujewellery.com\/en\/product\/cift-yilan-figurlu-halka-kupeler\/#breadcrumb\"},\"inLanguage\":\"en-US\",\"potentialAction\":[{\"@type\":\"ReadAction\",\"target\":[\"http:\/\/isoujewellery.com\/en\/product\/cift-yilan-figurlu-halka-kupeler\/\"]}]},{\"@type\":\"ImageObject\",\"inLanguage\":\"en-US\",\"@id\":\"http:\/\/isoujewellery.com\/en\/product\/cift-yilan-figurlu-halka-kupeler\/#primaryimage\",\"url\":\"https:\/\/isoujewellery.com\/wp-content\/uploads\/2025\/04\/FL01E_1-scaled.jpg\",\"contentUrl\":\"https:\/\/isoujewellery.com\/wp-content\/uploads\/2025\/04\/FL01E_1-scaled.jpg\",\"width\":2560,\"height\":2560},{\"@type\":\"BreadcrumbList\",\"@id\":\"http:\/\/isoujewellery.com\/en\/product\/cift-yilan-figurlu-halka-kupeler\/#breadcrumb\",\"itemListElement\":[{\"@type\":\"ListItem\",\"position\":1,\"name\":\"Anasayfa\",\"item\":\"https:\/\/isoujewellery.com\/en\/\"},{\"@type\":\"ListItem\",\"position\":2,\"name\":\"Products\",\"item\":\"https:\/\/isoujewellery.com\/en\/shop\/\"},{\"@type\":\"ListItem\",\"position\":3,\"name\":\"\u00c7ift Y\u0131lan Fig\u00fcrl\u00fc Halka K\u00fcpeler\"}]},{\"@type\":\"WebSite\",\"@id\":\"https:\/\/isoujewellery.com\/en\/#website\",\"url\":\"https:\/\/isoujewellery.com\/en\/\",\"name\":\"ISOU\",\"description\":\"ISOU Jewellery | Aysu Korkmazoglu | \u0130stanbul\",\"publisher\":{\"@id\":\"https:\/\/isoujewellery.com\/en\/#organization\"},\"potentialAction\":[{\"@type\":\"SearchAction\",\"target\":{\"@type\":\"EntryPoint\",\"urlTemplate\":\"https:\/\/isoujewellery.com\/en\/?s={search_term_string}\"},\"query-input\":{\"@type\":\"PropertyValueSpecification\",\"valueRequired\":true,\"valueName\":\"search_term_string\"}}],\"inLanguage\":\"en-US\"},{\"@type\":\"Organization\",\"@id\":\"https:\/\/isoujewellery.com\/en\/#organization\",\"name\":\"ISOU Jewellery\",\"url\":\"https:\/\/isoujewellery.com\/en\/\",\"logo\":{\"@type\":\"ImageObject\",\"inLanguage\":\"en-US\",\"@id\":\"https:\/\/isoujewellery.com\/en\/#\/schema\/logo\/image\/\",\"url\":\"https:\/\/isoujewellery.com\/wp-content\/uploads\/2025\/04\/logo-isou-1.png\",\"contentUrl\":\"https:\/\/isoujewellery.com\/wp-content\/uploads\/2025\/04\/logo-isou-1.png\",\"width\":695,\"height\":184,\"caption\":\"ISOU Jewellery\"},\"image\":{\"@id\":\"https:\/\/isoujewellery.com\/en\/#\/schema\/logo\/image\/\"},\"sameAs\":[\"https:\/\/www.facebook.com\/isoujewellery\/\",\"https:\/\/www.instagram.com\/isoujewellery\/\",\"https:\/\/www.linkedin.com\/company\/isoujewellery\/\"]}]}<\/script>\n<!-- \/ Yoast SEO plugin. -->","yoast_head_json":{"title":"\u00c7ift Y\u0131lan Fig\u00fcrl\u00fc Halka K\u00fcpeler - ISOU","robots":{"index":"index","follow":"follow","max-snippet":"max-snippet:-1","max-image-preview":"max-image-preview:large","max-video-preview":"max-video-preview:-1"},"canonical":"http:\/\/isoujewellery.com\/en\/product\/cift-yilan-figurlu-halka-kupeler\/","og_locale":"en_US","og_type":"article","og_title":"\u00c7ift Y\u0131lan Fig\u00fcrl\u00fc Halka K\u00fcpeler - ISOU","og_description":"Koleksiyon: Fun LuxuryMetal: 14 Ayar Rose Alt\u0131nTa\u015flar: P\u0131rlantaP\u0131rlanta: 0.83 karat, yuvarlak kesim, H\/SI \u00c7ap\u0131: 6cm","og_url":"http:\/\/isoujewellery.com\/en\/product\/cift-yilan-figurlu-halka-kupeler\/","og_site_name":"ISOU","article_publisher":"https:\/\/www.facebook.com\/isoujewellery\/","article_modified_time":"2025-09-22T08:01:30+00:00","og_image":[{"width":2560,"height":2560,"url":"http:\/\/isoujewellery.com\/wp-content\/uploads\/2025\/04\/FL01E_1-scaled.jpg","type":"image\/jpeg"}],"twitter_card":"summary_large_image","twitter_misc":{"Est. reading time":"1 minute"},"schema":{"@context":"https:\/\/schema.org","@graph":[{"@type":"WebPage","@id":"http:\/\/isoujewellery.com\/en\/product\/cift-yilan-figurlu-halka-kupeler\/","url":"http:\/\/isoujewellery.com\/en\/product\/cift-yilan-figurlu-halka-kupeler\/","name":"\u00c7ift Y\u0131lan Fig\u00fcrl\u00fc Halka K\u00fcpeler - ISOU","isPartOf":{"@id":"https:\/\/isoujewellery.com\/en\/#website"},"primaryImageOfPage":{"@id":"http:\/\/isoujewellery.com\/en\/product\/cift-yilan-figurlu-halka-kupeler\/#primaryimage"},"image":{"@id":"http:\/\/isoujewellery.com\/en\/product\/cift-yilan-figurlu-halka-kupeler\/#primaryimage"},"thumbnailUrl":"https:\/\/isoujewellery.com\/wp-content\/uploads\/2025\/04\/FL01E_1-scaled.jpg","datePublished":"2025-04-29T14:30:52+00:00","dateModified":"2025-09-22T08:01:30+00:00","breadcrumb":{"@id":"http:\/\/isoujewellery.com\/en\/product\/cift-yilan-figurlu-halka-kupeler\/#breadcrumb"},"inLanguage":"en-US","potentialAction":[{"@type":"ReadAction","target":["http:\/\/isoujewellery.com\/en\/product\/cift-yilan-figurlu-halka-kupeler\/"]}]},{"@type":"ImageObject","inLanguage":"en-US","@id":"http:\/\/isoujewellery.com\/en\/product\/cift-yilan-figurlu-halka-kupeler\/#primaryimage","url":"https:\/\/isoujewellery.com\/wp-content\/uploads\/2025\/04\/FL01E_1-scaled.jpg","contentUrl":"https:\/\/isoujewellery.com\/wp-content\/uploads\/2025\/04\/FL01E_1-scaled.jpg","width":2560,"height":2560},{"@type":"BreadcrumbList","@id":"http:\/\/isoujewellery.com\/en\/product\/cift-yilan-figurlu-halka-kupeler\/#breadcrumb","itemListElement":[{"@type":"ListItem","position":1,"name":"Anasayfa","item":"https:\/\/isoujewellery.com\/en\/"},{"@type":"ListItem","position":2,"name":"Products","item":"https:\/\/isoujewellery.com\/en\/shop\/"},{"@type":"ListItem","position":3,"name":"\u00c7ift Y\u0131lan Fig\u00fcrl\u00fc Halka K\u00fcpeler"}]},{"@type":"WebSite","@id":"https:\/\/isoujewellery.com\/en\/#website","url":"https:\/\/isoujewellery.com\/en\/","name":"ISOU","description":"ISOU Jewellery | Aysu Korkmazoglu | Istanbul","publisher":{"@id":"https:\/\/isoujewellery.com\/en\/#organization"},"potentialAction":[{"@type":"SearchAction","target":{"@type":"EntryPoint","urlTemplate":"https:\/\/isoujewellery.com\/en\/?s={search_term_string}"},"query-input":{"@type":"PropertyValueSpecification","valueRequired":true,"valueName":"search_term_string"}}],"inLanguage":"en-US"},{"@type":"Organization","@id":"https:\/\/isoujewellery.com\/en\/#organization","name":"ISOU Jewelry","url":"https:\/\/isoujewellery.com\/en\/","logo":{"@type":"ImageObject","inLanguage":"en-US","@id":"https:\/\/isoujewellery.com\/en\/#\/schema\/logo\/image\/","url":"https:\/\/isoujewellery.com\/wp-content\/uploads\/2025\/04\/logo-isou-1.png","contentUrl":"https:\/\/isoujewellery.com\/wp-content\/uploads\/2025\/04\/logo-isou-1.png","width":695,"height":184,"caption":"ISOU Jewellery"},"image":{"@id":"https:\/\/isoujewellery.com\/en\/#\/schema\/logo\/image\/"},"sameAs":["https:\/\/www.facebook.com\/isoujewellery\/","https:\/\/www.instagram.com\/isoujewellery\/","https:\/\/www.linkedin.com\/company\/isoujewellery\/"]}]}},"jetpack_sharing_enabled":true,"_links":{"self":[{"href":"https:\/\/isoujewellery.com\/en\/wp-json\/wp\/v2\/product\/46966","targetHints":{"allow":["GET"]}}],"collection":[{"href":"https:\/\/isoujewellery.com\/en\/wp-json\/wp\/v2\/product"}],"about":[{"href":"https:\/\/isoujewellery.com\/en\/wp-json\/wp\/v2\/types\/product"}],"replies":[{"embeddable":true,"href":"https:\/\/isoujewellery.com\/en\/wp-json\/wp\/v2\/comments?post=46966"}],"version-history":[{"count":2,"href":"https:\/\/isoujewellery.com\/en\/wp-json\/wp\/v2\/product\/46966\/revisions"}],"predecessor-version":[{"id":47951,"href":"https:\/\/isoujewellery.com\/en\/wp-json\/wp\/v2\/product\/46966\/revisions\/47951"}],"wp:featuredmedia":[{"embeddable":true,"href":"https:\/\/isoujewellery.com\/en\/wp-json\/wp\/v2\/media\/46969"}],"wp:attachment":[{"href":"https:\/\/isoujewellery.com\/en\/wp-json\/wp\/v2\/media?parent=46966"}],"wp:term":[{"taxonomy":"product_brand","embeddable":true,"href":"https:\/\/isoujewellery.com\/en\/wp-json\/wp\/v2\/product_brand?post=46966"},{"taxonomy":"product_cat","embeddable":true,"href":"https:\/\/isoujewellery.com\/en\/wp-json\/wp\/v2\/product_cat?post=46966"},{"taxonomy":"product_tag","embeddable":true,"href":"https:\/\/isoujewellery.com\/en\/wp-json\/wp\/v2\/product_tag?post=46966"}],"curies":[{"name":"wp","href":"https:\/\/api.w.org\/{rel}","templated":true}]}}