{"id":46961,"date":"2025-04-29T14:11:53","date_gmt":"2025-04-29T14:11:53","guid":{"rendered":"http:\/\/isoujewellery.com\/?post_type=product&#038;p=46961"},"modified":"2025-09-22T11:03:32","modified_gmt":"2025-09-22T08:03:32","slug":"tek-kelebek-pirlanta-yuzuk","status":"publish","type":"product","link":"https:\/\/isoujewellery.com\/en\/product\/tek-kelebek-pirlanta-yuzuk\/","title":{"rendered":"Single Butterfly Diamond Ring"},"content":{"rendered":"","protected":false},"excerpt":{"rendered":"<p><strong data-start=\"0\" data-end=\"10\" data-is-only-node=\"\">Metal:<\/strong> 18 Carat Rose Gold<br data-start=\"29\" data-end=\"32\" \/><strong data-start=\"32\" data-end=\"43\">Stones:<\/strong> Diamond<br data-start=\"52\" data-end=\"55\" \/><strong data-start=\"55\" data-end=\"70\">Diamond 1:<\/strong> 0.15 carat, round cut, white, G\/VS\u00a0<br data-start=\"155\" data-end=\"158\" \/><strong data-start=\"158\" data-end=\"173\">Diamond 2:<\/strong> 0.41 carat, round cut, black, G\/VS<br data-start=\"213\" data-end=\"216\" \/><strong data-start=\"216\" data-end=\"245\">Total Diamond Weight:<\/strong> 0.56 carats<\/p>","protected":false},"featured_media":46963,"comment_status":"open","ping_status":"closed","template":"","meta":{"_acf_changed":false},"product_brand":[234],"product_cat":[245,58],"product_tag":[],"class_list":{"0":"post-46961","1":"product","2":"type-product","3":"status-publish","4":"has-post-thumbnail","6":"product_brand-isou-jewellery","7":"product_cat-yuzuk","8":"product_cat-fun-luxury-koleksiyonu","11":"first","12":"instock","13":"taxable","14":"shipping-taxable","15":"purchasable","16":"product-type-variable"},"acf":[],"yoast_head":"<!-- This site is optimized with the Yoast SEO plugin v26.8 - https:\/\/yoast.com\/product\/yoast-seo-wordpress\/ -->\n<title>Tek Kelebek P\u0131rlanta Y\u00fcz\u00fck - ISOU<\/title>\n<meta name=\"robots\" content=\"index, follow, max-snippet:-1, max-image-preview:large, max-video-preview:-1\" \/>\n<link rel=\"canonical\" href=\"https:\/\/isoujewellery.com\/en\/product\/tek-kelebek-pirlanta-yuzuk\/\" \/>\n<meta property=\"og:locale\" content=\"en_US\" \/>\n<meta property=\"og:type\" content=\"article\" \/>\n<meta property=\"og:title\" content=\"Tek Kelebek P\u0131rlanta Y\u00fcz\u00fck - ISOU\" \/>\n<meta property=\"og:description\" content=\"Metal: 18 Ayar Rose Alt\u0131nTa\u015flar: P\u0131rlantaP\u0131rlanta 1: 0.15 karat, yuvarlak kesim, beyaz, G\/VS\u00a0P\u0131rlanta 2: 0.41 karat, yuvarlak kesim, siyah, G\/VSToplam P\u0131rlanta A\u011f\u0131rl\u0131\u011f\u0131: 0.56 karat\" \/>\n<meta property=\"og:url\" content=\"https:\/\/isoujewellery.com\/en\/product\/tek-kelebek-pirlanta-yuzuk\/\" \/>\n<meta property=\"og:site_name\" content=\"ISOU\" \/>\n<meta property=\"article:publisher\" content=\"https:\/\/www.facebook.com\/isoujewellery\/\" \/>\n<meta property=\"article:modified_time\" content=\"2025-09-22T08:03:32+00:00\" \/>\n<meta property=\"og:image\" content=\"https:\/\/isoujewellery.com\/wp-content\/uploads\/2025\/04\/DSC_3557-copy.jpg\" \/>\n\t<meta property=\"og:image:width\" content=\"1100\" \/>\n\t<meta property=\"og:image:height\" content=\"1100\" \/>\n\t<meta property=\"og:image:type\" content=\"image\/jpeg\" \/>\n<meta name=\"twitter:card\" content=\"summary_large_image\" \/>\n<meta name=\"twitter:label1\" content=\"Est. reading time\" \/>\n\t<meta name=\"twitter:data1\" content=\"1 minute\" \/>\n<script type=\"application\/ld+json\" class=\"yoast-schema-graph\">{\"@context\":\"https:\/\/schema.org\",\"@graph\":[{\"@type\":\"WebPage\",\"@id\":\"https:\/\/isoujewellery.com\/en\/product\/tek-kelebek-pirlanta-yuzuk\/\",\"url\":\"https:\/\/isoujewellery.com\/en\/product\/tek-kelebek-pirlanta-yuzuk\/\",\"name\":\"Tek Kelebek P\u0131rlanta Y\u00fcz\u00fck - ISOU\",\"isPartOf\":{\"@id\":\"https:\/\/isoujewellery.com\/en\/#website\"},\"primaryImageOfPage\":{\"@id\":\"https:\/\/isoujewellery.com\/en\/product\/tek-kelebek-pirlanta-yuzuk\/#primaryimage\"},\"image\":{\"@id\":\"https:\/\/isoujewellery.com\/en\/product\/tek-kelebek-pirlanta-yuzuk\/#primaryimage\"},\"thumbnailUrl\":\"https:\/\/isoujewellery.com\/wp-content\/uploads\/2025\/04\/DSC_3557-copy.jpg\",\"datePublished\":\"2025-04-29T14:11:53+00:00\",\"dateModified\":\"2025-09-22T08:03:32+00:00\",\"breadcrumb\":{\"@id\":\"https:\/\/isoujewellery.com\/en\/product\/tek-kelebek-pirlanta-yuzuk\/#breadcrumb\"},\"inLanguage\":\"en-US\",\"potentialAction\":[{\"@type\":\"ReadAction\",\"target\":[\"https:\/\/isoujewellery.com\/en\/product\/tek-kelebek-pirlanta-yuzuk\/\"]}]},{\"@type\":\"ImageObject\",\"inLanguage\":\"en-US\",\"@id\":\"https:\/\/isoujewellery.com\/en\/product\/tek-kelebek-pirlanta-yuzuk\/#primaryimage\",\"url\":\"https:\/\/isoujewellery.com\/wp-content\/uploads\/2025\/04\/DSC_3557-copy.jpg\",\"contentUrl\":\"https:\/\/isoujewellery.com\/wp-content\/uploads\/2025\/04\/DSC_3557-copy.jpg\",\"width\":1100,\"height\":1100},{\"@type\":\"BreadcrumbList\",\"@id\":\"https:\/\/isoujewellery.com\/en\/product\/tek-kelebek-pirlanta-yuzuk\/#breadcrumb\",\"itemListElement\":[{\"@type\":\"ListItem\",\"position\":1,\"name\":\"Anasayfa\",\"item\":\"https:\/\/isoujewellery.com\/en\/\"},{\"@type\":\"ListItem\",\"position\":2,\"name\":\"Products\",\"item\":\"https:\/\/isoujewellery.com\/en\/shop\/\"},{\"@type\":\"ListItem\",\"position\":3,\"name\":\"Tek Kelebek P\u0131rlanta Y\u00fcz\u00fck\"}]},{\"@type\":\"WebSite\",\"@id\":\"https:\/\/isoujewellery.com\/en\/#website\",\"url\":\"https:\/\/isoujewellery.com\/en\/\",\"name\":\"ISOU\",\"description\":\"ISOU Jewellery | Aysu Korkmazoglu | \u0130stanbul\",\"publisher\":{\"@id\":\"https:\/\/isoujewellery.com\/en\/#organization\"},\"potentialAction\":[{\"@type\":\"SearchAction\",\"target\":{\"@type\":\"EntryPoint\",\"urlTemplate\":\"https:\/\/isoujewellery.com\/en\/?s={search_term_string}\"},\"query-input\":{\"@type\":\"PropertyValueSpecification\",\"valueRequired\":true,\"valueName\":\"search_term_string\"}}],\"inLanguage\":\"en-US\"},{\"@type\":\"Organization\",\"@id\":\"https:\/\/isoujewellery.com\/en\/#organization\",\"name\":\"ISOU Jewellery\",\"url\":\"https:\/\/isoujewellery.com\/en\/\",\"logo\":{\"@type\":\"ImageObject\",\"inLanguage\":\"en-US\",\"@id\":\"https:\/\/isoujewellery.com\/en\/#\/schema\/logo\/image\/\",\"url\":\"https:\/\/isoujewellery.com\/wp-content\/uploads\/2025\/04\/logo-isou-1.png\",\"contentUrl\":\"https:\/\/isoujewellery.com\/wp-content\/uploads\/2025\/04\/logo-isou-1.png\",\"width\":695,\"height\":184,\"caption\":\"ISOU Jewellery\"},\"image\":{\"@id\":\"https:\/\/isoujewellery.com\/en\/#\/schema\/logo\/image\/\"},\"sameAs\":[\"https:\/\/www.facebook.com\/isoujewellery\/\",\"https:\/\/www.instagram.com\/isoujewellery\/\",\"https:\/\/www.linkedin.com\/company\/isoujewellery\/\"]}]}<\/script>\n<!-- \/ Yoast SEO plugin. -->","yoast_head_json":{"title":"Tek Kelebek P\u0131rlanta Y\u00fcz\u00fck - ISOU","robots":{"index":"index","follow":"follow","max-snippet":"max-snippet:-1","max-image-preview":"max-image-preview:large","max-video-preview":"max-video-preview:-1"},"canonical":"https:\/\/isoujewellery.com\/en\/product\/tek-kelebek-pirlanta-yuzuk\/","og_locale":"en_US","og_type":"article","og_title":"Tek Kelebek P\u0131rlanta Y\u00fcz\u00fck - ISOU","og_description":"Metal: 18 Ayar Rose Alt\u0131nTa\u015flar: P\u0131rlantaP\u0131rlanta 1: 0.15 karat, yuvarlak kesim, beyaz, G\/VS\u00a0P\u0131rlanta 2: 0.41 karat, yuvarlak kesim, siyah, G\/VSToplam P\u0131rlanta A\u011f\u0131rl\u0131\u011f\u0131: 0.56 karat","og_url":"https:\/\/isoujewellery.com\/en\/product\/tek-kelebek-pirlanta-yuzuk\/","og_site_name":"ISOU","article_publisher":"https:\/\/www.facebook.com\/isoujewellery\/","article_modified_time":"2025-09-22T08:03:32+00:00","og_image":[{"width":1100,"height":1100,"url":"https:\/\/isoujewellery.com\/wp-content\/uploads\/2025\/04\/DSC_3557-copy.jpg","type":"image\/jpeg"}],"twitter_card":"summary_large_image","twitter_misc":{"Est. reading time":"1 minute"},"schema":{"@context":"https:\/\/schema.org","@graph":[{"@type":"WebPage","@id":"https:\/\/isoujewellery.com\/en\/product\/tek-kelebek-pirlanta-yuzuk\/","url":"https:\/\/isoujewellery.com\/en\/product\/tek-kelebek-pirlanta-yuzuk\/","name":"Tek Kelebek P\u0131rlanta Y\u00fcz\u00fck - ISOU","isPartOf":{"@id":"https:\/\/isoujewellery.com\/en\/#website"},"primaryImageOfPage":{"@id":"https:\/\/isoujewellery.com\/en\/product\/tek-kelebek-pirlanta-yuzuk\/#primaryimage"},"image":{"@id":"https:\/\/isoujewellery.com\/en\/product\/tek-kelebek-pirlanta-yuzuk\/#primaryimage"},"thumbnailUrl":"https:\/\/isoujewellery.com\/wp-content\/uploads\/2025\/04\/DSC_3557-copy.jpg","datePublished":"2025-04-29T14:11:53+00:00","dateModified":"2025-09-22T08:03:32+00:00","breadcrumb":{"@id":"https:\/\/isoujewellery.com\/en\/product\/tek-kelebek-pirlanta-yuzuk\/#breadcrumb"},"inLanguage":"en-US","potentialAction":[{"@type":"ReadAction","target":["https:\/\/isoujewellery.com\/en\/product\/tek-kelebek-pirlanta-yuzuk\/"]}]},{"@type":"ImageObject","inLanguage":"en-US","@id":"https:\/\/isoujewellery.com\/en\/product\/tek-kelebek-pirlanta-yuzuk\/#primaryimage","url":"https:\/\/isoujewellery.com\/wp-content\/uploads\/2025\/04\/DSC_3557-copy.jpg","contentUrl":"https:\/\/isoujewellery.com\/wp-content\/uploads\/2025\/04\/DSC_3557-copy.jpg","width":1100,"height":1100},{"@type":"BreadcrumbList","@id":"https:\/\/isoujewellery.com\/en\/product\/tek-kelebek-pirlanta-yuzuk\/#breadcrumb","itemListElement":[{"@type":"ListItem","position":1,"name":"Anasayfa","item":"https:\/\/isoujewellery.com\/en\/"},{"@type":"ListItem","position":2,"name":"Products","item":"https:\/\/isoujewellery.com\/en\/shop\/"},{"@type":"ListItem","position":3,"name":"Tek Kelebek P\u0131rlanta Y\u00fcz\u00fck"}]},{"@type":"WebSite","@id":"https:\/\/isoujewellery.com\/en\/#website","url":"https:\/\/isoujewellery.com\/en\/","name":"ISOU","description":"ISOU Jewellery | Aysu Korkmazoglu | Istanbul","publisher":{"@id":"https:\/\/isoujewellery.com\/en\/#organization"},"potentialAction":[{"@type":"SearchAction","target":{"@type":"EntryPoint","urlTemplate":"https:\/\/isoujewellery.com\/en\/?s={search_term_string}"},"query-input":{"@type":"PropertyValueSpecification","valueRequired":true,"valueName":"search_term_string"}}],"inLanguage":"en-US"},{"@type":"Organization","@id":"https:\/\/isoujewellery.com\/en\/#organization","name":"ISOU Jewelry","url":"https:\/\/isoujewellery.com\/en\/","logo":{"@type":"ImageObject","inLanguage":"en-US","@id":"https:\/\/isoujewellery.com\/en\/#\/schema\/logo\/image\/","url":"https:\/\/isoujewellery.com\/wp-content\/uploads\/2025\/04\/logo-isou-1.png","contentUrl":"https:\/\/isoujewellery.com\/wp-content\/uploads\/2025\/04\/logo-isou-1.png","width":695,"height":184,"caption":"ISOU Jewellery"},"image":{"@id":"https:\/\/isoujewellery.com\/en\/#\/schema\/logo\/image\/"},"sameAs":["https:\/\/www.facebook.com\/isoujewellery\/","https:\/\/www.instagram.com\/isoujewellery\/","https:\/\/www.linkedin.com\/company\/isoujewellery\/"]}]}},"jetpack_sharing_enabled":true,"_links":{"self":[{"href":"https:\/\/isoujewellery.com\/en\/wp-json\/wp\/v2\/product\/46961","targetHints":{"allow":["GET"]}}],"collection":[{"href":"https:\/\/isoujewellery.com\/en\/wp-json\/wp\/v2\/product"}],"about":[{"href":"https:\/\/isoujewellery.com\/en\/wp-json\/wp\/v2\/types\/product"}],"replies":[{"embeddable":true,"href":"https:\/\/isoujewellery.com\/en\/wp-json\/wp\/v2\/comments?post=46961"}],"version-history":[{"count":2,"href":"https:\/\/isoujewellery.com\/en\/wp-json\/wp\/v2\/product\/46961\/revisions"}],"predecessor-version":[{"id":46968,"href":"https:\/\/isoujewellery.com\/en\/wp-json\/wp\/v2\/product\/46961\/revisions\/46968"}],"wp:featuredmedia":[{"embeddable":true,"href":"https:\/\/isoujewellery.com\/en\/wp-json\/wp\/v2\/media\/46963"}],"wp:attachment":[{"href":"https:\/\/isoujewellery.com\/en\/wp-json\/wp\/v2\/media?parent=46961"}],"wp:term":[{"taxonomy":"product_brand","embeddable":true,"href":"https:\/\/isoujewellery.com\/en\/wp-json\/wp\/v2\/product_brand?post=46961"},{"taxonomy":"product_cat","embeddable":true,"href":"https:\/\/isoujewellery.com\/en\/wp-json\/wp\/v2\/product_cat?post=46961"},{"taxonomy":"product_tag","embeddable":true,"href":"https:\/\/isoujewellery.com\/en\/wp-json\/wp\/v2\/product_tag?post=46961"}],"curies":[{"name":"wp","href":"https:\/\/api.w.org\/{rel}","templated":true}]}}