{"id":46956,"date":"2025-04-29T14:02:33","date_gmt":"2025-04-29T14:02:33","guid":{"rendered":"http:\/\/isoujewellery.com\/?post_type=product&#038;p=46956"},"modified":"2025-09-22T11:05:24","modified_gmt":"2025-09-22T08:05:24","slug":"beyaz-altin-ve-pirlanta-halka-kupe","status":"publish","type":"product","link":"https:\/\/isoujewellery.com\/en\/product\/beyaz-altin-ve-pirlanta-halka-kupe\/","title":{"rendered":"White Gold and Diamond Hoop Earrings"},"content":{"rendered":"","protected":false},"excerpt":{"rendered":"<p><strong data-start=\"0\" data-end=\"10\" data-is-only-node=\"\">Metal:<\/strong> 18 Carat White Gold<br data-start=\"30\" data-end=\"33\" \/><strong data-start=\"33\" data-end=\"44\">Stones:<\/strong> Diamond<br data-start=\"53\" data-end=\"56\" \/><strong data-start=\"56\" data-end=\"69\">Diamond:<\/strong> 1.09 carat, round cut, G\/VS<br \/>\n<strong>diameter:<\/strong> 6cm<\/p>","protected":false},"featured_media":46959,"comment_status":"open","ping_status":"closed","template":"","meta":{"_acf_changed":false},"product_brand":[234],"product_cat":[70,58],"product_tag":[],"class_list":{"0":"post-46956","1":"product","2":"type-product","3":"status-publish","4":"has-post-thumbnail","6":"product_brand-isou-jewellery","7":"product_cat-kupe","8":"product_cat-fun-luxury-koleksiyonu","11":"first","12":"instock","13":"taxable","14":"shipping-taxable","15":"purchasable","16":"product-type-variable"},"acf":[],"yoast_head":"<!-- This site is optimized with the Yoast SEO plugin v26.8 - https:\/\/yoast.com\/product\/yoast-seo-wordpress\/ -->\n<title>Beyaz Alt\u0131n ve P\u0131rlanta Halka K\u00fcpe - ISOU<\/title>\n<meta name=\"robots\" content=\"index, follow, max-snippet:-1, max-image-preview:large, max-video-preview:-1\" \/>\n<link rel=\"canonical\" href=\"https:\/\/isoujewellery.com\/en\/product\/beyaz-altin-ve-pirlanta-halka-kupe\/\" \/>\n<meta property=\"og:locale\" content=\"en_US\" \/>\n<meta property=\"og:type\" content=\"article\" \/>\n<meta property=\"og:title\" content=\"Beyaz Alt\u0131n ve P\u0131rlanta Halka K\u00fcpe - ISOU\" \/>\n<meta property=\"og:description\" content=\"Metal: 18 Ayar Beyaz Alt\u0131nTa\u015flar: P\u0131rlantaP\u0131rlanta: 1.09 karat, yuvarlak kesim, G\/VS \u00e7ap\u0131: 6cm\" \/>\n<meta property=\"og:url\" content=\"https:\/\/isoujewellery.com\/en\/product\/beyaz-altin-ve-pirlanta-halka-kupe\/\" \/>\n<meta property=\"og:site_name\" content=\"ISOU\" \/>\n<meta property=\"article:publisher\" content=\"https:\/\/www.facebook.com\/isoujewellery\/\" \/>\n<meta property=\"article:modified_time\" content=\"2025-09-22T08:05:24+00:00\" \/>\n<meta property=\"og:image\" content=\"https:\/\/isoujewellery.com\/wp-content\/uploads\/2025\/04\/FL02E_1.jpg\" \/>\n\t<meta property=\"og:image:width\" content=\"1256\" \/>\n\t<meta property=\"og:image:height\" content=\"1256\" \/>\n\t<meta property=\"og:image:type\" content=\"image\/jpeg\" \/>\n<meta name=\"twitter:card\" content=\"summary_large_image\" \/>\n<meta name=\"twitter:label1\" content=\"Est. reading time\" \/>\n\t<meta name=\"twitter:data1\" content=\"1 minute\" \/>\n<script type=\"application\/ld+json\" class=\"yoast-schema-graph\">{\"@context\":\"https:\/\/schema.org\",\"@graph\":[{\"@type\":\"WebPage\",\"@id\":\"https:\/\/isoujewellery.com\/en\/product\/beyaz-altin-ve-pirlanta-halka-kupe\/\",\"url\":\"https:\/\/isoujewellery.com\/en\/product\/beyaz-altin-ve-pirlanta-halka-kupe\/\",\"name\":\"Beyaz Alt\u0131n ve P\u0131rlanta Halka K\u00fcpe - ISOU\",\"isPartOf\":{\"@id\":\"https:\/\/isoujewellery.com\/en\/#website\"},\"primaryImageOfPage\":{\"@id\":\"https:\/\/isoujewellery.com\/en\/product\/beyaz-altin-ve-pirlanta-halka-kupe\/#primaryimage\"},\"image\":{\"@id\":\"https:\/\/isoujewellery.com\/en\/product\/beyaz-altin-ve-pirlanta-halka-kupe\/#primaryimage\"},\"thumbnailUrl\":\"https:\/\/isoujewellery.com\/wp-content\/uploads\/2025\/04\/FL02E_1.jpg\",\"datePublished\":\"2025-04-29T14:02:33+00:00\",\"dateModified\":\"2025-09-22T08:05:24+00:00\",\"breadcrumb\":{\"@id\":\"https:\/\/isoujewellery.com\/en\/product\/beyaz-altin-ve-pirlanta-halka-kupe\/#breadcrumb\"},\"inLanguage\":\"en-US\",\"potentialAction\":[{\"@type\":\"ReadAction\",\"target\":[\"https:\/\/isoujewellery.com\/en\/product\/beyaz-altin-ve-pirlanta-halka-kupe\/\"]}]},{\"@type\":\"ImageObject\",\"inLanguage\":\"en-US\",\"@id\":\"https:\/\/isoujewellery.com\/en\/product\/beyaz-altin-ve-pirlanta-halka-kupe\/#primaryimage\",\"url\":\"https:\/\/isoujewellery.com\/wp-content\/uploads\/2025\/04\/FL02E_1.jpg\",\"contentUrl\":\"https:\/\/isoujewellery.com\/wp-content\/uploads\/2025\/04\/FL02E_1.jpg\",\"width\":1256,\"height\":1256},{\"@type\":\"BreadcrumbList\",\"@id\":\"https:\/\/isoujewellery.com\/en\/product\/beyaz-altin-ve-pirlanta-halka-kupe\/#breadcrumb\",\"itemListElement\":[{\"@type\":\"ListItem\",\"position\":1,\"name\":\"Anasayfa\",\"item\":\"https:\/\/isoujewellery.com\/en\/\"},{\"@type\":\"ListItem\",\"position\":2,\"name\":\"Products\",\"item\":\"https:\/\/isoujewellery.com\/en\/shop\/\"},{\"@type\":\"ListItem\",\"position\":3,\"name\":\"Beyaz Alt\u0131n ve P\u0131rlanta Halka K\u00fcpe\"}]},{\"@type\":\"WebSite\",\"@id\":\"https:\/\/isoujewellery.com\/en\/#website\",\"url\":\"https:\/\/isoujewellery.com\/en\/\",\"name\":\"ISOU\",\"description\":\"ISOU Jewellery | Aysu Korkmazoglu | \u0130stanbul\",\"publisher\":{\"@id\":\"https:\/\/isoujewellery.com\/en\/#organization\"},\"potentialAction\":[{\"@type\":\"SearchAction\",\"target\":{\"@type\":\"EntryPoint\",\"urlTemplate\":\"https:\/\/isoujewellery.com\/en\/?s={search_term_string}\"},\"query-input\":{\"@type\":\"PropertyValueSpecification\",\"valueRequired\":true,\"valueName\":\"search_term_string\"}}],\"inLanguage\":\"en-US\"},{\"@type\":\"Organization\",\"@id\":\"https:\/\/isoujewellery.com\/en\/#organization\",\"name\":\"ISOU Jewellery\",\"url\":\"https:\/\/isoujewellery.com\/en\/\",\"logo\":{\"@type\":\"ImageObject\",\"inLanguage\":\"en-US\",\"@id\":\"https:\/\/isoujewellery.com\/en\/#\/schema\/logo\/image\/\",\"url\":\"https:\/\/isoujewellery.com\/wp-content\/uploads\/2025\/04\/logo-isou-1.png\",\"contentUrl\":\"https:\/\/isoujewellery.com\/wp-content\/uploads\/2025\/04\/logo-isou-1.png\",\"width\":695,\"height\":184,\"caption\":\"ISOU Jewellery\"},\"image\":{\"@id\":\"https:\/\/isoujewellery.com\/en\/#\/schema\/logo\/image\/\"},\"sameAs\":[\"https:\/\/www.facebook.com\/isoujewellery\/\",\"https:\/\/www.instagram.com\/isoujewellery\/\",\"https:\/\/www.linkedin.com\/company\/isoujewellery\/\"]}]}<\/script>\n<!-- \/ Yoast SEO plugin. -->","yoast_head_json":{"title":"Beyaz Alt\u0131n ve P\u0131rlanta Halka K\u00fcpe - ISOU","robots":{"index":"index","follow":"follow","max-snippet":"max-snippet:-1","max-image-preview":"max-image-preview:large","max-video-preview":"max-video-preview:-1"},"canonical":"https:\/\/isoujewellery.com\/en\/product\/beyaz-altin-ve-pirlanta-halka-kupe\/","og_locale":"en_US","og_type":"article","og_title":"Beyaz Alt\u0131n ve P\u0131rlanta Halka K\u00fcpe - ISOU","og_description":"Metal: 18 Ayar Beyaz Alt\u0131nTa\u015flar: P\u0131rlantaP\u0131rlanta: 1.09 karat, yuvarlak kesim, G\/VS \u00e7ap\u0131: 6cm","og_url":"https:\/\/isoujewellery.com\/en\/product\/beyaz-altin-ve-pirlanta-halka-kupe\/","og_site_name":"ISOU","article_publisher":"https:\/\/www.facebook.com\/isoujewellery\/","article_modified_time":"2025-09-22T08:05:24+00:00","og_image":[{"width":1256,"height":1256,"url":"https:\/\/isoujewellery.com\/wp-content\/uploads\/2025\/04\/FL02E_1.jpg","type":"image\/jpeg"}],"twitter_card":"summary_large_image","twitter_misc":{"Est. reading time":"1 minute"},"schema":{"@context":"https:\/\/schema.org","@graph":[{"@type":"WebPage","@id":"https:\/\/isoujewellery.com\/en\/product\/beyaz-altin-ve-pirlanta-halka-kupe\/","url":"https:\/\/isoujewellery.com\/en\/product\/beyaz-altin-ve-pirlanta-halka-kupe\/","name":"Beyaz Alt\u0131n ve P\u0131rlanta Halka K\u00fcpe - ISOU","isPartOf":{"@id":"https:\/\/isoujewellery.com\/en\/#website"},"primaryImageOfPage":{"@id":"https:\/\/isoujewellery.com\/en\/product\/beyaz-altin-ve-pirlanta-halka-kupe\/#primaryimage"},"image":{"@id":"https:\/\/isoujewellery.com\/en\/product\/beyaz-altin-ve-pirlanta-halka-kupe\/#primaryimage"},"thumbnailUrl":"https:\/\/isoujewellery.com\/wp-content\/uploads\/2025\/04\/FL02E_1.jpg","datePublished":"2025-04-29T14:02:33+00:00","dateModified":"2025-09-22T08:05:24+00:00","breadcrumb":{"@id":"https:\/\/isoujewellery.com\/en\/product\/beyaz-altin-ve-pirlanta-halka-kupe\/#breadcrumb"},"inLanguage":"en-US","potentialAction":[{"@type":"ReadAction","target":["https:\/\/isoujewellery.com\/en\/product\/beyaz-altin-ve-pirlanta-halka-kupe\/"]}]},{"@type":"ImageObject","inLanguage":"en-US","@id":"https:\/\/isoujewellery.com\/en\/product\/beyaz-altin-ve-pirlanta-halka-kupe\/#primaryimage","url":"https:\/\/isoujewellery.com\/wp-content\/uploads\/2025\/04\/FL02E_1.jpg","contentUrl":"https:\/\/isoujewellery.com\/wp-content\/uploads\/2025\/04\/FL02E_1.jpg","width":1256,"height":1256},{"@type":"BreadcrumbList","@id":"https:\/\/isoujewellery.com\/en\/product\/beyaz-altin-ve-pirlanta-halka-kupe\/#breadcrumb","itemListElement":[{"@type":"ListItem","position":1,"name":"Anasayfa","item":"https:\/\/isoujewellery.com\/en\/"},{"@type":"ListItem","position":2,"name":"Products","item":"https:\/\/isoujewellery.com\/en\/shop\/"},{"@type":"ListItem","position":3,"name":"Beyaz Alt\u0131n ve P\u0131rlanta Halka K\u00fcpe"}]},{"@type":"WebSite","@id":"https:\/\/isoujewellery.com\/en\/#website","url":"https:\/\/isoujewellery.com\/en\/","name":"ISOU","description":"ISOU Jewellery | Aysu Korkmazoglu | Istanbul","publisher":{"@id":"https:\/\/isoujewellery.com\/en\/#organization"},"potentialAction":[{"@type":"SearchAction","target":{"@type":"EntryPoint","urlTemplate":"https:\/\/isoujewellery.com\/en\/?s={search_term_string}"},"query-input":{"@type":"PropertyValueSpecification","valueRequired":true,"valueName":"search_term_string"}}],"inLanguage":"en-US"},{"@type":"Organization","@id":"https:\/\/isoujewellery.com\/en\/#organization","name":"ISOU Jewelry","url":"https:\/\/isoujewellery.com\/en\/","logo":{"@type":"ImageObject","inLanguage":"en-US","@id":"https:\/\/isoujewellery.com\/en\/#\/schema\/logo\/image\/","url":"https:\/\/isoujewellery.com\/wp-content\/uploads\/2025\/04\/logo-isou-1.png","contentUrl":"https:\/\/isoujewellery.com\/wp-content\/uploads\/2025\/04\/logo-isou-1.png","width":695,"height":184,"caption":"ISOU Jewellery"},"image":{"@id":"https:\/\/isoujewellery.com\/en\/#\/schema\/logo\/image\/"},"sameAs":["https:\/\/www.facebook.com\/isoujewellery\/","https:\/\/www.instagram.com\/isoujewellery\/","https:\/\/www.linkedin.com\/company\/isoujewellery\/"]}]}},"jetpack_sharing_enabled":true,"_links":{"self":[{"href":"https:\/\/isoujewellery.com\/en\/wp-json\/wp\/v2\/product\/46956","targetHints":{"allow":["GET"]}}],"collection":[{"href":"https:\/\/isoujewellery.com\/en\/wp-json\/wp\/v2\/product"}],"about":[{"href":"https:\/\/isoujewellery.com\/en\/wp-json\/wp\/v2\/types\/product"}],"replies":[{"embeddable":true,"href":"https:\/\/isoujewellery.com\/en\/wp-json\/wp\/v2\/comments?post=46956"}],"version-history":[{"count":1,"href":"https:\/\/isoujewellery.com\/en\/wp-json\/wp\/v2\/product\/46956\/revisions"}],"predecessor-version":[{"id":46960,"href":"https:\/\/isoujewellery.com\/en\/wp-json\/wp\/v2\/product\/46956\/revisions\/46960"}],"wp:featuredmedia":[{"embeddable":true,"href":"https:\/\/isoujewellery.com\/en\/wp-json\/wp\/v2\/media\/46959"}],"wp:attachment":[{"href":"https:\/\/isoujewellery.com\/en\/wp-json\/wp\/v2\/media?parent=46956"}],"wp:term":[{"taxonomy":"product_brand","embeddable":true,"href":"https:\/\/isoujewellery.com\/en\/wp-json\/wp\/v2\/product_brand?post=46956"},{"taxonomy":"product_cat","embeddable":true,"href":"https:\/\/isoujewellery.com\/en\/wp-json\/wp\/v2\/product_cat?post=46956"},{"taxonomy":"product_tag","embeddable":true,"href":"https:\/\/isoujewellery.com\/en\/wp-json\/wp\/v2\/product_tag?post=46956"}],"curies":[{"name":"wp","href":"https:\/\/api.w.org\/{rel}","templated":true}]}}