{"id":46917,"date":"2025-04-29T08:12:01","date_gmt":"2025-04-29T08:12:01","guid":{"rendered":"http:\/\/isoujewellery.com\/?post_type=product&#038;p=46917"},"modified":"2025-09-22T11:18:41","modified_gmt":"2025-09-22T08:18:41","slug":"deri-kordonlu-london-topaz-kurbaga-kolye-ucu","status":"publish","type":"product","link":"https:\/\/isoujewellery.com\/en\/product\/deri-kordonlu-london-topaz-kurbaga-kolye-ucu\/","title":{"rendered":"London Topaz Frog Pendant with Leather Cord"},"content":{"rendered":"","protected":false},"excerpt":{"rendered":"<p><strong data-start=\"0\" data-end=\"10\" data-is-only-node=\"\">Metal:<\/strong> 18 Carat White Gold<br data-start=\"30\" data-end=\"33\" \/><strong data-start=\"33\" data-end=\"44\">Stones:<\/strong> Diamond, London Topaz<br data-start=\"67\" data-end=\"70\" \/><strong data-start=\"70\" data-end=\"85\">Diamond 1:<\/strong> 0.12 carat, round cut, G\/VS<br data-start=\"163\" data-end=\"166\" \/><strong data-start=\"166\" data-end=\"183\">London Topaz:<\/strong> 4.31 carats<br \/>\n<strong>Length<\/strong>: Adjustable, 40-45cm<\/p>\n<div draggable=\"false\" data-pm-slice=\"1 1 []\" data-en-clipboard=\"true\">Since the necklace cords are meticulously handcrafted, the tying methods, color tones and textures may vary slightly from one to the next.<\/div>\n<p>&nbsp;<\/p>","protected":false},"featured_media":46918,"comment_status":"open","ping_status":"closed","template":"","meta":{"_acf_changed":false},"product_brand":[234],"product_cat":[246,58],"product_tag":[],"class_list":{"0":"post-46917","1":"product","2":"type-product","3":"status-publish","4":"has-post-thumbnail","6":"product_brand-isou-jewellery","7":"product_cat-kolye","8":"product_cat-fun-luxury-koleksiyonu","11":"first","12":"instock","13":"taxable","14":"shipping-taxable","15":"purchasable","16":"product-type-variable"},"acf":[],"yoast_head":"<!-- This site is optimized with the Yoast SEO plugin v26.8 - https:\/\/yoast.com\/product\/yoast-seo-wordpress\/ -->\n<title>Deri Kordonlu London Topaz Kurba\u011fa Kolye Ucu - ISOU<\/title>\n<meta name=\"robots\" content=\"index, follow, max-snippet:-1, max-image-preview:large, max-video-preview:-1\" \/>\n<link rel=\"canonical\" href=\"http:\/\/isoujewellery.com\/en\/product\/deri-kordonlu-london-topaz-kurbaga-kolye-ucu\/\" \/>\n<meta property=\"og:locale\" content=\"en_US\" \/>\n<meta property=\"og:type\" content=\"article\" \/>\n<meta property=\"og:title\" content=\"Deri Kordonlu London Topaz Kurba\u011fa Kolye Ucu - ISOU\" \/>\n<meta property=\"og:description\" content=\"Metal: 18 Ayar Beyaz Alt\u0131nTa\u015flar: P\u0131rlanta, London TopazP\u0131rlanta 1: 0.12 karat, yuvarlak kesim, G\/VSLondon Topaz: 4.31 karat Uzunluk: Ayarlanabilir, 40-45cm Kolyelerin kordonlar\u0131 titizlikle el i\u015f\u00e7ili\u011fiyle \u00fcretildi\u011finden dolay\u0131 her birinde ba\u011flama \u015fekilleri , renk tonlar\u0131 ve dokular\u0131 \u00e7ok k\u00fc\u00e7\u00fck de\u011fi\u015fkenlik g\u00f6sterebilir. &nbsp;\" \/>\n<meta property=\"og:url\" content=\"http:\/\/isoujewellery.com\/en\/product\/deri-kordonlu-london-topaz-kurbaga-kolye-ucu\/\" \/>\n<meta property=\"og:site_name\" content=\"ISOU\" \/>\n<meta property=\"article:publisher\" content=\"https:\/\/www.facebook.com\/isoujewellery\/\" \/>\n<meta property=\"article:modified_time\" content=\"2025-09-22T08:18:41+00:00\" \/>\n<meta property=\"og:image\" content=\"http:\/\/isoujewellery.com\/wp-content\/uploads\/2025\/04\/DSC_3623-copy.jpg\" \/>\n\t<meta property=\"og:image:width\" content=\"1100\" \/>\n\t<meta property=\"og:image:height\" content=\"1100\" \/>\n\t<meta property=\"og:image:type\" content=\"image\/jpeg\" \/>\n<meta name=\"twitter:card\" content=\"summary_large_image\" \/>\n<meta name=\"twitter:label1\" content=\"Est. reading time\" \/>\n\t<meta name=\"twitter:data1\" content=\"1 minute\" \/>\n<script type=\"application\/ld+json\" class=\"yoast-schema-graph\">{\"@context\":\"https:\/\/schema.org\",\"@graph\":[{\"@type\":\"WebPage\",\"@id\":\"http:\/\/isoujewellery.com\/en\/product\/deri-kordonlu-london-topaz-kurbaga-kolye-ucu\/\",\"url\":\"http:\/\/isoujewellery.com\/en\/product\/deri-kordonlu-london-topaz-kurbaga-kolye-ucu\/\",\"name\":\"Deri Kordonlu London Topaz Kurba\u011fa Kolye Ucu - ISOU\",\"isPartOf\":{\"@id\":\"https:\/\/isoujewellery.com\/en\/#website\"},\"primaryImageOfPage\":{\"@id\":\"http:\/\/isoujewellery.com\/en\/product\/deri-kordonlu-london-topaz-kurbaga-kolye-ucu\/#primaryimage\"},\"image\":{\"@id\":\"http:\/\/isoujewellery.com\/en\/product\/deri-kordonlu-london-topaz-kurbaga-kolye-ucu\/#primaryimage\"},\"thumbnailUrl\":\"https:\/\/isoujewellery.com\/wp-content\/uploads\/2025\/04\/DSC_3623-copy.jpg\",\"datePublished\":\"2025-04-29T08:12:01+00:00\",\"dateModified\":\"2025-09-22T08:18:41+00:00\",\"breadcrumb\":{\"@id\":\"http:\/\/isoujewellery.com\/en\/product\/deri-kordonlu-london-topaz-kurbaga-kolye-ucu\/#breadcrumb\"},\"inLanguage\":\"en-US\",\"potentialAction\":[{\"@type\":\"ReadAction\",\"target\":[\"http:\/\/isoujewellery.com\/en\/product\/deri-kordonlu-london-topaz-kurbaga-kolye-ucu\/\"]}]},{\"@type\":\"ImageObject\",\"inLanguage\":\"en-US\",\"@id\":\"http:\/\/isoujewellery.com\/en\/product\/deri-kordonlu-london-topaz-kurbaga-kolye-ucu\/#primaryimage\",\"url\":\"https:\/\/isoujewellery.com\/wp-content\/uploads\/2025\/04\/DSC_3623-copy.jpg\",\"contentUrl\":\"https:\/\/isoujewellery.com\/wp-content\/uploads\/2025\/04\/DSC_3623-copy.jpg\",\"width\":1100,\"height\":1100},{\"@type\":\"BreadcrumbList\",\"@id\":\"http:\/\/isoujewellery.com\/en\/product\/deri-kordonlu-london-topaz-kurbaga-kolye-ucu\/#breadcrumb\",\"itemListElement\":[{\"@type\":\"ListItem\",\"position\":1,\"name\":\"Anasayfa\",\"item\":\"https:\/\/isoujewellery.com\/en\/\"},{\"@type\":\"ListItem\",\"position\":2,\"name\":\"Products\",\"item\":\"https:\/\/isoujewellery.com\/en\/shop\/\"},{\"@type\":\"ListItem\",\"position\":3,\"name\":\"Deri Kordonlu London Topaz Kurba\u011fa Kolye Ucu\"}]},{\"@type\":\"WebSite\",\"@id\":\"https:\/\/isoujewellery.com\/en\/#website\",\"url\":\"https:\/\/isoujewellery.com\/en\/\",\"name\":\"ISOU\",\"description\":\"ISOU Jewellery | Aysu Korkmazoglu | \u0130stanbul\",\"publisher\":{\"@id\":\"https:\/\/isoujewellery.com\/en\/#organization\"},\"potentialAction\":[{\"@type\":\"SearchAction\",\"target\":{\"@type\":\"EntryPoint\",\"urlTemplate\":\"https:\/\/isoujewellery.com\/en\/?s={search_term_string}\"},\"query-input\":{\"@type\":\"PropertyValueSpecification\",\"valueRequired\":true,\"valueName\":\"search_term_string\"}}],\"inLanguage\":\"en-US\"},{\"@type\":\"Organization\",\"@id\":\"https:\/\/isoujewellery.com\/en\/#organization\",\"name\":\"ISOU Jewellery\",\"url\":\"https:\/\/isoujewellery.com\/en\/\",\"logo\":{\"@type\":\"ImageObject\",\"inLanguage\":\"en-US\",\"@id\":\"https:\/\/isoujewellery.com\/en\/#\/schema\/logo\/image\/\",\"url\":\"https:\/\/isoujewellery.com\/wp-content\/uploads\/2025\/04\/logo-isou-1.png\",\"contentUrl\":\"https:\/\/isoujewellery.com\/wp-content\/uploads\/2025\/04\/logo-isou-1.png\",\"width\":695,\"height\":184,\"caption\":\"ISOU Jewellery\"},\"image\":{\"@id\":\"https:\/\/isoujewellery.com\/en\/#\/schema\/logo\/image\/\"},\"sameAs\":[\"https:\/\/www.facebook.com\/isoujewellery\/\",\"https:\/\/www.instagram.com\/isoujewellery\/\",\"https:\/\/www.linkedin.com\/company\/isoujewellery\/\"]}]}<\/script>\n<!-- \/ Yoast SEO plugin. -->","yoast_head_json":{"title":"Deri Kordonlu London Topaz Kurba\u011fa Kolye Ucu - ISOU","robots":{"index":"index","follow":"follow","max-snippet":"max-snippet:-1","max-image-preview":"max-image-preview:large","max-video-preview":"max-video-preview:-1"},"canonical":"http:\/\/isoujewellery.com\/en\/product\/deri-kordonlu-london-topaz-kurbaga-kolye-ucu\/","og_locale":"en_US","og_type":"article","og_title":"Deri Kordonlu London Topaz Kurba\u011fa Kolye Ucu - ISOU","og_description":"Metal: 18 Ayar Beyaz Alt\u0131nTa\u015flar: P\u0131rlanta, London TopazP\u0131rlanta 1: 0.12 karat, yuvarlak kesim, G\/VSLondon Topaz: 4.31 karat Uzunluk: Ayarlanabilir, 40-45cm Kolyelerin kordonlar\u0131 titizlikle el i\u015f\u00e7ili\u011fiyle \u00fcretildi\u011finden dolay\u0131 her birinde ba\u011flama \u015fekilleri , renk tonlar\u0131 ve dokular\u0131 \u00e7ok k\u00fc\u00e7\u00fck de\u011fi\u015fkenlik g\u00f6sterebilir. &nbsp;","og_url":"http:\/\/isoujewellery.com\/en\/product\/deri-kordonlu-london-topaz-kurbaga-kolye-ucu\/","og_site_name":"ISOU","article_publisher":"https:\/\/www.facebook.com\/isoujewellery\/","article_modified_time":"2025-09-22T08:18:41+00:00","og_image":[{"width":1100,"height":1100,"url":"http:\/\/isoujewellery.com\/wp-content\/uploads\/2025\/04\/DSC_3623-copy.jpg","type":"image\/jpeg"}],"twitter_card":"summary_large_image","twitter_misc":{"Est. reading time":"1 minute"},"schema":{"@context":"https:\/\/schema.org","@graph":[{"@type":"WebPage","@id":"http:\/\/isoujewellery.com\/en\/product\/deri-kordonlu-london-topaz-kurbaga-kolye-ucu\/","url":"http:\/\/isoujewellery.com\/en\/product\/deri-kordonlu-london-topaz-kurbaga-kolye-ucu\/","name":"Deri Kordonlu London Topaz Kurba\u011fa Kolye Ucu - ISOU","isPartOf":{"@id":"https:\/\/isoujewellery.com\/en\/#website"},"primaryImageOfPage":{"@id":"http:\/\/isoujewellery.com\/en\/product\/deri-kordonlu-london-topaz-kurbaga-kolye-ucu\/#primaryimage"},"image":{"@id":"http:\/\/isoujewellery.com\/en\/product\/deri-kordonlu-london-topaz-kurbaga-kolye-ucu\/#primaryimage"},"thumbnailUrl":"https:\/\/isoujewellery.com\/wp-content\/uploads\/2025\/04\/DSC_3623-copy.jpg","datePublished":"2025-04-29T08:12:01+00:00","dateModified":"2025-09-22T08:18:41+00:00","breadcrumb":{"@id":"http:\/\/isoujewellery.com\/en\/product\/deri-kordonlu-london-topaz-kurbaga-kolye-ucu\/#breadcrumb"},"inLanguage":"en-US","potentialAction":[{"@type":"ReadAction","target":["http:\/\/isoujewellery.com\/en\/product\/deri-kordonlu-london-topaz-kurbaga-kolye-ucu\/"]}]},{"@type":"ImageObject","inLanguage":"en-US","@id":"http:\/\/isoujewellery.com\/en\/product\/deri-kordonlu-london-topaz-kurbaga-kolye-ucu\/#primaryimage","url":"https:\/\/isoujewellery.com\/wp-content\/uploads\/2025\/04\/DSC_3623-copy.jpg","contentUrl":"https:\/\/isoujewellery.com\/wp-content\/uploads\/2025\/04\/DSC_3623-copy.jpg","width":1100,"height":1100},{"@type":"BreadcrumbList","@id":"http:\/\/isoujewellery.com\/en\/product\/deri-kordonlu-london-topaz-kurbaga-kolye-ucu\/#breadcrumb","itemListElement":[{"@type":"ListItem","position":1,"name":"Anasayfa","item":"https:\/\/isoujewellery.com\/en\/"},{"@type":"ListItem","position":2,"name":"Products","item":"https:\/\/isoujewellery.com\/en\/shop\/"},{"@type":"ListItem","position":3,"name":"Deri Kordonlu London Topaz Kurba\u011fa Kolye Ucu"}]},{"@type":"WebSite","@id":"https:\/\/isoujewellery.com\/en\/#website","url":"https:\/\/isoujewellery.com\/en\/","name":"ISOU","description":"ISOU Jewellery | Aysu Korkmazoglu | Istanbul","publisher":{"@id":"https:\/\/isoujewellery.com\/en\/#organization"},"potentialAction":[{"@type":"SearchAction","target":{"@type":"EntryPoint","urlTemplate":"https:\/\/isoujewellery.com\/en\/?s={search_term_string}"},"query-input":{"@type":"PropertyValueSpecification","valueRequired":true,"valueName":"search_term_string"}}],"inLanguage":"en-US"},{"@type":"Organization","@id":"https:\/\/isoujewellery.com\/en\/#organization","name":"ISOU Jewelry","url":"https:\/\/isoujewellery.com\/en\/","logo":{"@type":"ImageObject","inLanguage":"en-US","@id":"https:\/\/isoujewellery.com\/en\/#\/schema\/logo\/image\/","url":"https:\/\/isoujewellery.com\/wp-content\/uploads\/2025\/04\/logo-isou-1.png","contentUrl":"https:\/\/isoujewellery.com\/wp-content\/uploads\/2025\/04\/logo-isou-1.png","width":695,"height":184,"caption":"ISOU Jewellery"},"image":{"@id":"https:\/\/isoujewellery.com\/en\/#\/schema\/logo\/image\/"},"sameAs":["https:\/\/www.facebook.com\/isoujewellery\/","https:\/\/www.instagram.com\/isoujewellery\/","https:\/\/www.linkedin.com\/company\/isoujewellery\/"]}]}},"jetpack_sharing_enabled":true,"_links":{"self":[{"href":"https:\/\/isoujewellery.com\/en\/wp-json\/wp\/v2\/product\/46917","targetHints":{"allow":["GET"]}}],"collection":[{"href":"https:\/\/isoujewellery.com\/en\/wp-json\/wp\/v2\/product"}],"about":[{"href":"https:\/\/isoujewellery.com\/en\/wp-json\/wp\/v2\/types\/product"}],"replies":[{"embeddable":true,"href":"https:\/\/isoujewellery.com\/en\/wp-json\/wp\/v2\/comments?post=46917"}],"version-history":[{"count":1,"href":"https:\/\/isoujewellery.com\/en\/wp-json\/wp\/v2\/product\/46917\/revisions"}],"predecessor-version":[{"id":46920,"href":"https:\/\/isoujewellery.com\/en\/wp-json\/wp\/v2\/product\/46917\/revisions\/46920"}],"wp:featuredmedia":[{"embeddable":true,"href":"https:\/\/isoujewellery.com\/en\/wp-json\/wp\/v2\/media\/46918"}],"wp:attachment":[{"href":"https:\/\/isoujewellery.com\/en\/wp-json\/wp\/v2\/media?parent=46917"}],"wp:term":[{"taxonomy":"product_brand","embeddable":true,"href":"https:\/\/isoujewellery.com\/en\/wp-json\/wp\/v2\/product_brand?post=46917"},{"taxonomy":"product_cat","embeddable":true,"href":"https:\/\/isoujewellery.com\/en\/wp-json\/wp\/v2\/product_cat?post=46917"},{"taxonomy":"product_tag","embeddable":true,"href":"https:\/\/isoujewellery.com\/en\/wp-json\/wp\/v2\/product_tag?post=46917"}],"curies":[{"name":"wp","href":"https:\/\/api.w.org\/{rel}","templated":true}]}}