{"id":47502,"date":"2025-05-11T19:12:33","date_gmt":"2025-05-11T19:12:33","guid":{"rendered":"http:\/\/isoujewellery.com\/?page_id=47502"},"modified":"2025-05-12T19:43:07","modified_gmt":"2025-05-12T19:43:07","slug":"kategoriler","status":"publish","type":"page","link":"https:\/\/isoujewellery.com\/en\/kategoriler\/","title":{"rendered":"Categories"},"content":{"rendered":"<div data-elementor-type=\"wp-page\" data-elementor-id=\"47502\" class=\"elementor elementor-47502\">\n\t\t\t\t<div class=\"elementor-element elementor-element-af4e407 main-archive-product e-flex e-con-boxed e-con e-parent\" data-id=\"af4e407\" data-element_type=\"container\" data-e-type=\"container\">\n\t\t\t\t\t<div class=\"e-con-inner\">\n\t\t\t\t<div class=\"elementor-element elementor-element-2a43b63 main-archive-product elementor-widget elementor-widget-bwp_product_categories\" data-id=\"2a43b63\" data-element_type=\"widget\" data-e-type=\"widget\" data-widget_type=\"bwp_product_categories.default\">\n\t\t\t\t<div class=\"elementor-widget-container\">\n\t\t\t\t\t<div id=\"category_slide_4350346221776468114\" class=\"bwp-woo-categories default\">\r\n\t\t\t\t\t\t<div class=\"content-category row\">\r\n\t\t\t\t\t\t\t\t\t\t\t\t\t\t\t\t<div class=\"item item-product-cat col-xl-4 col-lg-4 col-md-4 col-6\">\r\n\t\t\t\t\t\t\t\t\t\t\t\t\t<div class=\"item-product-cat-content\">\r\n\t\t\t\t\t\t\t\t\t\t\t\t\t\t\t\t\t<a href=\"https:\/\/isoujewellery.com\/en\/product-category\/yuzuk\/\">\r\n\t\t\t\t\t\t\t\t\t\t<div class=\"item-image elementor-animation-grow\">\r\n\t\t\t\t\t\t\t\t\t\t\t\t\t\t\t\t\t\t\t\t\t\t\t<img decoding=\"async\" class=\"fade-in lazyload\" src=\"https:\/\/isoujewellery.com\/wp-content\/uploads\/2025\/05\/MenuKategoriYuzuk-1.jpg\" alt=\"yuzuk\" \/>\r\n\t\t\t\t\t\t\t\t\t\t\t\t\t\t\t\t\t\t\t\t\t<\/div>\r\n\t\t\t\t\t\t\t\t\t<\/a>\r\n\t\t\t\t\t\t\t\t\t\t\t\t\t\t\t\t\t\t\t\t\t\t\t\r\n\t\t\t\t\t\t\t\t\t\t\t\t\t\t\t\t<div class=\"product-cat-content-info\">\r\n\t\t\t\t\t\t\t\t\t<div class=\"info\">\r\n\t\t\t\t\t\t\t\t\t\t\t\t\t\t\t\t\t\t\t\t\t<h2 class=\"item-name\">\r\n\t\t\t\t\t\t\t\t\t\t\t\t<a href=\"https:\/\/isoujewellery.com\/en\/product-category\/yuzuk\/\"><span>Ring<\/span><\/a>\r\n\t\t\t\t\t\t\t\t\t\t\t<\/h2>\r\n\t\t\t\t\t\t\t\t\t\t\t\t\t\t\t\t\t\t\t\t\t\t\t\t\t\t\t\t\t<\/div>\r\n\t\t\t\t\t\t\t\t<\/div>\r\n\t\t\t\t\t\t\t<\/div>\r\n\t\t\t\t\t\t \r\n\t\t\t\t\t\t\t<\/div>\r\n\t\t\t\t\t\t\t\t\t\t\t\t\t\r\n\t\t\t\t\t\t\t\t\t\t\t\t\t\t\t\t<div class=\"item item-product-cat col-xl-4 col-lg-4 col-md-4 col-6\">\r\n\t\t\t\t\t\t\t\t\t\t\t\t\t<div class=\"item-product-cat-content\">\r\n\t\t\t\t\t\t\t\t\t\t\t\t\t\t\t\t\t<a href=\"https:\/\/isoujewellery.com\/en\/product-category\/kupe\/\">\r\n\t\t\t\t\t\t\t\t\t\t<div class=\"item-image elementor-animation-grow\">\r\n\t\t\t\t\t\t\t\t\t\t\t\t\t\t\t\t\t\t\t\t\t\t\t<img decoding=\"async\" class=\"fade-in lazyload\" src=\"https:\/\/isoujewellery.com\/wp-content\/uploads\/2025\/05\/MenuKategoriKupe-1.jpg\" alt=\"kupe\" \/>\r\n\t\t\t\t\t\t\t\t\t\t\t\t\t\t\t\t\t\t\t\t\t<\/div>\r\n\t\t\t\t\t\t\t\t\t<\/a>\r\n\t\t\t\t\t\t\t\t\t\t\t\t\t\t\t\t\t\t\t\t\t\t\t\r\n\t\t\t\t\t\t\t\t\t\t\t\t\t\t\t\t<div class=\"product-cat-content-info\">\r\n\t\t\t\t\t\t\t\t\t<div class=\"info\">\r\n\t\t\t\t\t\t\t\t\t\t\t\t\t\t\t\t\t\t\t\t\t<h2 class=\"item-name\">\r\n\t\t\t\t\t\t\t\t\t\t\t\t<a href=\"https:\/\/isoujewellery.com\/en\/product-category\/kupe\/\"><span>Earring<\/span><\/a>\r\n\t\t\t\t\t\t\t\t\t\t\t<\/h2>\r\n\t\t\t\t\t\t\t\t\t\t\t\t\t\t\t\t\t\t\t\t\t\t\t\t\t\t\t\t\t<\/div>\r\n\t\t\t\t\t\t\t\t<\/div>\r\n\t\t\t\t\t\t\t<\/div>\r\n\t\t\t\t\t\t \r\n\t\t\t\t\t\t\t<\/div>\r\n\t\t\t\t\t\t\t\t\t\t\t\t\t\r\n\t\t\t\t\t\t\t\t\t\t\t\t\t\t\t\t<div class=\"item item-product-cat col-xl-4 col-lg-4 col-md-4 col-6\">\r\n\t\t\t\t\t\t\t\t\t\t\t\t\t<div class=\"item-product-cat-content\">\r\n\t\t\t\t\t\t\t\t\t\t\t\t\t\t\t\t\t<a href=\"https:\/\/isoujewellery.com\/en\/product-category\/kolye\/\">\r\n\t\t\t\t\t\t\t\t\t\t<div class=\"item-image elementor-animation-grow\">\r\n\t\t\t\t\t\t\t\t\t\t\t\t\t\t\t\t\t\t\t\t\t\t\t<img decoding=\"async\" class=\"fade-in lazyload\" src=\"https:\/\/isoujewellery.com\/wp-content\/uploads\/2025\/05\/MenudekiKategoriKolye-1.jpg\" alt=\"kolye\" \/>\r\n\t\t\t\t\t\t\t\t\t\t\t\t\t\t\t\t\t\t\t\t\t<\/div>\r\n\t\t\t\t\t\t\t\t\t<\/a>\r\n\t\t\t\t\t\t\t\t\t\t\t\t\t\t\t\t\t\t\t\t\t\t\t\r\n\t\t\t\t\t\t\t\t\t\t\t\t\t\t\t\t<div class=\"product-cat-content-info\">\r\n\t\t\t\t\t\t\t\t\t<div class=\"info\">\r\n\t\t\t\t\t\t\t\t\t\t\t\t\t\t\t\t\t\t\t\t\t<h2 class=\"item-name\">\r\n\t\t\t\t\t\t\t\t\t\t\t\t<a href=\"https:\/\/isoujewellery.com\/en\/product-category\/kolye\/\"><span>Necklace<\/span><\/a>\r\n\t\t\t\t\t\t\t\t\t\t\t<\/h2>\r\n\t\t\t\t\t\t\t\t\t\t\t\t\t\t\t\t\t\t\t\t\t\t\t\t\t\t\t\t\t<\/div>\r\n\t\t\t\t\t\t\t\t<\/div>\r\n\t\t\t\t\t\t\t<\/div>\r\n\t\t\t\t\t\t \r\n\t\t\t\t\t\t\t<\/div>\r\n\t\t\t\t\t\t\t\t\t\t\t\t\t\r\n\t\t\t\t\t\t\t\t\t\t\t\t\t\t\t\t<div class=\"item item-product-cat col-xl-4 col-lg-4 col-md-4 col-6\">\r\n\t\t\t\t\t\t\t\t\t\t\t\t\t<div class=\"item-product-cat-content\">\r\n\t\t\t\t\t\t\t\t\t\t\t\t\t\t\t\t\t<a href=\"https:\/\/isoujewellery.com\/en\/product-category\/bileklik\/\">\r\n\t\t\t\t\t\t\t\t\t\t<div class=\"item-image elementor-animation-grow\">\r\n\t\t\t\t\t\t\t\t\t\t\t\t\t\t\t\t\t\t\t\t\t\t\t<img decoding=\"async\" class=\"fade-in lazyload\" src=\"https:\/\/isoujewellery.com\/wp-content\/uploads\/2025\/06\/Bileklik-Gorsel-Kategori.jpg\" alt=\"bileklik\" \/>\r\n\t\t\t\t\t\t\t\t\t\t\t\t\t\t\t\t\t\t\t\t\t<\/div>\r\n\t\t\t\t\t\t\t\t\t<\/a>\r\n\t\t\t\t\t\t\t\t\t\t\t\t\t\t\t\t\t\t\t\t\t\t\t\r\n\t\t\t\t\t\t\t\t\t\t\t\t\t\t\t\t<div class=\"product-cat-content-info\">\r\n\t\t\t\t\t\t\t\t\t<div class=\"info\">\r\n\t\t\t\t\t\t\t\t\t\t\t\t\t\t\t\t\t\t\t\t\t<h2 class=\"item-name\">\r\n\t\t\t\t\t\t\t\t\t\t\t\t<a href=\"https:\/\/isoujewellery.com\/en\/product-category\/bileklik\/\"><span>Bracelet<\/span><\/a>\r\n\t\t\t\t\t\t\t\t\t\t\t<\/h2>\r\n\t\t\t\t\t\t\t\t\t\t\t\t\t\t\t\t\t\t\t\t\t\t\t\t\t\t\t\t\t<\/div>\r\n\t\t\t\t\t\t\t\t<\/div>\r\n\t\t\t\t\t\t\t<\/div>\r\n\t\t\t\t\t\t \r\n\t\t\t\t\t\t\t<\/div>\r\n\t\t\t\t\t\t\t\t\t\t\t\t\t\r\n\t\t\t\t\t<\/div>\r\n\t<\/div>\t\t\t\t<\/div>\n\t\t\t\t<\/div>\n\t\t\t\t\t<\/div>\n\t\t\t\t<\/div>\n\t\t\t\t<\/div>","protected":false},"excerpt":{"rendered":"<p>Rings Earrings Necklaces Bracelets<\/p>","protected":false},"author":1,"featured_media":0,"parent":0,"menu_order":0,"comment_status":"closed","ping_status":"closed","template":"","meta":{"_acf_changed":false,"footnotes":""},"class_list":["post-47502","page","type-page","status-publish","hentry"],"acf":[],"yoast_head":"<!-- This site is optimized with the Yoast SEO plugin v26.8 - https:\/\/yoast.com\/product\/yoast-seo-wordpress\/ -->\n<title>Kategoriler - ISOU<\/title>\n<meta name=\"robots\" content=\"index, follow, max-snippet:-1, max-image-preview:large, max-video-preview:-1\" \/>\n<link rel=\"canonical\" href=\"https:\/\/isoujewellery.com\/en\/kategoriler\/\" \/>\n<meta property=\"og:locale\" content=\"en_US\" \/>\n<meta property=\"og:type\" content=\"article\" \/>\n<meta property=\"og:title\" content=\"Kategoriler - ISOU\" \/>\n<meta property=\"og:description\" content=\"Y\u00fcz\u00fck K\u00fcpe Kolye Bileklik\" \/>\n<meta property=\"og:url\" content=\"https:\/\/isoujewellery.com\/en\/kategoriler\/\" \/>\n<meta property=\"og:site_name\" content=\"ISOU\" \/>\n<meta property=\"article:publisher\" content=\"https:\/\/www.facebook.com\/isoujewellery\/\" \/>\n<meta property=\"article:modified_time\" content=\"2025-05-12T19:43:07+00:00\" \/>\n<meta property=\"og:image\" content=\"http:\/\/isoujewellery.com\/wp-content\/uploads\/2025\/04\/cfd057_a46a77aaca124375b47e8dfa1b1fba45mv2-scaled.jpeg\" \/>\n<meta name=\"twitter:card\" content=\"summary_large_image\" \/>\n<script type=\"application\/ld+json\" class=\"yoast-schema-graph\">{\"@context\":\"https:\/\/schema.org\",\"@graph\":[{\"@type\":\"WebPage\",\"@id\":\"https:\/\/isoujewellery.com\/en\/kategoriler\/\",\"url\":\"https:\/\/isoujewellery.com\/en\/kategoriler\/\",\"name\":\"Kategoriler - ISOU\",\"isPartOf\":{\"@id\":\"https:\/\/isoujewellery.com\/en\/#website\"},\"primaryImageOfPage\":{\"@id\":\"https:\/\/isoujewellery.com\/en\/kategoriler\/#primaryimage\"},\"image\":{\"@id\":\"https:\/\/isoujewellery.com\/en\/kategoriler\/#primaryimage\"},\"thumbnailUrl\":\"http:\/\/isoujewellery.com\/wp-content\/uploads\/2025\/04\/cfd057_a46a77aaca124375b47e8dfa1b1fba45mv2-scaled.jpeg\",\"datePublished\":\"2025-05-11T19:12:33+00:00\",\"dateModified\":\"2025-05-12T19:43:07+00:00\",\"breadcrumb\":{\"@id\":\"https:\/\/isoujewellery.com\/en\/kategoriler\/#breadcrumb\"},\"inLanguage\":\"en-US\",\"potentialAction\":[{\"@type\":\"ReadAction\",\"target\":[\"https:\/\/isoujewellery.com\/en\/kategoriler\/\"]}]},{\"@type\":\"ImageObject\",\"inLanguage\":\"en-US\",\"@id\":\"https:\/\/isoujewellery.com\/en\/kategoriler\/#primaryimage\",\"url\":\"http:\/\/isoujewellery.com\/wp-content\/uploads\/2025\/04\/cfd057_a46a77aaca124375b47e8dfa1b1fba45mv2-scaled.jpeg\",\"contentUrl\":\"http:\/\/isoujewellery.com\/wp-content\/uploads\/2025\/04\/cfd057_a46a77aaca124375b47e8dfa1b1fba45mv2-scaled.jpeg\"},{\"@type\":\"BreadcrumbList\",\"@id\":\"https:\/\/isoujewellery.com\/en\/kategoriler\/#breadcrumb\",\"itemListElement\":[{\"@type\":\"ListItem\",\"position\":1,\"name\":\"Anasayfa\",\"item\":\"https:\/\/isoujewellery.com\/en\/\"},{\"@type\":\"ListItem\",\"position\":2,\"name\":\"Kategoriler\"}]},{\"@type\":\"WebSite\",\"@id\":\"https:\/\/isoujewellery.com\/en\/#website\",\"url\":\"https:\/\/isoujewellery.com\/en\/\",\"name\":\"ISOU\",\"description\":\"ISOU Jewellery | Aysu Korkmazoglu | \u0130stanbul\",\"publisher\":{\"@id\":\"https:\/\/isoujewellery.com\/en\/#organization\"},\"potentialAction\":[{\"@type\":\"SearchAction\",\"target\":{\"@type\":\"EntryPoint\",\"urlTemplate\":\"https:\/\/isoujewellery.com\/en\/?s={search_term_string}\"},\"query-input\":{\"@type\":\"PropertyValueSpecification\",\"valueRequired\":true,\"valueName\":\"search_term_string\"}}],\"inLanguage\":\"en-US\"},{\"@type\":\"Organization\",\"@id\":\"https:\/\/isoujewellery.com\/en\/#organization\",\"name\":\"ISOU Jewellery\",\"url\":\"https:\/\/isoujewellery.com\/en\/\",\"logo\":{\"@type\":\"ImageObject\",\"inLanguage\":\"en-US\",\"@id\":\"https:\/\/isoujewellery.com\/en\/#\/schema\/logo\/image\/\",\"url\":\"https:\/\/isoujewellery.com\/wp-content\/uploads\/2025\/04\/logo-isou-1.png\",\"contentUrl\":\"https:\/\/isoujewellery.com\/wp-content\/uploads\/2025\/04\/logo-isou-1.png\",\"width\":695,\"height\":184,\"caption\":\"ISOU Jewellery\"},\"image\":{\"@id\":\"https:\/\/isoujewellery.com\/en\/#\/schema\/logo\/image\/\"},\"sameAs\":[\"https:\/\/www.facebook.com\/isoujewellery\/\",\"https:\/\/www.instagram.com\/isoujewellery\/\",\"https:\/\/www.linkedin.com\/company\/isoujewellery\/\"]}]}<\/script>\n<!-- \/ Yoast SEO plugin. -->","yoast_head_json":{"title":"Categories - ISOU","robots":{"index":"index","follow":"follow","max-snippet":"max-snippet:-1","max-image-preview":"max-image-preview:large","max-video-preview":"max-video-preview:-1"},"canonical":"https:\/\/isoujewellery.com\/en\/kategoriler\/","og_locale":"en_US","og_type":"article","og_title":"Kategoriler - ISOU","og_description":"Y\u00fcz\u00fck K\u00fcpe Kolye Bileklik","og_url":"https:\/\/isoujewellery.com\/en\/kategoriler\/","og_site_name":"ISOU","article_publisher":"https:\/\/www.facebook.com\/isoujewellery\/","article_modified_time":"2025-05-12T19:43:07+00:00","og_image":[{"url":"http:\/\/isoujewellery.com\/wp-content\/uploads\/2025\/04\/cfd057_a46a77aaca124375b47e8dfa1b1fba45mv2-scaled.jpeg","type":"","width":"","height":""}],"twitter_card":"summary_large_image","schema":{"@context":"https:\/\/schema.org","@graph":[{"@type":"WebPage","@id":"https:\/\/isoujewellery.com\/en\/kategoriler\/","url":"https:\/\/isoujewellery.com\/en\/kategoriler\/","name":"Categories - ISOU","isPartOf":{"@id":"https:\/\/isoujewellery.com\/en\/#website"},"primaryImageOfPage":{"@id":"https:\/\/isoujewellery.com\/en\/kategoriler\/#primaryimage"},"image":{"@id":"https:\/\/isoujewellery.com\/en\/kategoriler\/#primaryimage"},"thumbnailUrl":"http:\/\/isoujewellery.com\/wp-content\/uploads\/2025\/04\/cfd057_a46a77aaca124375b47e8dfa1b1fba45mv2-scaled.jpeg","datePublished":"2025-05-11T19:12:33+00:00","dateModified":"2025-05-12T19:43:07+00:00","breadcrumb":{"@id":"https:\/\/isoujewellery.com\/en\/kategoriler\/#breadcrumb"},"inLanguage":"en-US","potentialAction":[{"@type":"ReadAction","target":["https:\/\/isoujewellery.com\/en\/kategoriler\/"]}]},{"@type":"ImageObject","inLanguage":"en-US","@id":"https:\/\/isoujewellery.com\/en\/kategoriler\/#primaryimage","url":"http:\/\/isoujewellery.com\/wp-content\/uploads\/2025\/04\/cfd057_a46a77aaca124375b47e8dfa1b1fba45mv2-scaled.jpeg","contentUrl":"http:\/\/isoujewellery.com\/wp-content\/uploads\/2025\/04\/cfd057_a46a77aaca124375b47e8dfa1b1fba45mv2-scaled.jpeg"},{"@type":"BreadcrumbList","@id":"https:\/\/isoujewellery.com\/en\/kategoriler\/#breadcrumb","itemListElement":[{"@type":"ListItem","position":1,"name":"Anasayfa","item":"https:\/\/isoujewellery.com\/en\/"},{"@type":"ListItem","position":2,"name":"Kategoriler"}]},{"@type":"WebSite","@id":"https:\/\/isoujewellery.com\/en\/#website","url":"https:\/\/isoujewellery.com\/en\/","name":"ISOU","description":"ISOU Jewellery | Aysu Korkmazoglu | Istanbul","publisher":{"@id":"https:\/\/isoujewellery.com\/en\/#organization"},"potentialAction":[{"@type":"SearchAction","target":{"@type":"EntryPoint","urlTemplate":"https:\/\/isoujewellery.com\/en\/?s={search_term_string}"},"query-input":{"@type":"PropertyValueSpecification","valueRequired":true,"valueName":"search_term_string"}}],"inLanguage":"en-US"},{"@type":"Organization","@id":"https:\/\/isoujewellery.com\/en\/#organization","name":"ISOU Jewelry","url":"https:\/\/isoujewellery.com\/en\/","logo":{"@type":"ImageObject","inLanguage":"en-US","@id":"https:\/\/isoujewellery.com\/en\/#\/schema\/logo\/image\/","url":"https:\/\/isoujewellery.com\/wp-content\/uploads\/2025\/04\/logo-isou-1.png","contentUrl":"https:\/\/isoujewellery.com\/wp-content\/uploads\/2025\/04\/logo-isou-1.png","width":695,"height":184,"caption":"ISOU Jewellery"},"image":{"@id":"https:\/\/isoujewellery.com\/en\/#\/schema\/logo\/image\/"},"sameAs":["https:\/\/www.facebook.com\/isoujewellery\/","https:\/\/www.instagram.com\/isoujewellery\/","https:\/\/www.linkedin.com\/company\/isoujewellery\/"]}]}},"jetpack_sharing_enabled":true,"_links":{"self":[{"href":"https:\/\/isoujewellery.com\/en\/wp-json\/wp\/v2\/pages\/47502","targetHints":{"allow":["GET"]}}],"collection":[{"href":"https:\/\/isoujewellery.com\/en\/wp-json\/wp\/v2\/pages"}],"about":[{"href":"https:\/\/isoujewellery.com\/en\/wp-json\/wp\/v2\/types\/page"}],"author":[{"embeddable":true,"href":"https:\/\/isoujewellery.com\/en\/wp-json\/wp\/v2\/users\/1"}],"replies":[{"embeddable":true,"href":"https:\/\/isoujewellery.com\/en\/wp-json\/wp\/v2\/comments?post=47502"}],"version-history":[{"count":17,"href":"https:\/\/isoujewellery.com\/en\/wp-json\/wp\/v2\/pages\/47502\/revisions"}],"predecessor-version":[{"id":47671,"href":"https:\/\/isoujewellery.com\/en\/wp-json\/wp\/v2\/pages\/47502\/revisions\/47671"}],"wp:attachment":[{"href":"https:\/\/isoujewellery.com\/en\/wp-json\/wp\/v2\/media?parent=47502"}],"curies":[{"name":"wp","href":"https:\/\/api.w.org\/{rel}","templated":true}]}}