{"id":27350,"date":"2021-08-25T08:25:29","date_gmt":"2021-08-25T08:25:29","guid":{"rendered":"http:\/\/localhost\/wordpress\/eldy\/?page_id=27350"},"modified":"2025-08-25T08:46:38","modified_gmt":"2025-08-25T05:46:38","slug":"siparis-ve-teslimat-proseduru","status":"publish","type":"page","link":"https:\/\/isoujewellery.com\/en\/siparis-ve-teslimat-proseduru\/","title":{"rendered":"Order and Delivery Procedure"},"content":{"rendered":"<div data-elementor-type=\"wp-page\" data-elementor-id=\"27350\" class=\"elementor elementor-27350\">\n\t\t\t\t\t\t<section class=\"elementor-section elementor-top-section elementor-element elementor-element-2f1d2f37 elementor-section-boxed elementor-section-height-default elementor-section-height-default\" data-id=\"2f1d2f37\" data-element_type=\"section\" data-e-type=\"section\">\n\t\t\t\t\t\t<div class=\"elementor-container elementor-column-gap-default\">\n\t\t\t\t\t<div class=\"elementor-column elementor-col-100 elementor-top-column elementor-element elementor-element-72fd1b46\" data-id=\"72fd1b46\" data-element_type=\"column\" data-e-type=\"column\">\n\t\t\t<div class=\"elementor-widget-wrap elementor-element-populated\">\n\t\t\t\t\t\t<div class=\"elementor-element elementor-element-6d02a8a5 elementor-widget__width-initial elementor-widget elementor-widget-text-editor\" data-id=\"6d02a8a5\" data-element_type=\"widget\" data-e-type=\"widget\" data-widget_type=\"text-editor.default\">\n\t\t\t\t<div class=\"elementor-widget-container\">\n\t\t\t\t\t\t\t\t\t<h2>Order and Delivery<\/h2>\nWe offer free shipping on all orders over 2,500 TL within Turkey. All orders are insured. After your order is shipped, you will receive an email with tracking details. You can track the status of your order by clicking the link in this email. Your order will be shipped to your address within 15 business days at the latest. In-stock items will ship within 1 to 5 business days. Shipping times for out-of-stock items may vary depending on the production process. If an item you ordered is out of stock, an ISOU JEWELLERY representative will contact you. You will have 2 hours after placing your order to make any changes to your order through the system, including cancellations. If you would like to select a different size, diameter, color, or length, or create a custom order, please contact our Customer Service team at aysu@isoujewellery.com or call us at +90 532 794 18 62 before placing your order.\n<h2>Return &amp; Exchange Procedure<\/h2>\nYou can return or exchange products purchased from ISOU JEWELLERY within 14 days of delivery, unused, in their original packaging, with all protective materials and labels intact. We recommend sending your returned\/exchanged products via registered mail. Products are the customer&#039;s responsibility until received by ISOU JEWELLERY, and the customer is responsible for return\/exchange shipping costs. We are not responsible for any loss during delivery. Once your return is received and inspected, you will receive an email confirming receipt of the product. If your return is approved, the refund will be automatically processed within a certain period of time, based on your credit card or original payment method. Our team will provide detailed information about the process.\n<h2>Cases where returns and exchanges are not accepted:<\/h2>\n<ul>\n \t<li>For personalized orders,<\/li>\n \t<li>If the product is worn, used or has become different from its original condition,<\/li>\n \t<li>For personalized ring orders (as they are produced in personalized measurements),<\/li>\n \t<li>Returns\/exchanges are not accepted for discounted products.<\/li>\n<\/ul>\n<h2>Return \/ Exchange Address<\/h2>\n<b>You can send your return\/exchange products via cargo to the address below:<\/b>\nZekeriyak\u00f6y Neighborhood Arifane Street No: 34\/105 <b>Sariyer \/ Istanbul \u2013 T\u00fcrkiye<\/b>\n\nFor returns made outside of T\u00fcrkiye, please contact us at aysu@isoujewellery.com.\n<h2>Feedback<\/h2>\nIf you would like to leave feedback about your order, you can contact us at aysu@isoujewellery.com or call +90 532 794 18 62.\t\t\t\t\t\t\t\t<\/div>\n\t\t\t\t<\/div>\n\t\t\t\t\t<\/div>\n\t\t<\/div>\n\t\t\t\t\t<\/div>\n\t\t<\/section>\n\t\t\t\t<\/div>","protected":false},"excerpt":{"rendered":"<p>Sipari\u015f ve Teslimat T\u00fcrkiye i\u00e7erisindeki t\u00fcm sipari\u015flerde 2.500 TL ve \u00fczeri i\u00e7in \u00fccretsiz kargo hizmeti sunmaktay\u0131z. T\u00fcm sipari\u015fler sigortalanarak g\u00f6nderilmektedir. Sipari\u015finiz kargoya verildikten sonra, takip detaylar\u0131n\u0131 i\u00e7eren bir e-posta taraf\u0131n\u0131za ula\u015facakt\u0131r. Bu e-posta i\u00e7erisindeki ba\u011flant\u0131ya t\u0131klayarak sipari\u015finizin durumunu takip edebilirsiniz. Sipari\u015finiz, en ge\u00e7 15 i\u015f g\u00fcn\u00fc i\u00e7erisinde adresinize kargolanacakt\u0131r. Stokta olan \u00fcr\u00fcnler 1 ila 5 [&hellip;]<\/p>\n","protected":false},"author":1,"featured_media":0,"parent":0,"menu_order":0,"comment_status":"closed","ping_status":"closed","template":"","meta":{"_acf_changed":false,"footnotes":""},"class_list":["post-27350","page","type-page","status-publish","hentry"],"acf":[],"yoast_head":"<!-- This site is optimized with the Yoast SEO plugin v26.8 - https:\/\/yoast.com\/product\/yoast-seo-wordpress\/ -->\n<title>Sipari\u015f ve Teslimat Prosed\u00fcr\u00fc - ISOU<\/title>\n<meta name=\"robots\" content=\"index, follow, max-snippet:-1, max-image-preview:large, max-video-preview:-1\" \/>\n<link rel=\"canonical\" href=\"http:\/\/isoujewellery.com\/en\/siparis-ve-teslimat-proseduru\/\" \/>\n<meta property=\"og:locale\" content=\"en_US\" \/>\n<meta property=\"og:type\" content=\"article\" \/>\n<meta property=\"og:title\" content=\"Sipari\u015f ve Teslimat Prosed\u00fcr\u00fc - ISOU\" \/>\n<meta property=\"og:description\" content=\"Sipari\u015f ve Teslimat T\u00fcrkiye i\u00e7erisindeki t\u00fcm sipari\u015flerde 2.500 TL ve \u00fczeri i\u00e7in \u00fccretsiz kargo hizmeti sunmaktay\u0131z. T\u00fcm sipari\u015fler sigortalanarak g\u00f6nderilmektedir. Sipari\u015finiz kargoya verildikten sonra, takip detaylar\u0131n\u0131 i\u00e7eren bir e-posta taraf\u0131n\u0131za ula\u015facakt\u0131r. Bu e-posta i\u00e7erisindeki ba\u011flant\u0131ya t\u0131klayarak sipari\u015finizin durumunu takip edebilirsiniz. Sipari\u015finiz, en ge\u00e7 15 i\u015f g\u00fcn\u00fc i\u00e7erisinde adresinize kargolanacakt\u0131r. Stokta olan \u00fcr\u00fcnler 1 ila 5 [&hellip;]\" \/>\n<meta property=\"og:url\" content=\"http:\/\/isoujewellery.com\/en\/siparis-ve-teslimat-proseduru\/\" \/>\n<meta property=\"og:site_name\" content=\"ISOU\" \/>\n<meta property=\"article:publisher\" content=\"https:\/\/www.facebook.com\/isoujewellery\/\" \/>\n<meta property=\"article:modified_time\" content=\"2025-08-25T05:46:38+00:00\" \/>\n<meta name=\"twitter:card\" content=\"summary_large_image\" \/>\n<meta name=\"twitter:label1\" content=\"Est. reading time\" \/>\n\t<meta name=\"twitter:data1\" content=\"2 minutes\" \/>\n<script type=\"application\/ld+json\" class=\"yoast-schema-graph\">{\"@context\":\"https:\/\/schema.org\",\"@graph\":[{\"@type\":\"WebPage\",\"@id\":\"http:\/\/isoujewellery.com\/en\/siparis-ve-teslimat-proseduru\/\",\"url\":\"http:\/\/isoujewellery.com\/en\/siparis-ve-teslimat-proseduru\/\",\"name\":\"Sipari\u015f ve Teslimat Prosed\u00fcr\u00fc - ISOU\",\"isPartOf\":{\"@id\":\"https:\/\/isoujewellery.com\/en\/#website\"},\"datePublished\":\"2021-08-25T08:25:29+00:00\",\"dateModified\":\"2025-08-25T05:46:38+00:00\",\"breadcrumb\":{\"@id\":\"http:\/\/isoujewellery.com\/en\/siparis-ve-teslimat-proseduru\/#breadcrumb\"},\"inLanguage\":\"en-US\",\"potentialAction\":[{\"@type\":\"ReadAction\",\"target\":[\"http:\/\/isoujewellery.com\/en\/siparis-ve-teslimat-proseduru\/\"]}]},{\"@type\":\"BreadcrumbList\",\"@id\":\"http:\/\/isoujewellery.com\/en\/siparis-ve-teslimat-proseduru\/#breadcrumb\",\"itemListElement\":[{\"@type\":\"ListItem\",\"position\":1,\"name\":\"Anasayfa\",\"item\":\"https:\/\/isoujewellery.com\/en\/\"},{\"@type\":\"ListItem\",\"position\":2,\"name\":\"Sipari\u015f ve Teslimat Prosed\u00fcr\u00fc\"}]},{\"@type\":\"WebSite\",\"@id\":\"https:\/\/isoujewellery.com\/en\/#website\",\"url\":\"https:\/\/isoujewellery.com\/en\/\",\"name\":\"ISOU\",\"description\":\"ISOU Jewellery | Aysu Korkmazoglu | \u0130stanbul\",\"publisher\":{\"@id\":\"https:\/\/isoujewellery.com\/en\/#organization\"},\"potentialAction\":[{\"@type\":\"SearchAction\",\"target\":{\"@type\":\"EntryPoint\",\"urlTemplate\":\"https:\/\/isoujewellery.com\/en\/?s={search_term_string}\"},\"query-input\":{\"@type\":\"PropertyValueSpecification\",\"valueRequired\":true,\"valueName\":\"search_term_string\"}}],\"inLanguage\":\"en-US\"},{\"@type\":\"Organization\",\"@id\":\"https:\/\/isoujewellery.com\/en\/#organization\",\"name\":\"ISOU Jewellery\",\"url\":\"https:\/\/isoujewellery.com\/en\/\",\"logo\":{\"@type\":\"ImageObject\",\"inLanguage\":\"en-US\",\"@id\":\"https:\/\/isoujewellery.com\/en\/#\/schema\/logo\/image\/\",\"url\":\"https:\/\/isoujewellery.com\/wp-content\/uploads\/2025\/04\/logo-isou-1.png\",\"contentUrl\":\"https:\/\/isoujewellery.com\/wp-content\/uploads\/2025\/04\/logo-isou-1.png\",\"width\":695,\"height\":184,\"caption\":\"ISOU Jewellery\"},\"image\":{\"@id\":\"https:\/\/isoujewellery.com\/en\/#\/schema\/logo\/image\/\"},\"sameAs\":[\"https:\/\/www.facebook.com\/isoujewellery\/\",\"https:\/\/www.instagram.com\/isoujewellery\/\",\"https:\/\/www.linkedin.com\/company\/isoujewellery\/\"]}]}<\/script>\n<!-- \/ Yoast SEO plugin. -->","yoast_head_json":{"title":"Ordering and Delivery Procedure - ISOU","robots":{"index":"index","follow":"follow","max-snippet":"max-snippet:-1","max-image-preview":"max-image-preview:large","max-video-preview":"max-video-preview:-1"},"canonical":"http:\/\/isoujewellery.com\/en\/siparis-ve-teslimat-proseduru\/","og_locale":"en_US","og_type":"article","og_title":"Sipari\u015f ve Teslimat Prosed\u00fcr\u00fc - ISOU","og_description":"Sipari\u015f ve Teslimat T\u00fcrkiye i\u00e7erisindeki t\u00fcm sipari\u015flerde 2.500 TL ve \u00fczeri i\u00e7in \u00fccretsiz kargo hizmeti sunmaktay\u0131z. T\u00fcm sipari\u015fler sigortalanarak g\u00f6nderilmektedir. Sipari\u015finiz kargoya verildikten sonra, takip detaylar\u0131n\u0131 i\u00e7eren bir e-posta taraf\u0131n\u0131za ula\u015facakt\u0131r. Bu e-posta i\u00e7erisindeki ba\u011flant\u0131ya t\u0131klayarak sipari\u015finizin durumunu takip edebilirsiniz. Sipari\u015finiz, en ge\u00e7 15 i\u015f g\u00fcn\u00fc i\u00e7erisinde adresinize kargolanacakt\u0131r. Stokta olan \u00fcr\u00fcnler 1 ila 5 [&hellip;]","og_url":"http:\/\/isoujewellery.com\/en\/siparis-ve-teslimat-proseduru\/","og_site_name":"ISOU","article_publisher":"https:\/\/www.facebook.com\/isoujewellery\/","article_modified_time":"2025-08-25T05:46:38+00:00","twitter_card":"summary_large_image","twitter_misc":{"Est. reading time":"2 minutes"},"schema":{"@context":"https:\/\/schema.org","@graph":[{"@type":"WebPage","@id":"http:\/\/isoujewellery.com\/en\/siparis-ve-teslimat-proseduru\/","url":"http:\/\/isoujewellery.com\/en\/siparis-ve-teslimat-proseduru\/","name":"Ordering and Delivery Procedure - ISOU","isPartOf":{"@id":"https:\/\/isoujewellery.com\/en\/#website"},"datePublished":"2021-08-25T08:25:29+00:00","dateModified":"2025-08-25T05:46:38+00:00","breadcrumb":{"@id":"http:\/\/isoujewellery.com\/en\/siparis-ve-teslimat-proseduru\/#breadcrumb"},"inLanguage":"en-US","potentialAction":[{"@type":"ReadAction","target":["http:\/\/isoujewellery.com\/en\/siparis-ve-teslimat-proseduru\/"]}]},{"@type":"BreadcrumbList","@id":"http:\/\/isoujewellery.com\/en\/siparis-ve-teslimat-proseduru\/#breadcrumb","itemListElement":[{"@type":"ListItem","position":1,"name":"Anasayfa","item":"https:\/\/isoujewellery.com\/en\/"},{"@type":"ListItem","position":2,"name":"Sipari\u015f ve Teslimat Prosed\u00fcr\u00fc"}]},{"@type":"WebSite","@id":"https:\/\/isoujewellery.com\/en\/#website","url":"https:\/\/isoujewellery.com\/en\/","name":"ISOU","description":"ISOU Jewellery | Aysu Korkmazoglu | Istanbul","publisher":{"@id":"https:\/\/isoujewellery.com\/en\/#organization"},"potentialAction":[{"@type":"SearchAction","target":{"@type":"EntryPoint","urlTemplate":"https:\/\/isoujewellery.com\/en\/?s={search_term_string}"},"query-input":{"@type":"PropertyValueSpecification","valueRequired":true,"valueName":"search_term_string"}}],"inLanguage":"en-US"},{"@type":"Organization","@id":"https:\/\/isoujewellery.com\/en\/#organization","name":"ISOU Jewelry","url":"https:\/\/isoujewellery.com\/en\/","logo":{"@type":"ImageObject","inLanguage":"en-US","@id":"https:\/\/isoujewellery.com\/en\/#\/schema\/logo\/image\/","url":"https:\/\/isoujewellery.com\/wp-content\/uploads\/2025\/04\/logo-isou-1.png","contentUrl":"https:\/\/isoujewellery.com\/wp-content\/uploads\/2025\/04\/logo-isou-1.png","width":695,"height":184,"caption":"ISOU Jewellery"},"image":{"@id":"https:\/\/isoujewellery.com\/en\/#\/schema\/logo\/image\/"},"sameAs":["https:\/\/www.facebook.com\/isoujewellery\/","https:\/\/www.instagram.com\/isoujewellery\/","https:\/\/www.linkedin.com\/company\/isoujewellery\/"]}]}},"jetpack_sharing_enabled":true,"_links":{"self":[{"href":"https:\/\/isoujewellery.com\/en\/wp-json\/wp\/v2\/pages\/27350","targetHints":{"allow":["GET"]}}],"collection":[{"href":"https:\/\/isoujewellery.com\/en\/wp-json\/wp\/v2\/pages"}],"about":[{"href":"https:\/\/isoujewellery.com\/en\/wp-json\/wp\/v2\/types\/page"}],"author":[{"embeddable":true,"href":"https:\/\/isoujewellery.com\/en\/wp-json\/wp\/v2\/users\/1"}],"replies":[{"embeddable":true,"href":"https:\/\/isoujewellery.com\/en\/wp-json\/wp\/v2\/comments?post=27350"}],"version-history":[{"count":17,"href":"https:\/\/isoujewellery.com\/en\/wp-json\/wp\/v2\/pages\/27350\/revisions"}],"predecessor-version":[{"id":48460,"href":"https:\/\/isoujewellery.com\/en\/wp-json\/wp\/v2\/pages\/27350\/revisions\/48460"}],"wp:attachment":[{"href":"https:\/\/isoujewellery.com\/en\/wp-json\/wp\/v2\/media?parent=27350"}],"curies":[{"name":"wp","href":"https:\/\/api.w.org\/{rel}","templated":true}]}}